{"id":10416,"date":"2017-03-19T14:40:00","date_gmt":"2017-03-19T13:40:00","guid":{"rendered":"https:\/\/kamboo-project.ngo\/staging\/?page_id=10416"},"modified":"2023-06-23T09:42:27","modified_gmt":"2023-06-23T07:42:27","slug":"education","status":"publish","type":"page","link":"https:\/\/kamboo-project.ngo\/en\/projects\/education\/","title":{"rendered":"Education"},"content":{"rendered":"\t\t<div data-elementor-type=\"wp-page\" data-elementor-id=\"10416\" class=\"elementor elementor-10416 elementor-6618\" data-elementor-post-type=\"page\">\n\t\t\t\t\t\t<section class=\"elementor-section elementor-top-section elementor-element elementor-element-18a89607 elementor-section-height-min-height elementor-section-boxed elementor-section-height-default elementor-section-items-middle\" data-id=\"18a89607\" data-element_type=\"section\" data-e-type=\"section\" data-settings=\"{&quot;background_background&quot;:&quot;classic&quot;}\">\n\t\t\t\t\t\t<div class=\"elementor-container elementor-column-gap-default\">\n\t\t\t\t\t<div class=\"elementor-column elementor-col-100 elementor-top-column elementor-element elementor-element-4dc4d53d\" data-id=\"4dc4d53d\" data-element_type=\"column\" data-e-type=\"column\">\n\t\t\t<div class=\"elementor-widget-wrap elementor-element-populated\">\n\t\t\t\t\t\t<div class=\"elementor-element elementor-element-79a95b8c elementor-widget elementor-widget-heading\" data-id=\"79a95b8c\" data-element_type=\"widget\" data-e-type=\"widget\" data-widget_type=\"heading.default\">\n\t\t\t\t<div class=\"elementor-widget-container\">\n\t\t\t\t\t<h2 class=\"elementor-heading-title elementor-size-xl\">Education<\/h2>\t\t\t\t<\/div>\n\t\t\t\t<\/div>\n\t\t\t\t\t<\/div>\n\t\t<\/div>\n\t\t\t\t\t<\/div>\n\t\t<\/section>\n\t\t\t\t<section class=\"elementor-section elementor-top-section elementor-element elementor-element-26762910 elementor-section-boxed elementor-section-height-default elementor-section-height-default\" data-id=\"26762910\" data-element_type=\"section\" data-e-type=\"section\">\n\t\t\t\t\t\t<div class=\"elementor-container elementor-column-gap-default\">\n\t\t\t\t\t<div class=\"elementor-column elementor-col-100 elementor-top-column elementor-element elementor-element-309e04ed\" data-id=\"309e04ed\" data-element_type=\"column\" data-e-type=\"column\">\n\t\t\t<div class=\"elementor-widget-wrap elementor-element-populated\">\n\t\t\t\t\t\t<div class=\"elementor-element elementor-element-162e46a8 elementor-grid-4 pp-posts-thumbnail-ratio elementor-grid-tablet-2 elementor-grid-mobile-1 elementor-widget elementor-widget-pp-posts\" data-id=\"162e46a8\" data-element_type=\"widget\" data-e-type=\"widget\" data-widget_type=\"pp-posts.classic\">\n\t\t\t\t<div class=\"elementor-widget-container\">\n\t\t\t\t\t\t\t<div class=\"pp-posts-container\">\n\t\t\t\n\t\t\t\t\t\t\t\t\t\t\n\t\t\t<div class=\"pp-posts pp-posts-skin-classic elementor-grid pp-posts-grid\" data-query-type=\"custom\" data-layout=\"grid\" data-page=\"10416\" data-skin=\"classic\">\n\t\t\t\t\t\t\t\t\t\t\t<div class=\"pp-post-wrap pp-grid-item-wrap elementor-grid-item post-19217 koehn_project type-koehn_project status-publish has-post-thumbnail hentry category-education-en\">\n\t\t\t\t\t\t<div class=\"pp-post pp-grid-item\">\n\t\t\t\t\t\t<div class=\"pp-post-thumbnail\">\n\t\t\t<a class=\"pp-post-thumbnail-wrap\" href=\"https:\/\/kamboo-project.ngo\/en\/project\/bicycles-for-learners-a-solid-start-to-2026\/\" title=\"Bicycles for Learners &#8211; a solid start to 2026\">\n\t\t\t\t<img fetchpriority=\"high\" decoding=\"async\" width=\"800\" height=\"533\" src=\"https:\/\/kamboo-project.ngo\/wp-content\/uploads\/2026\/03\/photo_2026-02-06_09-30-19-1024x682.jpg\" class=\"attachment-large size-large wp-image-19225\" alt=\"\" srcset=\"https:\/\/kamboo-project.ngo\/wp-content\/uploads\/2026\/03\/photo_2026-02-06_09-30-19-1024x682.jpg 1024w, https:\/\/kamboo-project.ngo\/wp-content\/uploads\/2026\/03\/photo_2026-02-06_09-30-19-300x200.jpg 300w, https:\/\/kamboo-project.ngo\/wp-content\/uploads\/2026\/03\/photo_2026-02-06_09-30-19-768x512.jpg 768w, https:\/\/kamboo-project.ngo\/wp-content\/uploads\/2026\/03\/photo_2026-02-06_09-30-19.jpg 1280w\" sizes=\"(max-width: 800px) 100vw, 800px\" \/>\t\t\t<\/a>\n\t\t<\/div>\n\t\t\n\t\t\t\t\n\t\t\t\t<div class=\"pp-post-content-wrap\">\n\t\t\t\t\t<div class=\"pp-post-content\">\n\t\t\t\t\t\t\t\t\t\t\t\t<h2 class=\"pp-post-title\">\n\t\t\t\t<a href=\"https:\/\/kamboo-project.ngo\/en\/project\/bicycles-for-learners-a-solid-start-to-2026\/\">Bicycles for Learners &#8211; a solid start to 2026<\/a>\t\t\t<\/h2>\n\t\t\t\t\t\t\t\t<\/div>\n\t\t\t\t\t\t\t\t\t<\/div>\n\n\t\t\t\t\t\t\t<\/div>\n\t\t\t\t\t<\/div>\n\t\t\t\t<div class=\"pp-post-wrap pp-grid-item-wrap elementor-grid-item post-19238 koehn_project type-koehn_project status-publish has-post-thumbnail hentry category-education-en\">\n\t\t\t\t\t\t<div class=\"pp-post pp-grid-item\">\n\t\t\t\t\t\t<div class=\"pp-post-thumbnail\">\n\t\t\t<a class=\"pp-post-thumbnail-wrap\" href=\"https:\/\/kamboo-project.ngo\/en\/project\/a-safe-and-joyful-playground-for-every-student-at-ta-ei-primary-school\/\" title=\"A Safe and Joyful Playground for Every Student at Ta Ei Primary School\">\n\t\t\t\t<img decoding=\"async\" width=\"800\" height=\"534\" src=\"https:\/\/kamboo-project.ngo\/wp-content\/uploads\/2026\/03\/DSC00717-1024x683.jpg\" class=\"attachment-large size-large wp-image-19248\" alt=\"\" srcset=\"https:\/\/kamboo-project.ngo\/wp-content\/uploads\/2026\/03\/DSC00717-1024x683.jpg 1024w, https:\/\/kamboo-project.ngo\/wp-content\/uploads\/2026\/03\/DSC00717-300x200.jpg 300w, https:\/\/kamboo-project.ngo\/wp-content\/uploads\/2026\/03\/DSC00717-768x512.jpg 768w, https:\/\/kamboo-project.ngo\/wp-content\/uploads\/2026\/03\/DSC00717-1536x1024.jpg 1536w, https:\/\/kamboo-project.ngo\/wp-content\/uploads\/2026\/03\/DSC00717.JPG 2048w\" sizes=\"(max-width: 800px) 100vw, 800px\" \/>\t\t\t<\/a>\n\t\t<\/div>\n\t\t\n\t\t\t\t\n\t\t\t\t<div class=\"pp-post-content-wrap\">\n\t\t\t\t\t<div class=\"pp-post-content\">\n\t\t\t\t\t\t\t\t\t\t\t\t<h2 class=\"pp-post-title\">\n\t\t\t\t<a href=\"https:\/\/kamboo-project.ngo\/en\/project\/a-safe-and-joyful-playground-for-every-student-at-ta-ei-primary-school\/\">A Safe and Joyful Playground for Every Student at Ta Ei Primary School<\/a>\t\t\t<\/h2>\n\t\t\t\t\t\t\t\t<\/div>\n\t\t\t\t\t\t\t\t\t<\/div>\n\n\t\t\t\t\t\t\t<\/div>\n\t\t\t\t\t<\/div>\n\t\t\t\t<div class=\"pp-post-wrap pp-grid-item-wrap elementor-grid-item post-18796 koehn_project type-koehn_project status-publish has-post-thumbnail hentry category-education-en\">\n\t\t\t\t\t\t<div class=\"pp-post pp-grid-item\">\n\t\t\t\t\t\t<div class=\"pp-post-thumbnail\">\n\t\t\t<a class=\"pp-post-thumbnail-wrap\" href=\"https:\/\/kamboo-project.ngo\/en\/project\/single-parent-students-excel-through-our-2025-scholarship-program\/\" title=\"Single Parent Students excel through our 2025 Scholarship Program\">\n\t\t\t\t<img decoding=\"async\" width=\"800\" height=\"600\" src=\"https:\/\/kamboo-project.ngo\/wp-content\/uploads\/2025\/10\/photo_2025-09-18_11-24-53-1024x768.jpg\" class=\"attachment-large size-large wp-image-18812\" alt=\"\" srcset=\"https:\/\/kamboo-project.ngo\/wp-content\/uploads\/2025\/10\/photo_2025-09-18_11-24-53-1024x768.jpg 1024w, https:\/\/kamboo-project.ngo\/wp-content\/uploads\/2025\/10\/photo_2025-09-18_11-24-53-300x225.jpg 300w, https:\/\/kamboo-project.ngo\/wp-content\/uploads\/2025\/10\/photo_2025-09-18_11-24-53-768x576.jpg 768w, https:\/\/kamboo-project.ngo\/wp-content\/uploads\/2025\/10\/photo_2025-09-18_11-24-53.jpg 1280w\" sizes=\"(max-width: 800px) 100vw, 800px\" \/>\t\t\t<\/a>\n\t\t<\/div>\n\t\t\n\t\t\t\t\n\t\t\t\t<div class=\"pp-post-content-wrap\">\n\t\t\t\t\t<div class=\"pp-post-content\">\n\t\t\t\t\t\t\t\t\t\t\t\t<h2 class=\"pp-post-title\">\n\t\t\t\t<a href=\"https:\/\/kamboo-project.ngo\/en\/project\/single-parent-students-excel-through-our-2025-scholarship-program\/\">Single Parent Students excel through our 2025 Scholarship Program<\/a>\t\t\t<\/h2>\n\t\t\t\t\t\t\t\t<\/div>\n\t\t\t\t\t\t\t\t\t<\/div>\n\n\t\t\t\t\t\t\t<\/div>\n\t\t\t\t\t<\/div>\n\t\t\t\t<div class=\"pp-post-wrap pp-grid-item-wrap elementor-grid-item post-18640 koehn_project type-koehn_project status-publish has-post-thumbnail hentry category-education-en\">\n\t\t\t\t\t\t<div class=\"pp-post pp-grid-item\">\n\t\t\t\t\t\t<div class=\"pp-post-thumbnail\">\n\t\t\t<a class=\"pp-post-thumbnail-wrap\" href=\"https:\/\/kamboo-project.ngo\/en\/project\/library-project-seven-upgrades-completed\/\" title=\"Library Project: Seven Upgrades Completed\">\n\t\t\t\t<img loading=\"lazy\" decoding=\"async\" width=\"800\" height=\"600\" src=\"https:\/\/kamboo-project.ngo\/wp-content\/uploads\/2025\/08\/photo_2025-08-13_13-28-59-1024x768.jpg\" class=\"attachment-large size-large wp-image-18481\" alt=\"\" srcset=\"https:\/\/kamboo-project.ngo\/wp-content\/uploads\/2025\/08\/photo_2025-08-13_13-28-59-1024x768.jpg 1024w, https:\/\/kamboo-project.ngo\/wp-content\/uploads\/2025\/08\/photo_2025-08-13_13-28-59-300x225.jpg 300w, https:\/\/kamboo-project.ngo\/wp-content\/uploads\/2025\/08\/photo_2025-08-13_13-28-59-768x576.jpg 768w, https:\/\/kamboo-project.ngo\/wp-content\/uploads\/2025\/08\/photo_2025-08-13_13-28-59.jpg 1280w\" sizes=\"(max-width: 800px) 100vw, 800px\" \/>\t\t\t<\/a>\n\t\t<\/div>\n\t\t\n\t\t\t\t\n\t\t\t\t<div class=\"pp-post-content-wrap\">\n\t\t\t\t\t<div class=\"pp-post-content\">\n\t\t\t\t\t\t\t\t\t\t\t\t<h2 class=\"pp-post-title\">\n\t\t\t\t<a href=\"https:\/\/kamboo-project.ngo\/en\/project\/library-project-seven-upgrades-completed\/\">Library Project: Seven Upgrades Completed<\/a>\t\t\t<\/h2>\n\t\t\t\t\t\t\t\t<\/div>\n\t\t\t\t\t\t\t\t\t<\/div>\n\n\t\t\t\t\t\t\t<\/div>\n\t\t\t\t\t<\/div>\n\t\t\t\t<div class=\"pp-post-wrap pp-grid-item-wrap elementor-grid-item post-18558 koehn_project type-koehn_project status-publish has-post-thumbnail hentry category-education-en\">\n\t\t\t\t\t\t<div class=\"pp-post pp-grid-item\">\n\t\t\t\t\t\t<div class=\"pp-post-thumbnail\">\n\t\t\t<a class=\"pp-post-thumbnail-wrap\" href=\"https:\/\/kamboo-project.ngo\/en\/project\/from-seeds-to-skills-the-impact-of-school-gardens-2025\/\" title=\"From Seeds to Skills: The Impact of School Gardens 2025\">\n\t\t\t\t<img loading=\"lazy\" decoding=\"async\" width=\"800\" height=\"600\" src=\"https:\/\/kamboo-project.ngo\/wp-content\/uploads\/2025\/09\/photo_77107-03-2025_10-53-17-1024x768.jpg\" class=\"attachment-large size-large wp-image-18625\" alt=\"\" srcset=\"https:\/\/kamboo-project.ngo\/wp-content\/uploads\/2025\/09\/photo_77107-03-2025_10-53-17-1024x768.jpg 1024w, https:\/\/kamboo-project.ngo\/wp-content\/uploads\/2025\/09\/photo_77107-03-2025_10-53-17-300x225.jpg 300w, https:\/\/kamboo-project.ngo\/wp-content\/uploads\/2025\/09\/photo_77107-03-2025_10-53-17-768x576.jpg 768w, https:\/\/kamboo-project.ngo\/wp-content\/uploads\/2025\/09\/photo_77107-03-2025_10-53-17.jpg 1280w\" sizes=\"(max-width: 800px) 100vw, 800px\" \/>\t\t\t<\/a>\n\t\t<\/div>\n\t\t\n\t\t\t\t\n\t\t\t\t<div class=\"pp-post-content-wrap\">\n\t\t\t\t\t<div class=\"pp-post-content\">\n\t\t\t\t\t\t\t\t\t\t\t\t<h2 class=\"pp-post-title\">\n\t\t\t\t<a href=\"https:\/\/kamboo-project.ngo\/en\/project\/from-seeds-to-skills-the-impact-of-school-gardens-2025\/\">From Seeds to Skills: The Impact of School Gardens 2025<\/a>\t\t\t<\/h2>\n\t\t\t\t\t\t\t\t<\/div>\n\t\t\t\t\t\t\t\t\t<\/div>\n\n\t\t\t\t\t\t\t<\/div>\n\t\t\t\t\t<\/div>\n\t\t\t\t<div class=\"pp-post-wrap pp-grid-item-wrap elementor-grid-item post-18486 koehn_project type-koehn_project status-publish has-post-thumbnail hentry category-education-en\">\n\t\t\t\t\t\t<div class=\"pp-post pp-grid-item\">\n\t\t\t\t\t\t<div class=\"pp-post-thumbnail\">\n\t\t\t<a class=\"pp-post-thumbnail-wrap\" href=\"https:\/\/kamboo-project.ngo\/en\/project\/progress-report-early-marriage-prevention-project\/\" title=\"Progress Report: Early Marriage Prevention Project\">\n\t\t\t\t<img loading=\"lazy\" decoding=\"async\" width=\"800\" height=\"534\" src=\"https:\/\/kamboo-project.ngo\/wp-content\/uploads\/2025\/09\/photo_10_2025-07-01_15-25-41-1024x684.jpg\" class=\"attachment-large size-large wp-image-18505\" alt=\"\" srcset=\"https:\/\/kamboo-project.ngo\/wp-content\/uploads\/2025\/09\/photo_10_2025-07-01_15-25-41-1024x684.jpg 1024w, https:\/\/kamboo-project.ngo\/wp-content\/uploads\/2025\/09\/photo_10_2025-07-01_15-25-41-300x200.jpg 300w, https:\/\/kamboo-project.ngo\/wp-content\/uploads\/2025\/09\/photo_10_2025-07-01_15-25-41-768x513.jpg 768w, https:\/\/kamboo-project.ngo\/wp-content\/uploads\/2025\/09\/photo_10_2025-07-01_15-25-41.jpg 1280w\" sizes=\"(max-width: 800px) 100vw, 800px\" \/>\t\t\t<\/a>\n\t\t<\/div>\n\t\t\n\t\t\t\t\n\t\t\t\t<div class=\"pp-post-content-wrap\">\n\t\t\t\t\t<div class=\"pp-post-content\">\n\t\t\t\t\t\t\t\t\t\t\t\t<h2 class=\"pp-post-title\">\n\t\t\t\t<a href=\"https:\/\/kamboo-project.ngo\/en\/project\/progress-report-early-marriage-prevention-project\/\">Progress Report: Early Marriage Prevention Project<\/a>\t\t\t<\/h2>\n\t\t\t\t\t\t\t\t<\/div>\n\t\t\t\t\t\t\t\t\t<\/div>\n\n\t\t\t\t\t\t\t<\/div>\n\t\t\t\t\t<\/div>\n\t\t\t\t<div class=\"pp-post-wrap pp-grid-item-wrap elementor-grid-item post-18355 koehn_project type-koehn_project status-publish has-post-thumbnail hentry category-education-en\">\n\t\t\t\t\t\t<div class=\"pp-post pp-grid-item\">\n\t\t\t\t\t\t<div class=\"pp-post-thumbnail\">\n\t\t\t<a class=\"pp-post-thumbnail-wrap\" href=\"https:\/\/kamboo-project.ngo\/en\/project\/expansion-of-four-school-computer-labs\/\" title=\"Expansion of four school computer labs\">\n\t\t\t\t<img loading=\"lazy\" decoding=\"async\" width=\"800\" height=\"600\" src=\"https:\/\/kamboo-project.ngo\/wp-content\/uploads\/2025\/08\/photo_2024-02-06_13-58-23-1024x768.jpg\" class=\"attachment-large size-large wp-image-18410\" alt=\"\" srcset=\"https:\/\/kamboo-project.ngo\/wp-content\/uploads\/2025\/08\/photo_2024-02-06_13-58-23-1024x768.jpg 1024w, https:\/\/kamboo-project.ngo\/wp-content\/uploads\/2025\/08\/photo_2024-02-06_13-58-23-300x225.jpg 300w, https:\/\/kamboo-project.ngo\/wp-content\/uploads\/2025\/08\/photo_2024-02-06_13-58-23-768x576.jpg 768w, https:\/\/kamboo-project.ngo\/wp-content\/uploads\/2025\/08\/photo_2024-02-06_13-58-23.jpg 1280w\" sizes=\"(max-width: 800px) 100vw, 800px\" \/>\t\t\t<\/a>\n\t\t<\/div>\n\t\t\n\t\t\t\t\n\t\t\t\t<div class=\"pp-post-content-wrap\">\n\t\t\t\t\t<div class=\"pp-post-content\">\n\t\t\t\t\t\t\t\t\t\t\t\t<h2 class=\"pp-post-title\">\n\t\t\t\t<a href=\"https:\/\/kamboo-project.ngo\/en\/project\/expansion-of-four-school-computer-labs\/\">Expansion of four school computer labs<\/a>\t\t\t<\/h2>\n\t\t\t\t\t\t\t\t<\/div>\n\t\t\t\t\t\t\t\t\t<\/div>\n\n\t\t\t\t\t\t\t<\/div>\n\t\t\t\t\t<\/div>\n\t\t\t\t<div class=\"pp-post-wrap pp-grid-item-wrap elementor-grid-item post-18301 koehn_project type-koehn_project status-publish has-post-thumbnail hentry category-education-en\">\n\t\t\t\t\t\t<div class=\"pp-post pp-grid-item\">\n\t\t\t\t\t\t<div class=\"pp-post-thumbnail\">\n\t\t\t<a class=\"pp-post-thumbnail-wrap\" href=\"https:\/\/kamboo-project.ngo\/en\/project\/2025-bicycle-project\/\" title=\"2025 Bicycle Project\">\n\t\t\t\t<img loading=\"lazy\" decoding=\"async\" width=\"800\" height=\"600\" src=\"https:\/\/kamboo-project.ngo\/wp-content\/uploads\/2025\/08\/photo_2025-06-06_10-05-02-1024x768.jpg\" class=\"attachment-large size-large wp-image-18302\" alt=\"\" srcset=\"https:\/\/kamboo-project.ngo\/wp-content\/uploads\/2025\/08\/photo_2025-06-06_10-05-02-1024x768.jpg 1024w, https:\/\/kamboo-project.ngo\/wp-content\/uploads\/2025\/08\/photo_2025-06-06_10-05-02-300x225.jpg 300w, https:\/\/kamboo-project.ngo\/wp-content\/uploads\/2025\/08\/photo_2025-06-06_10-05-02-768x576.jpg 768w, https:\/\/kamboo-project.ngo\/wp-content\/uploads\/2025\/08\/photo_2025-06-06_10-05-02.jpg 1280w\" sizes=\"(max-width: 800px) 100vw, 800px\" \/>\t\t\t<\/a>\n\t\t<\/div>\n\t\t\n\t\t\t\t\n\t\t\t\t<div class=\"pp-post-content-wrap\">\n\t\t\t\t\t<div class=\"pp-post-content\">\n\t\t\t\t\t\t\t\t\t\t\t\t<h2 class=\"pp-post-title\">\n\t\t\t\t<a href=\"https:\/\/kamboo-project.ngo\/en\/project\/2025-bicycle-project\/\">2025 Bicycle Project<\/a>\t\t\t<\/h2>\n\t\t\t\t\t\t\t\t<\/div>\n\t\t\t\t\t\t\t\t\t<\/div>\n\n\t\t\t\t\t\t\t<\/div>\n\t\t\t\t\t<\/div>\n\t\t\t\t<div class=\"pp-post-wrap pp-grid-item-wrap elementor-grid-item post-18268 koehn_project type-koehn_project status-publish has-post-thumbnail hentry category-education-en\">\n\t\t\t\t\t\t<div class=\"pp-post pp-grid-item\">\n\t\t\t\t\t\t<div class=\"pp-post-thumbnail\">\n\t\t\t<a class=\"pp-post-thumbnail-wrap\" href=\"https:\/\/kamboo-project.ngo\/en\/project\/school-supplies-delivered-to-15-students-%f0%9f%8e%92%e2%9c%a8\/\" title=\"School Supplies Delivered to 15 Students &#x1f392;&#x2728;\">\n\t\t\t\t<img loading=\"lazy\" decoding=\"async\" width=\"800\" height=\"533\" src=\"https:\/\/kamboo-project.ngo\/wp-content\/uploads\/2025\/08\/photo_2025-07-17_14-29-32-1024x682.jpg\" class=\"attachment-large size-large wp-image-18293\" alt=\"\" srcset=\"https:\/\/kamboo-project.ngo\/wp-content\/uploads\/2025\/08\/photo_2025-07-17_14-29-32-1024x682.jpg 1024w, https:\/\/kamboo-project.ngo\/wp-content\/uploads\/2025\/08\/photo_2025-07-17_14-29-32-300x200.jpg 300w, https:\/\/kamboo-project.ngo\/wp-content\/uploads\/2025\/08\/photo_2025-07-17_14-29-32-768x512.jpg 768w, https:\/\/kamboo-project.ngo\/wp-content\/uploads\/2025\/08\/photo_2025-07-17_14-29-32.jpg 1280w\" sizes=\"(max-width: 800px) 100vw, 800px\" \/>\t\t\t<\/a>\n\t\t<\/div>\n\t\t\n\t\t\t\t\n\t\t\t\t<div class=\"pp-post-content-wrap\">\n\t\t\t\t\t<div class=\"pp-post-content\">\n\t\t\t\t\t\t\t\t\t\t\t\t<h2 class=\"pp-post-title\">\n\t\t\t\t<a href=\"https:\/\/kamboo-project.ngo\/en\/project\/school-supplies-delivered-to-15-students-%f0%9f%8e%92%e2%9c%a8\/\">School Supplies Delivered to 15 Students &#x1f392;&#x2728;<\/a>\t\t\t<\/h2>\n\t\t\t\t\t\t\t\t<\/div>\n\t\t\t\t\t\t\t\t\t<\/div>\n\n\t\t\t\t\t\t\t<\/div>\n\t\t\t\t\t<\/div>\n\t\t\t\t<div class=\"pp-post-wrap pp-grid-item-wrap elementor-grid-item post-18179 koehn_project type-koehn_project status-publish has-post-thumbnail hentry category-education-en\">\n\t\t\t\t\t\t<div class=\"pp-post pp-grid-item\">\n\t\t\t\t\t\t<div class=\"pp-post-thumbnail\">\n\t\t\t<a class=\"pp-post-thumbnail-wrap\" href=\"https:\/\/kamboo-project.ngo\/en\/project\/day-for-girls-workshop-empowering-young-girls-through-knowledge-and-care\/\" title=\"Day for Girls Workshop \u2013 Empowering Young Girls Through Knowledge and Care\">\n\t\t\t\t<img loading=\"lazy\" decoding=\"async\" width=\"800\" height=\"600\" src=\"https:\/\/kamboo-project.ngo\/wp-content\/uploads\/2025\/07\/photo_8_2025-06-10_16-47-00-1024x768.jpg\" class=\"attachment-large size-large wp-image-18186\" alt=\"\" srcset=\"https:\/\/kamboo-project.ngo\/wp-content\/uploads\/2025\/07\/photo_8_2025-06-10_16-47-00-1024x768.jpg 1024w, https:\/\/kamboo-project.ngo\/wp-content\/uploads\/2025\/07\/photo_8_2025-06-10_16-47-00-300x225.jpg 300w, https:\/\/kamboo-project.ngo\/wp-content\/uploads\/2025\/07\/photo_8_2025-06-10_16-47-00-768x576.jpg 768w, https:\/\/kamboo-project.ngo\/wp-content\/uploads\/2025\/07\/photo_8_2025-06-10_16-47-00.jpg 1280w\" sizes=\"(max-width: 800px) 100vw, 800px\" \/>\t\t\t<\/a>\n\t\t<\/div>\n\t\t\n\t\t\t\t\n\t\t\t\t<div class=\"pp-post-content-wrap\">\n\t\t\t\t\t<div class=\"pp-post-content\">\n\t\t\t\t\t\t\t\t\t\t\t\t<h2 class=\"pp-post-title\">\n\t\t\t\t<a href=\"https:\/\/kamboo-project.ngo\/en\/project\/day-for-girls-workshop-empowering-young-girls-through-knowledge-and-care\/\">Day for Girls Workshop \u2013 Empowering Young Girls Through Knowledge and Care<\/a>\t\t\t<\/h2>\n\t\t\t\t\t\t\t\t<\/div>\n\t\t\t\t\t\t\t\t\t<\/div>\n\n\t\t\t\t\t\t\t<\/div>\n\t\t\t\t\t<\/div>\n\t\t\t\t<div class=\"pp-post-wrap pp-grid-item-wrap elementor-grid-item post-18056 koehn_project type-koehn_project status-publish has-post-thumbnail hentry category-education-en\">\n\t\t\t\t\t\t<div class=\"pp-post pp-grid-item\">\n\t\t\t\t\t\t<div class=\"pp-post-thumbnail\">\n\t\t\t<a class=\"pp-post-thumbnail-wrap\" href=\"https:\/\/kamboo-project.ngo\/en\/project\/bicycle-distribution-2025-supporting-brighter-education-access\/\" title=\"Bicycle Distribution 2025 \u2013 Supporting Brighter Education Access\">\n\t\t\t\t<img loading=\"lazy\" decoding=\"async\" width=\"800\" height=\"533\" src=\"https:\/\/kamboo-project.ngo\/wp-content\/uploads\/2025\/07\/Bicycle-Project-3-1024x682.jpg\" class=\"attachment-large size-large wp-image-18060\" alt=\"\" srcset=\"https:\/\/kamboo-project.ngo\/wp-content\/uploads\/2025\/07\/Bicycle-Project-3-1024x682.jpg 1024w, https:\/\/kamboo-project.ngo\/wp-content\/uploads\/2025\/07\/Bicycle-Project-3-300x200.jpg 300w, https:\/\/kamboo-project.ngo\/wp-content\/uploads\/2025\/07\/Bicycle-Project-3-768x512.jpg 768w, https:\/\/kamboo-project.ngo\/wp-content\/uploads\/2025\/07\/Bicycle-Project-3.jpg 1280w\" sizes=\"(max-width: 800px) 100vw, 800px\" \/>\t\t\t<\/a>\n\t\t<\/div>\n\t\t\n\t\t\t\t\n\t\t\t\t<div class=\"pp-post-content-wrap\">\n\t\t\t\t\t<div class=\"pp-post-content\">\n\t\t\t\t\t\t\t\t\t\t\t\t<h2 class=\"pp-post-title\">\n\t\t\t\t<a href=\"https:\/\/kamboo-project.ngo\/en\/project\/bicycle-distribution-2025-supporting-brighter-education-access\/\">Bicycle Distribution 2025 \u2013 Supporting Brighter Education Access<\/a>\t\t\t<\/h2>\n\t\t\t\t\t\t\t\t<\/div>\n\t\t\t\t\t\t\t\t\t<\/div>\n\n\t\t\t\t\t\t\t<\/div>\n\t\t\t\t\t<\/div>\n\t\t\t\t<div class=\"pp-post-wrap pp-grid-item-wrap elementor-grid-item post-17332 koehn_project type-koehn_project status-publish has-post-thumbnail hentry category-education-en\">\n\t\t\t\t\t\t<div class=\"pp-post pp-grid-item\">\n\t\t\t\t\t\t<div class=\"pp-post-thumbnail\">\n\t\t\t<a class=\"pp-post-thumbnail-wrap\" href=\"https:\/\/kamboo-project.ngo\/en\/project\/empowering-families-through-the-income-generation-project-2\/\" title=\"Empowering Families through the Income Generation Project\">\n\t\t\t\t<img loading=\"lazy\" decoding=\"async\" width=\"800\" height=\"600\" src=\"https:\/\/kamboo-project.ngo\/wp-content\/uploads\/2024\/12\/photo_2024-07-31_14-08-30-1024x768.jpg\" class=\"attachment-large size-large wp-image-17333\" alt=\"\" srcset=\"https:\/\/kamboo-project.ngo\/wp-content\/uploads\/2024\/12\/photo_2024-07-31_14-08-30-1024x768.jpg 1024w, https:\/\/kamboo-project.ngo\/wp-content\/uploads\/2024\/12\/photo_2024-07-31_14-08-30-300x225.jpg 300w, https:\/\/kamboo-project.ngo\/wp-content\/uploads\/2024\/12\/photo_2024-07-31_14-08-30-768x576.jpg 768w, https:\/\/kamboo-project.ngo\/wp-content\/uploads\/2024\/12\/photo_2024-07-31_14-08-30.jpg 1280w\" sizes=\"(max-width: 800px) 100vw, 800px\" \/>\t\t\t<\/a>\n\t\t<\/div>\n\t\t\n\t\t\t\t\n\t\t\t\t<div class=\"pp-post-content-wrap\">\n\t\t\t\t\t<div class=\"pp-post-content\">\n\t\t\t\t\t\t\t\t\t\t\t\t<h2 class=\"pp-post-title\">\n\t\t\t\t<a href=\"https:\/\/kamboo-project.ngo\/en\/project\/empowering-families-through-the-income-generation-project-2\/\">Empowering Families through the Income Generation Project<\/a>\t\t\t<\/h2>\n\t\t\t\t\t\t\t\t<\/div>\n\t\t\t\t\t\t\t\t\t<\/div>\n\n\t\t\t\t\t\t\t<\/div>\n\t\t\t\t\t<\/div>\n\t\t\t\t\t\t\t\t\t<\/div>\n\t\t\t\n\t\t\t\n\t\t\t\n\t\t\t\n\t\t\t\t\t\t\t\t\t\t\t<div class=\"pp-posts-pagination-wrap pp-posts-pagination-bottom\">\n\t\t\t\t\t\t\t\t<nav class=\"pp-posts-pagination pp-posts-pagination-ajax elementor-pagination\" role=\"navigation\" aria-label=\"Pagination\" data-total=\"5\">\n\t\t\t\t<span aria-current=\"page\" class=\"page-numbers current\">1<\/span>\n<a class=\"page-numbers\" href=\"https:\/\/kamboo-project.ngo\/en\/wp-json\/wp\/v2\/pages\/10416\/page\/2\/\">2<\/a>\n<a class=\"page-numbers\" href=\"https:\/\/kamboo-project.ngo\/en\/wp-json\/wp\/v2\/pages\/10416\/page\/3\/\">3<\/a>\n<span class=\"page-numbers dots\">&hellip;<\/span>\n<a class=\"page-numbers\" href=\"https:\/\/kamboo-project.ngo\/en\/wp-json\/wp\/v2\/pages\/10416\/page\/5\/\">5<\/a>\n<a class=\"next page-numbers\" href=\"https:\/\/kamboo-project.ngo\/en\/wp-json\/wp\/v2\/pages\/10416\/page\/2\/\">Next &raquo;<\/a>\t\t\t<\/nav>\n\t\t\t\t\t\t\t<\/div>\n\t\t\t\t\t\t\t\t\t<\/div>\n\n\t\t\n\t\t\t\t\t\t<\/div>\n\t\t\t\t<\/div>\n\t\t\t\t\t<\/div>\n\t\t<\/div>\n\t\t\t\t\t<\/div>\n\t\t<\/section>\n\t\t\t\t<\/div>\n\t\t","protected":false},"excerpt":{"rendered":"<p>Education Erste Hilfe Raum an Schulen Notfall-Lebensmittelpaket f\u00fcr Vorzeigefamilie Projekt Schulgarten Bibliotheksprojekt Ausbildung am PC Gem\u00fcseanbau zu Hause w\u00e4hrend der Pandemie Notfallbetreuungspaket f\u00fcr 100 Lernende Schulbedarf f\u00fcr 150 Grundsch\u00fcler Fahrradprojekt &#8220; Bells for a Better Life&#8220; Covid 19 Unterst\u00fctzung in Anlong Pi Care Pakete und Hygieneschulung f\u00fcr 30 Sch\u00fclerinnen und Sch\u00fcler Radeln f\u00fcr ein besseres [&hellip;]<\/p>\n","protected":false},"author":1,"featured_media":0,"parent":9266,"menu_order":0,"comment_status":"closed","ping_status":"closed","template":"","meta":{"_acf_changed":false,"footnotes":""},"class_list":["post-10416","page","type-page","status-publish","hentry"],"acf":[],"aioseo_notices":[],"_links":{"self":[{"href":"https:\/\/kamboo-project.ngo\/en\/wp-json\/wp\/v2\/pages\/10416","targetHints":{"allow":["GET"]}}],"collection":[{"href":"https:\/\/kamboo-project.ngo\/en\/wp-json\/wp\/v2\/pages"}],"about":[{"href":"https:\/\/kamboo-project.ngo\/en\/wp-json\/wp\/v2\/types\/page"}],"author":[{"embeddable":true,"href":"https:\/\/kamboo-project.ngo\/en\/wp-json\/wp\/v2\/users\/1"}],"replies":[{"embeddable":true,"href":"https:\/\/kamboo-project.ngo\/en\/wp-json\/wp\/v2\/comments?post=10416"}],"version-history":[{"count":7,"href":"https:\/\/kamboo-project.ngo\/en\/wp-json\/wp\/v2\/pages\/10416\/revisions"}],"predecessor-version":[{"id":11324,"href":"https:\/\/kamboo-project.ngo\/en\/wp-json\/wp\/v2\/pages\/10416\/revisions\/11324"}],"up":[{"embeddable":true,"href":"https:\/\/kamboo-project.ngo\/en\/wp-json\/wp\/v2\/pages\/9266"}],"wp:attachment":[{"href":"https:\/\/kamboo-project.ngo\/en\/wp-json\/wp\/v2\/media?parent=10416"}],"curies":[{"name":"wp","href":"https:\/\/api.w.org\/{rel}","templated":true}]}}