{"id":9266,"date":"2017-02-19T13:02:30","date_gmt":"2017-02-19T12:02:30","guid":{"rendered":"https:\/\/kamboo-project.ngo\/staging\/projects\/"},"modified":"2023-06-25T12:25:51","modified_gmt":"2023-06-25T10:25:51","slug":"projects","status":"publish","type":"page","link":"https:\/\/kamboo-project.ngo\/en\/projects\/","title":{"rendered":"Projects"},"content":{"rendered":"\t\t<div data-elementor-type=\"wp-page\" data-elementor-id=\"9266\" class=\"elementor elementor-9266 elementor-6571\" data-elementor-post-type=\"page\">\n\t\t\t\t\t\t<section class=\"elementor-section elementor-top-section elementor-element elementor-element-eb978d5 elementor-section-height-min-height elementor-section-boxed elementor-section-height-default elementor-section-items-middle\" data-id=\"eb978d5\" data-element_type=\"section\" data-e-type=\"section\" data-settings=\"{&quot;background_background&quot;:&quot;classic&quot;}\">\n\t\t\t\t\t\t<div class=\"elementor-container elementor-column-gap-default\">\n\t\t\t\t\t<div class=\"elementor-column elementor-col-100 elementor-top-column elementor-element elementor-element-450fb95\" data-id=\"450fb95\" data-element_type=\"column\" data-e-type=\"column\">\n\t\t\t<div class=\"elementor-widget-wrap elementor-element-populated\">\n\t\t\t\t\t\t<div class=\"elementor-element elementor-element-ab3a7c3 elementor-widget elementor-widget-heading\" data-id=\"ab3a7c3\" data-element_type=\"widget\" data-e-type=\"widget\" data-widget_type=\"heading.default\">\n\t\t\t\t<div class=\"elementor-widget-container\">\n\t\t\t\t\t<h2 class=\"elementor-heading-title elementor-size-xl\">Projects<\/h2>\t\t\t\t<\/div>\n\t\t\t\t<\/div>\n\t\t\t\t\t<\/div>\n\t\t<\/div>\n\t\t\t\t\t<\/div>\n\t\t<\/section>\n\t\t\t\t<section class=\"elementor-section elementor-top-section elementor-element elementor-element-af31b7d elementor-section-boxed elementor-section-height-default elementor-section-height-default\" data-id=\"af31b7d\" data-element_type=\"section\" data-e-type=\"section\">\n\t\t\t\t\t\t<div class=\"elementor-container elementor-column-gap-default\">\n\t\t\t\t\t<div class=\"elementor-column elementor-col-100 elementor-top-column elementor-element elementor-element-73bcc26\" data-id=\"73bcc26\" data-element_type=\"column\" data-e-type=\"column\">\n\t\t\t<div class=\"elementor-widget-wrap elementor-element-populated\">\n\t\t\t\t\t\t<div class=\"elementor-element elementor-element-c3bc501 elementor-grid-4 pp-posts-thumbnail-ratio elementor-grid-tablet-2 elementor-grid-mobile-1 pp-post-filters-align-left elementor-widget elementor-widget-pp-posts\" data-id=\"c3bc501\" data-element_type=\"widget\" data-e-type=\"widget\" data-widget_type=\"pp-posts.classic\">\n\t\t\t\t<div class=\"elementor-widget-container\">\n\t\t\t\t\t\t\t<div class=\"pp-post-filters-container\">\n\t\t\t\t\t\t<div class=\"pp-post-filters-wrap pp-post-filters-dropdown-no\">\n\t\t\t\t<ul class=\"pp-post-filters \">\n\t\t\t\t\t\t\t\t\t\t\t<li class=\"pp-post-filter pp-filter-current\" data-filter=\"*\" data-taxonomy=\"\">All<\/li>\n\t\t\t\t\t\t\t\t\t\t\t\t\t\t\t\t\t\t\t\t\t\t\t\t\t\t\t\t\t\t<li class=\"pp-post-filter \" data-filter=\".baurenovation\" data-taxonomy=\".category\">Bau &amp; Renovation<\/li>\n\t\t\t\t\t\t\t\t\t\t\t\t\t\t\t\t\t\t\t\t\t\t\t\t\t\t<li class=\"pp-post-filter \" data-filter=\".bildung\" data-taxonomy=\".category\">Bildung<\/li>\n\t\t\t\t\t\t\t\t\t\t\t\t\t\t\t\t\t\t\t\t\t\t\t\t\t\t<li class=\"pp-post-filter \" data-filter=\".wassersanitaer\" data-taxonomy=\".category\">Wasser\/ Sanit\u00e4r<\/li>\n\t\t\t\t\t\t\t\t\t\t\t<\/ul>\n\n\t\t\t\t\t\t\t<\/div>\n\t\t\t\t\t\t\t\t<\/div>\n\t\t\t\t<div class=\"pp-posts-container\">\n\t\t\t\n\t\t\t\t\t\t\t\t\t\t\n\t\t\t<div class=\"pp-posts pp-posts-skin-classic elementor-grid pp-posts-grid\" data-query-type=\"custom\" data-layout=\"grid\" data-page=\"9266\" data-skin=\"classic\">\n\t\t\t\t\t\t\t\t\t\t\t<div class=\"pp-post-wrap pp-grid-item-wrap elementor-grid-item post-19217 koehn_project type-koehn_project status-publish has-post-thumbnail hentry category-education-en\">\n\t\t\t\t\t\t<div class=\"pp-post pp-grid-item\">\n\t\t\t\t\t\t<div class=\"pp-post-thumbnail\">\n\t\t\t<a class=\"pp-post-thumbnail-wrap\" href=\"https:\/\/kamboo-project.ngo\/en\/project\/bicycles-for-learners-a-solid-start-to-2026\/\" title=\"Bicycles for Learners &#8211; a solid start to 2026\">\n\t\t\t\t<img fetchpriority=\"high\" decoding=\"async\" width=\"800\" height=\"533\" src=\"https:\/\/kamboo-project.ngo\/wp-content\/uploads\/2026\/03\/photo_2026-02-06_09-30-19-1024x682.jpg\" class=\"attachment-large size-large wp-image-19225\" alt=\"\" srcset=\"https:\/\/kamboo-project.ngo\/wp-content\/uploads\/2026\/03\/photo_2026-02-06_09-30-19-1024x682.jpg 1024w, https:\/\/kamboo-project.ngo\/wp-content\/uploads\/2026\/03\/photo_2026-02-06_09-30-19-300x200.jpg 300w, https:\/\/kamboo-project.ngo\/wp-content\/uploads\/2026\/03\/photo_2026-02-06_09-30-19-768x512.jpg 768w, https:\/\/kamboo-project.ngo\/wp-content\/uploads\/2026\/03\/photo_2026-02-06_09-30-19.jpg 1280w\" sizes=\"(max-width: 800px) 100vw, 800px\" \/>\t\t\t<\/a>\n\t\t<\/div>\n\t\t\n\t\t\t\t\n\t\t\t\t<div class=\"pp-post-content-wrap\">\n\t\t\t\t\t<div class=\"pp-post-content\">\n\t\t\t\t\t\t\t\t\t\t\t\t<h2 class=\"pp-post-title\">\n\t\t\t\t<a href=\"https:\/\/kamboo-project.ngo\/en\/project\/bicycles-for-learners-a-solid-start-to-2026\/\">Bicycles for Learners &#8211; a solid start to 2026<\/a>\t\t\t<\/h2>\n\t\t\t\t\t\t\t\t<\/div>\n\t\t\t\t\t\t\t\t\t<\/div>\n\n\t\t\t\t\t\t\t<\/div>\n\t\t\t\t\t<\/div>\n\t\t\t\t<div class=\"pp-post-wrap pp-grid-item-wrap elementor-grid-item post-19227 koehn_project type-koehn_project status-publish has-post-thumbnail hentry category-construction-renovation\">\n\t\t\t\t\t\t<div class=\"pp-post pp-grid-item\">\n\t\t\t\t\t\t<div class=\"pp-post-thumbnail\">\n\t\t\t<a class=\"pp-post-thumbnail-wrap\" href=\"https:\/\/kamboo-project.ngo\/en\/project\/a-safer-place-to-learn-roof-renovation-completed-at-boeung-chum-primary-school\/\" title=\"A Safer Place to Learn: Roof Renovation Completed at Boeung Chum Primary School\">\n\t\t\t\t<img decoding=\"async\" width=\"768\" height=\"1024\" src=\"https:\/\/kamboo-project.ngo\/wp-content\/uploads\/2026\/03\/photo_2026-03-02_15-59-13-768x1024.jpg\" class=\"attachment-large size-large wp-image-19235\" alt=\"\" \/>\t\t\t<\/a>\n\t\t<\/div>\n\t\t\n\t\t\t\t\n\t\t\t\t<div class=\"pp-post-content-wrap\">\n\t\t\t\t\t<div class=\"pp-post-content\">\n\t\t\t\t\t\t\t\t\t\t\t\t<h2 class=\"pp-post-title\">\n\t\t\t\t<a href=\"https:\/\/kamboo-project.ngo\/en\/project\/a-safer-place-to-learn-roof-renovation-completed-at-boeung-chum-primary-school\/\">A Safer Place to Learn: Roof Renovation Completed at Boeung Chum Primary School<\/a>\t\t\t<\/h2>\n\t\t\t\t\t\t\t\t<\/div>\n\t\t\t\t\t\t\t\t\t<\/div>\n\n\t\t\t\t\t\t\t<\/div>\n\t\t\t\t\t<\/div>\n\t\t\t\t<div class=\"pp-post-wrap pp-grid-item-wrap elementor-grid-item post-19238 koehn_project type-koehn_project status-publish has-post-thumbnail hentry category-education-en\">\n\t\t\t\t\t\t<div class=\"pp-post pp-grid-item\">\n\t\t\t\t\t\t<div class=\"pp-post-thumbnail\">\n\t\t\t<a class=\"pp-post-thumbnail-wrap\" href=\"https:\/\/kamboo-project.ngo\/en\/project\/a-safe-and-joyful-playground-for-every-student-at-ta-ei-primary-school\/\" title=\"A Safe and Joyful Playground for Every Student at Ta Ei Primary School\">\n\t\t\t\t<img decoding=\"async\" width=\"800\" height=\"534\" src=\"https:\/\/kamboo-project.ngo\/wp-content\/uploads\/2026\/03\/DSC00717-1024x683.jpg\" class=\"attachment-large size-large wp-image-19248\" alt=\"\" srcset=\"https:\/\/kamboo-project.ngo\/wp-content\/uploads\/2026\/03\/DSC00717-1024x683.jpg 1024w, https:\/\/kamboo-project.ngo\/wp-content\/uploads\/2026\/03\/DSC00717-300x200.jpg 300w, https:\/\/kamboo-project.ngo\/wp-content\/uploads\/2026\/03\/DSC00717-768x512.jpg 768w, https:\/\/kamboo-project.ngo\/wp-content\/uploads\/2026\/03\/DSC00717-1536x1024.jpg 1536w, https:\/\/kamboo-project.ngo\/wp-content\/uploads\/2026\/03\/DSC00717.JPG 2048w\" sizes=\"(max-width: 800px) 100vw, 800px\" \/>\t\t\t<\/a>\n\t\t<\/div>\n\t\t\n\t\t\t\t\n\t\t\t\t<div class=\"pp-post-content-wrap\">\n\t\t\t\t\t<div class=\"pp-post-content\">\n\t\t\t\t\t\t\t\t\t\t\t\t<h2 class=\"pp-post-title\">\n\t\t\t\t<a href=\"https:\/\/kamboo-project.ngo\/en\/project\/a-safe-and-joyful-playground-for-every-student-at-ta-ei-primary-school\/\">A Safe and Joyful Playground for Every Student at Ta Ei Primary School<\/a>\t\t\t<\/h2>\n\t\t\t\t\t\t\t\t<\/div>\n\t\t\t\t\t\t\t\t\t<\/div>\n\n\t\t\t\t\t\t\t<\/div>\n\t\t\t\t\t<\/div>\n\t\t\t\t<div class=\"pp-post-wrap pp-grid-item-wrap elementor-grid-item post-18796 koehn_project type-koehn_project status-publish has-post-thumbnail hentry category-education-en\">\n\t\t\t\t\t\t<div class=\"pp-post pp-grid-item\">\n\t\t\t\t\t\t<div class=\"pp-post-thumbnail\">\n\t\t\t<a class=\"pp-post-thumbnail-wrap\" href=\"https:\/\/kamboo-project.ngo\/en\/project\/single-parent-students-excel-through-our-2025-scholarship-program\/\" title=\"Single Parent Students excel through our 2025 Scholarship Program\">\n\t\t\t\t<img loading=\"lazy\" decoding=\"async\" width=\"800\" height=\"600\" src=\"https:\/\/kamboo-project.ngo\/wp-content\/uploads\/2025\/10\/photo_2025-09-18_11-24-53-1024x768.jpg\" class=\"attachment-large size-large wp-image-18812\" alt=\"\" srcset=\"https:\/\/kamboo-project.ngo\/wp-content\/uploads\/2025\/10\/photo_2025-09-18_11-24-53-1024x768.jpg 1024w, https:\/\/kamboo-project.ngo\/wp-content\/uploads\/2025\/10\/photo_2025-09-18_11-24-53-300x225.jpg 300w, https:\/\/kamboo-project.ngo\/wp-content\/uploads\/2025\/10\/photo_2025-09-18_11-24-53-768x576.jpg 768w, https:\/\/kamboo-project.ngo\/wp-content\/uploads\/2025\/10\/photo_2025-09-18_11-24-53.jpg 1280w\" sizes=\"(max-width: 800px) 100vw, 800px\" \/>\t\t\t<\/a>\n\t\t<\/div>\n\t\t\n\t\t\t\t\n\t\t\t\t<div class=\"pp-post-content-wrap\">\n\t\t\t\t\t<div class=\"pp-post-content\">\n\t\t\t\t\t\t\t\t\t\t\t\t<h2 class=\"pp-post-title\">\n\t\t\t\t<a href=\"https:\/\/kamboo-project.ngo\/en\/project\/single-parent-students-excel-through-our-2025-scholarship-program\/\">Single Parent Students excel through our 2025 Scholarship Program<\/a>\t\t\t<\/h2>\n\t\t\t\t\t\t\t\t<\/div>\n\t\t\t\t\t\t\t\t\t<\/div>\n\n\t\t\t\t\t\t\t<\/div>\n\t\t\t\t\t<\/div>\n\t\t\t\t<div class=\"pp-post-wrap pp-grid-item-wrap elementor-grid-item post-18677 koehn_project type-koehn_project status-publish has-post-thumbnail hentry category-water-sanitation\">\n\t\t\t\t\t\t<div class=\"pp-post pp-grid-item\">\n\t\t\t\t\t\t<div class=\"pp-post-thumbnail\">\n\t\t\t<a class=\"pp-post-thumbnail-wrap\" href=\"https:\/\/kamboo-project.ngo\/en\/project\/%f0%9f%92%a7-clean-water-systems-for-arranh-rangsey-and-wat-roka-schools\/\" title=\"&#x1f4a7; Clean Water Systems for Arranh Rangsey and Wat Roka Schools\">\n\t\t\t\t<img loading=\"lazy\" decoding=\"async\" width=\"683\" height=\"1024\" src=\"https:\/\/kamboo-project.ngo\/wp-content\/uploads\/2024\/11\/7d021d6d-3e64-4c5d-ab5f-bf1254da3ed1-683x1024.jpg\" class=\"attachment-large size-large wp-image-15268\" alt=\"\" srcset=\"https:\/\/kamboo-project.ngo\/wp-content\/uploads\/2024\/11\/7d021d6d-3e64-4c5d-ab5f-bf1254da3ed1-683x1024.jpg 683w, https:\/\/kamboo-project.ngo\/wp-content\/uploads\/2024\/11\/7d021d6d-3e64-4c5d-ab5f-bf1254da3ed1-200x300.jpg 200w, https:\/\/kamboo-project.ngo\/wp-content\/uploads\/2024\/11\/7d021d6d-3e64-4c5d-ab5f-bf1254da3ed1-768x1152.jpg 768w, https:\/\/kamboo-project.ngo\/wp-content\/uploads\/2024\/11\/7d021d6d-3e64-4c5d-ab5f-bf1254da3ed1-1024x1536.jpg 1024w, https:\/\/kamboo-project.ngo\/wp-content\/uploads\/2024\/11\/7d021d6d-3e64-4c5d-ab5f-bf1254da3ed1.JPG 1067w\" sizes=\"(max-width: 683px) 100vw, 683px\" \/>\t\t\t<\/a>\n\t\t<\/div>\n\t\t\n\t\t\t\t\n\t\t\t\t<div class=\"pp-post-content-wrap\">\n\t\t\t\t\t<div class=\"pp-post-content\">\n\t\t\t\t\t\t\t\t\t\t\t\t<h2 class=\"pp-post-title\">\n\t\t\t\t<a href=\"https:\/\/kamboo-project.ngo\/en\/project\/%f0%9f%92%a7-clean-water-systems-for-arranh-rangsey-and-wat-roka-schools\/\">&#x1f4a7; Clean Water Systems for Arranh Rangsey and Wat Roka Schools<\/a>\t\t\t<\/h2>\n\t\t\t\t\t\t\t\t<\/div>\n\t\t\t\t\t\t\t\t\t<\/div>\n\n\t\t\t\t\t\t\t<\/div>\n\t\t\t\t\t<\/div>\n\t\t\t\t<div class=\"pp-post-wrap pp-grid-item-wrap elementor-grid-item post-18640 koehn_project type-koehn_project status-publish has-post-thumbnail hentry category-bildung\">\n\t\t\t\t\t\t<div class=\"pp-post pp-grid-item\">\n\t\t\t\t\t\t<div class=\"pp-post-thumbnail\">\n\t\t\t<a class=\"pp-post-thumbnail-wrap\" href=\"https:\/\/kamboo-project.ngo\/en\/project\/library-project-seven-upgrades-completed\/\" title=\"Library Project: Seven Upgrades Completed\">\n\t\t\t\t<img loading=\"lazy\" decoding=\"async\" width=\"800\" height=\"600\" src=\"https:\/\/kamboo-project.ngo\/wp-content\/uploads\/2025\/08\/photo_2025-08-13_13-28-59-1024x768.jpg\" class=\"attachment-large size-large wp-image-18481\" alt=\"\" srcset=\"https:\/\/kamboo-project.ngo\/wp-content\/uploads\/2025\/08\/photo_2025-08-13_13-28-59-1024x768.jpg 1024w, https:\/\/kamboo-project.ngo\/wp-content\/uploads\/2025\/08\/photo_2025-08-13_13-28-59-300x225.jpg 300w, https:\/\/kamboo-project.ngo\/wp-content\/uploads\/2025\/08\/photo_2025-08-13_13-28-59-768x576.jpg 768w, https:\/\/kamboo-project.ngo\/wp-content\/uploads\/2025\/08\/photo_2025-08-13_13-28-59.jpg 1280w\" sizes=\"(max-width: 800px) 100vw, 800px\" \/>\t\t\t<\/a>\n\t\t<\/div>\n\t\t\n\t\t\t\t\n\t\t\t\t<div class=\"pp-post-content-wrap\">\n\t\t\t\t\t<div class=\"pp-post-content\">\n\t\t\t\t\t\t\t\t\t\t\t\t<h2 class=\"pp-post-title\">\n\t\t\t\t<a href=\"https:\/\/kamboo-project.ngo\/en\/project\/library-project-seven-upgrades-completed\/\">Library Project: Seven Upgrades Completed<\/a>\t\t\t<\/h2>\n\t\t\t\t\t\t\t\t<\/div>\n\t\t\t\t\t\t\t\t\t<\/div>\n\n\t\t\t\t\t\t\t<\/div>\n\t\t\t\t\t<\/div>\n\t\t\t\t<div class=\"pp-post-wrap pp-grid-item-wrap elementor-grid-item post-18558 koehn_project type-koehn_project status-publish has-post-thumbnail hentry category-education-en\">\n\t\t\t\t\t\t<div class=\"pp-post pp-grid-item\">\n\t\t\t\t\t\t<div class=\"pp-post-thumbnail\">\n\t\t\t<a class=\"pp-post-thumbnail-wrap\" href=\"https:\/\/kamboo-project.ngo\/en\/project\/from-seeds-to-skills-the-impact-of-school-gardens-2025\/\" title=\"From Seeds to Skills: The Impact of School Gardens 2025\">\n\t\t\t\t<img loading=\"lazy\" decoding=\"async\" width=\"800\" height=\"600\" src=\"https:\/\/kamboo-project.ngo\/wp-content\/uploads\/2025\/09\/photo_77107-03-2025_10-53-17-1024x768.jpg\" class=\"attachment-large size-large wp-image-18625\" alt=\"\" srcset=\"https:\/\/kamboo-project.ngo\/wp-content\/uploads\/2025\/09\/photo_77107-03-2025_10-53-17-1024x768.jpg 1024w, https:\/\/kamboo-project.ngo\/wp-content\/uploads\/2025\/09\/photo_77107-03-2025_10-53-17-300x225.jpg 300w, https:\/\/kamboo-project.ngo\/wp-content\/uploads\/2025\/09\/photo_77107-03-2025_10-53-17-768x576.jpg 768w, https:\/\/kamboo-project.ngo\/wp-content\/uploads\/2025\/09\/photo_77107-03-2025_10-53-17.jpg 1280w\" sizes=\"(max-width: 800px) 100vw, 800px\" \/>\t\t\t<\/a>\n\t\t<\/div>\n\t\t\n\t\t\t\t\n\t\t\t\t<div class=\"pp-post-content-wrap\">\n\t\t\t\t\t<div class=\"pp-post-content\">\n\t\t\t\t\t\t\t\t\t\t\t\t<h2 class=\"pp-post-title\">\n\t\t\t\t<a href=\"https:\/\/kamboo-project.ngo\/en\/project\/from-seeds-to-skills-the-impact-of-school-gardens-2025\/\">From Seeds to Skills: The Impact of School Gardens 2025<\/a>\t\t\t<\/h2>\n\t\t\t\t\t\t\t\t<\/div>\n\t\t\t\t\t\t\t\t\t<\/div>\n\n\t\t\t\t\t\t\t<\/div>\n\t\t\t\t\t<\/div>\n\t\t\t\t<div class=\"pp-post-wrap pp-grid-item-wrap elementor-grid-item post-18486 koehn_project type-koehn_project status-publish has-post-thumbnail hentry category-bildung\">\n\t\t\t\t\t\t<div class=\"pp-post pp-grid-item\">\n\t\t\t\t\t\t<div class=\"pp-post-thumbnail\">\n\t\t\t<a class=\"pp-post-thumbnail-wrap\" href=\"https:\/\/kamboo-project.ngo\/en\/project\/progress-report-early-marriage-prevention-project\/\" title=\"Progress Report: Early Marriage Prevention Project\">\n\t\t\t\t<img loading=\"lazy\" decoding=\"async\" width=\"800\" height=\"534\" src=\"https:\/\/kamboo-project.ngo\/wp-content\/uploads\/2025\/09\/photo_10_2025-07-01_15-25-41-1024x684.jpg\" class=\"attachment-large size-large wp-image-18505\" alt=\"\" srcset=\"https:\/\/kamboo-project.ngo\/wp-content\/uploads\/2025\/09\/photo_10_2025-07-01_15-25-41-1024x684.jpg 1024w, https:\/\/kamboo-project.ngo\/wp-content\/uploads\/2025\/09\/photo_10_2025-07-01_15-25-41-300x200.jpg 300w, https:\/\/kamboo-project.ngo\/wp-content\/uploads\/2025\/09\/photo_10_2025-07-01_15-25-41-768x513.jpg 768w, https:\/\/kamboo-project.ngo\/wp-content\/uploads\/2025\/09\/photo_10_2025-07-01_15-25-41.jpg 1280w\" sizes=\"(max-width: 800px) 100vw, 800px\" \/>\t\t\t<\/a>\n\t\t<\/div>\n\t\t\n\t\t\t\t\n\t\t\t\t<div class=\"pp-post-content-wrap\">\n\t\t\t\t\t<div class=\"pp-post-content\">\n\t\t\t\t\t\t\t\t\t\t\t\t<h2 class=\"pp-post-title\">\n\t\t\t\t<a href=\"https:\/\/kamboo-project.ngo\/en\/project\/progress-report-early-marriage-prevention-project\/\">Progress Report: Early Marriage Prevention Project<\/a>\t\t\t<\/h2>\n\t\t\t\t\t\t\t\t<\/div>\n\t\t\t\t\t\t\t\t\t<\/div>\n\n\t\t\t\t\t\t\t<\/div>\n\t\t\t\t\t<\/div>\n\t\t\t\t<div class=\"pp-post-wrap pp-grid-item-wrap elementor-grid-item post-18355 koehn_project type-koehn_project status-publish has-post-thumbnail hentry category-education-en\">\n\t\t\t\t\t\t<div class=\"pp-post pp-grid-item\">\n\t\t\t\t\t\t<div class=\"pp-post-thumbnail\">\n\t\t\t<a class=\"pp-post-thumbnail-wrap\" href=\"https:\/\/kamboo-project.ngo\/en\/project\/expansion-of-four-school-computer-labs\/\" title=\"Expansion of four school computer labs\">\n\t\t\t\t<img loading=\"lazy\" decoding=\"async\" width=\"800\" height=\"600\" src=\"https:\/\/kamboo-project.ngo\/wp-content\/uploads\/2025\/08\/photo_2024-02-06_13-58-23-1024x768.jpg\" class=\"attachment-large size-large wp-image-18410\" alt=\"\" srcset=\"https:\/\/kamboo-project.ngo\/wp-content\/uploads\/2025\/08\/photo_2024-02-06_13-58-23-1024x768.jpg 1024w, https:\/\/kamboo-project.ngo\/wp-content\/uploads\/2025\/08\/photo_2024-02-06_13-58-23-300x225.jpg 300w, https:\/\/kamboo-project.ngo\/wp-content\/uploads\/2025\/08\/photo_2024-02-06_13-58-23-768x576.jpg 768w, https:\/\/kamboo-project.ngo\/wp-content\/uploads\/2025\/08\/photo_2024-02-06_13-58-23.jpg 1280w\" sizes=\"(max-width: 800px) 100vw, 800px\" \/>\t\t\t<\/a>\n\t\t<\/div>\n\t\t\n\t\t\t\t\n\t\t\t\t<div class=\"pp-post-content-wrap\">\n\t\t\t\t\t<div class=\"pp-post-content\">\n\t\t\t\t\t\t\t\t\t\t\t\t<h2 class=\"pp-post-title\">\n\t\t\t\t<a href=\"https:\/\/kamboo-project.ngo\/en\/project\/expansion-of-four-school-computer-labs\/\">Expansion of four school computer labs<\/a>\t\t\t<\/h2>\n\t\t\t\t\t\t\t\t<\/div>\n\t\t\t\t\t\t\t\t\t<\/div>\n\n\t\t\t\t\t\t\t<\/div>\n\t\t\t\t\t<\/div>\n\t\t\t\t<div class=\"pp-post-wrap pp-grid-item-wrap elementor-grid-item post-18301 koehn_project type-koehn_project status-publish has-post-thumbnail hentry category-education-en\">\n\t\t\t\t\t\t<div class=\"pp-post pp-grid-item\">\n\t\t\t\t\t\t<div class=\"pp-post-thumbnail\">\n\t\t\t<a class=\"pp-post-thumbnail-wrap\" href=\"https:\/\/kamboo-project.ngo\/en\/project\/2025-bicycle-project\/\" title=\"2025 Bicycle Project\">\n\t\t\t\t<img loading=\"lazy\" decoding=\"async\" width=\"800\" height=\"600\" src=\"https:\/\/kamboo-project.ngo\/wp-content\/uploads\/2025\/08\/photo_2025-06-06_10-05-02-1024x768.jpg\" class=\"attachment-large size-large wp-image-18302\" alt=\"\" srcset=\"https:\/\/kamboo-project.ngo\/wp-content\/uploads\/2025\/08\/photo_2025-06-06_10-05-02-1024x768.jpg 1024w, https:\/\/kamboo-project.ngo\/wp-content\/uploads\/2025\/08\/photo_2025-06-06_10-05-02-300x225.jpg 300w, https:\/\/kamboo-project.ngo\/wp-content\/uploads\/2025\/08\/photo_2025-06-06_10-05-02-768x576.jpg 768w, https:\/\/kamboo-project.ngo\/wp-content\/uploads\/2025\/08\/photo_2025-06-06_10-05-02.jpg 1280w\" sizes=\"(max-width: 800px) 100vw, 800px\" \/>\t\t\t<\/a>\n\t\t<\/div>\n\t\t\n\t\t\t\t\n\t\t\t\t<div class=\"pp-post-content-wrap\">\n\t\t\t\t\t<div class=\"pp-post-content\">\n\t\t\t\t\t\t\t\t\t\t\t\t<h2 class=\"pp-post-title\">\n\t\t\t\t<a href=\"https:\/\/kamboo-project.ngo\/en\/project\/2025-bicycle-project\/\">2025 Bicycle Project<\/a>\t\t\t<\/h2>\n\t\t\t\t\t\t\t\t<\/div>\n\t\t\t\t\t\t\t\t\t<\/div>\n\n\t\t\t\t\t\t\t<\/div>\n\t\t\t\t\t<\/div>\n\t\t\t\t<div class=\"pp-post-wrap pp-grid-item-wrap elementor-grid-item post-18268 koehn_project type-koehn_project status-publish has-post-thumbnail hentry category-education-en\">\n\t\t\t\t\t\t<div class=\"pp-post pp-grid-item\">\n\t\t\t\t\t\t<div class=\"pp-post-thumbnail\">\n\t\t\t<a class=\"pp-post-thumbnail-wrap\" href=\"https:\/\/kamboo-project.ngo\/en\/project\/school-supplies-delivered-to-15-students-%f0%9f%8e%92%e2%9c%a8\/\" title=\"School Supplies Delivered to 15 Students &#x1f392;&#x2728;\">\n\t\t\t\t<img loading=\"lazy\" decoding=\"async\" width=\"800\" height=\"533\" src=\"https:\/\/kamboo-project.ngo\/wp-content\/uploads\/2025\/08\/photo_2025-07-17_14-29-32-1024x682.jpg\" class=\"attachment-large size-large wp-image-18293\" alt=\"\" srcset=\"https:\/\/kamboo-project.ngo\/wp-content\/uploads\/2025\/08\/photo_2025-07-17_14-29-32-1024x682.jpg 1024w, https:\/\/kamboo-project.ngo\/wp-content\/uploads\/2025\/08\/photo_2025-07-17_14-29-32-300x200.jpg 300w, https:\/\/kamboo-project.ngo\/wp-content\/uploads\/2025\/08\/photo_2025-07-17_14-29-32-768x512.jpg 768w, https:\/\/kamboo-project.ngo\/wp-content\/uploads\/2025\/08\/photo_2025-07-17_14-29-32.jpg 1280w\" sizes=\"(max-width: 800px) 100vw, 800px\" \/>\t\t\t<\/a>\n\t\t<\/div>\n\t\t\n\t\t\t\t\n\t\t\t\t<div class=\"pp-post-content-wrap\">\n\t\t\t\t\t<div class=\"pp-post-content\">\n\t\t\t\t\t\t\t\t\t\t\t\t<h2 class=\"pp-post-title\">\n\t\t\t\t<a href=\"https:\/\/kamboo-project.ngo\/en\/project\/school-supplies-delivered-to-15-students-%f0%9f%8e%92%e2%9c%a8\/\">School Supplies Delivered to 15 Students &#x1f392;&#x2728;<\/a>\t\t\t<\/h2>\n\t\t\t\t\t\t\t\t<\/div>\n\t\t\t\t\t\t\t\t\t<\/div>\n\n\t\t\t\t\t\t\t<\/div>\n\t\t\t\t\t<\/div>\n\t\t\t\t<div class=\"pp-post-wrap pp-grid-item-wrap elementor-grid-item post-18100 koehn_project type-koehn_project status-publish has-post-thumbnail hentry category-construction-renovation\">\n\t\t\t\t\t\t<div class=\"pp-post pp-grid-item\">\n\t\t\t\t\t\t<div class=\"pp-post-thumbnail\">\n\t\t\t<a class=\"pp-post-thumbnail-wrap\" href=\"https:\/\/kamboo-project.ngo\/en\/project\/playground-renovation-2025-a-safer-happier-space-for-children\/\" title=\"Playground Renovation 2025 \u2013 A Safer, Happier Space for Children\">\n\t\t\t\t<img loading=\"lazy\" decoding=\"async\" width=\"800\" height=\"600\" src=\"https:\/\/kamboo-project.ngo\/wp-content\/uploads\/2025\/07\/photo_21_2025-04-28_14-42-08-1024x768.jpg\" class=\"attachment-large size-large wp-image-18113\" alt=\"\" srcset=\"https:\/\/kamboo-project.ngo\/wp-content\/uploads\/2025\/07\/photo_21_2025-04-28_14-42-08-1024x768.jpg 1024w, https:\/\/kamboo-project.ngo\/wp-content\/uploads\/2025\/07\/photo_21_2025-04-28_14-42-08-300x225.jpg 300w, https:\/\/kamboo-project.ngo\/wp-content\/uploads\/2025\/07\/photo_21_2025-04-28_14-42-08-768x576.jpg 768w, https:\/\/kamboo-project.ngo\/wp-content\/uploads\/2025\/07\/photo_21_2025-04-28_14-42-08.jpg 1280w\" sizes=\"(max-width: 800px) 100vw, 800px\" \/>\t\t\t<\/a>\n\t\t<\/div>\n\t\t\n\t\t\t\t\n\t\t\t\t<div class=\"pp-post-content-wrap\">\n\t\t\t\t\t<div class=\"pp-post-content\">\n\t\t\t\t\t\t\t\t\t\t\t\t<h2 class=\"pp-post-title\">\n\t\t\t\t<a href=\"https:\/\/kamboo-project.ngo\/en\/project\/playground-renovation-2025-a-safer-happier-space-for-children\/\">Playground Renovation 2025 \u2013 A Safer, Happier Space for Children<\/a>\t\t\t<\/h2>\n\t\t\t\t\t\t\t\t<\/div>\n\t\t\t\t\t\t\t\t\t<\/div>\n\n\t\t\t\t\t\t\t<\/div>\n\t\t\t\t\t<\/div>\n\t\t\t\t\t\t\t\t\t<\/div>\n\t\t\t\n\t\t\t\n\t\t\t\n\t\t\t\n\t\t\t\t\t\t\t\t\t\t\t<div class=\"pp-posts-pagination-wrap pp-posts-pagination-bottom\">\n\t\t\t\t\t\t\t\t<nav class=\"pp-posts-pagination pp-posts-pagination-ajax elementor-pagination\" role=\"navigation\" aria-label=\"Pagination\" data-total=\"9\">\n\t\t\t\t<span aria-current=\"page\" class=\"page-numbers current\">1<\/span>\n<a class=\"page-numbers\" href=\"https:\/\/kamboo-project.ngo\/en\/wp-json\/wp\/v2\/pages\/9266\/page\/2\/\">2<\/a>\n<a class=\"page-numbers\" href=\"https:\/\/kamboo-project.ngo\/en\/wp-json\/wp\/v2\/pages\/9266\/page\/3\/\">3<\/a>\n<span class=\"page-numbers dots\">&hellip;<\/span>\n<a class=\"page-numbers\" href=\"https:\/\/kamboo-project.ngo\/en\/wp-json\/wp\/v2\/pages\/9266\/page\/9\/\">9<\/a>\n<a class=\"next page-numbers\" href=\"https:\/\/kamboo-project.ngo\/en\/wp-json\/wp\/v2\/pages\/9266\/page\/2\/\">Next &raquo;<\/a>\t\t\t<\/nav>\n\t\t\t\t\t\t\t<\/div>\n\t\t\t\t\t\t\t\t\t<\/div>\n\n\t\t\n\t\t\t\t\t\t<\/div>\n\t\t\t\t<\/div>\n\t\t\t\t\t<\/div>\n\t\t<\/div>\n\t\t\t\t\t<\/div>\n\t\t<\/section>\n\t\t\t\t<\/div>\n\t\t","protected":false},"excerpt":{"rendered":"<p>Projects All Bau &amp; Renovation Bildung Wasser\/ Sanit\u00e4r Schulneubau: Phum Pheak 4 Grundschule Erste Hilfe Raum an Schulen Notfall-Lebensmittelpaket f\u00fcr Vorzeigefamilie Projekt Schulgarten Bibliotheksprojekt Neue Projektzusammenarbeit mit der Organisation Safetyknot Ausbildung am PC Gem\u00fcseanbau zu Hause w\u00e4hrend der Pandemie Notfallbetreuungspaket f\u00fcr 100 Lernende Schulbedarf f\u00fcr 150 Grundsch\u00fcler Fahrradprojekt &#8220;Bells for a Better Life&#8221; Covid 19 [&hellip;]<\/p>\n","protected":false},"author":1,"featured_media":0,"parent":0,"menu_order":0,"comment_status":"closed","ping_status":"closed","template":"","meta":{"_acf_changed":false,"footnotes":""},"class_list":["post-9266","page","type-page","status-publish","hentry"],"acf":[],"aioseo_notices":[],"_links":{"self":[{"href":"https:\/\/kamboo-project.ngo\/en\/wp-json\/wp\/v2\/pages\/9266","targetHints":{"allow":["GET"]}}],"collection":[{"href":"https:\/\/kamboo-project.ngo\/en\/wp-json\/wp\/v2\/pages"}],"about":[{"href":"https:\/\/kamboo-project.ngo\/en\/wp-json\/wp\/v2\/types\/page"}],"author":[{"embeddable":true,"href":"https:\/\/kamboo-project.ngo\/en\/wp-json\/wp\/v2\/users\/1"}],"replies":[{"embeddable":true,"href":"https:\/\/kamboo-project.ngo\/en\/wp-json\/wp\/v2\/comments?post=9266"}],"version-history":[{"count":15,"href":"https:\/\/kamboo-project.ngo\/en\/wp-json\/wp\/v2\/pages\/9266\/revisions"}],"predecessor-version":[{"id":11788,"href":"https:\/\/kamboo-project.ngo\/en\/wp-json\/wp\/v2\/pages\/9266\/revisions\/11788"}],"wp:attachment":[{"href":"https:\/\/kamboo-project.ngo\/en\/wp-json\/wp\/v2\/media?parent=9266"}],"curies":[{"name":"wp","href":"https:\/\/api.w.org\/{rel}","templated":true}]}}