{"id":10077,"date":"2017-02-19T13:02:30","date_gmt":"2017-02-19T12:02:30","guid":{"rendered":"https:\/\/kamboo-project.ngo\/staging\/projets\/"},"modified":"2023-06-25T12:25:08","modified_gmt":"2023-06-25T10:25:08","slug":"projets","status":"publish","type":"page","link":"https:\/\/kamboo-project.ngo\/fr\/projets\/","title":{"rendered":"Projets"},"content":{"rendered":"\t\t<div data-elementor-type=\"wp-page\" data-elementor-id=\"10077\" class=\"elementor elementor-10077 elementor-6571\" data-elementor-post-type=\"page\">\n\t\t\t\t\t\t<section class=\"elementor-section elementor-top-section elementor-element elementor-element-17edc98 elementor-section-height-min-height elementor-section-boxed elementor-section-height-default elementor-section-items-middle\" data-id=\"17edc98\" data-element_type=\"section\" data-e-type=\"section\" data-settings=\"{&quot;background_background&quot;:&quot;classic&quot;}\">\n\t\t\t\t\t\t<div class=\"elementor-container elementor-column-gap-default\">\n\t\t\t\t\t<div class=\"elementor-column elementor-col-100 elementor-top-column elementor-element elementor-element-a7dfa2e\" data-id=\"a7dfa2e\" data-element_type=\"column\" data-e-type=\"column\">\n\t\t\t<div class=\"elementor-widget-wrap elementor-element-populated\">\n\t\t\t\t\t\t\t<\/div>\n\t\t<\/div>\n\t\t\t\t\t<\/div>\n\t\t<\/section>\n\t\t\t\t<section class=\"elementor-section elementor-top-section elementor-element elementor-element-af31b7d elementor-section-boxed elementor-section-height-default elementor-section-height-default\" data-id=\"af31b7d\" data-element_type=\"section\" data-e-type=\"section\">\n\t\t\t\t\t\t<div class=\"elementor-container elementor-column-gap-default\">\n\t\t\t\t\t<div class=\"elementor-column elementor-col-100 elementor-top-column elementor-element elementor-element-73bcc26\" data-id=\"73bcc26\" data-element_type=\"column\" data-e-type=\"column\">\n\t\t\t<div class=\"elementor-widget-wrap elementor-element-populated\">\n\t\t\t\t\t\t<div class=\"elementor-element elementor-element-c3bc501 elementor-grid-4 pp-posts-thumbnail-ratio elementor-grid-tablet-2 elementor-grid-mobile-1 pp-post-filters-align-left elementor-widget elementor-widget-pp-posts\" data-id=\"c3bc501\" data-element_type=\"widget\" data-e-type=\"widget\" data-widget_type=\"pp-posts.classic\">\n\t\t\t\t<div class=\"elementor-widget-container\">\n\t\t\t\t\t\t\t<div class=\"pp-post-filters-container\">\n\t\t\t\t\t\t<div class=\"pp-post-filters-wrap pp-post-filters-dropdown-no\">\n\t\t\t\t<ul class=\"pp-post-filters \">\n\t\t\t\t\t\t\t\t\t\t\t<li class=\"pp-post-filter pp-filter-current\" data-filter=\"*\" data-taxonomy=\"\">All<\/li>\n\t\t\t\t\t\t\t\t\t\t\t\t\t\t\t\t\t\t\t\t\t\t\t\t\t\t\t\t\t\t<li class=\"pp-post-filter \" data-filter=\".construction-renovation-fr\" data-taxonomy=\".category\">Construction &amp; R\u00e9novation<\/li>\n\t\t\t\t\t\t\t\t\t\t\t\t\t\t\t\t\t\t\t\t\t\t\t\t\t\t<li class=\"pp-post-filter \" data-filter=\".education\" data-taxonomy=\".category\">\u00c9ducation<\/li>\n\t\t\t\t\t\t\t\t\t\t\t\t\t\t\t\t\t\t\t\t\t\t\t\t\t\t<li class=\"pp-post-filter \" data-filter=\".eau-sanitaire\" data-taxonomy=\".category\">Eau\/ Sanitaire<\/li>\n\t\t\t\t\t\t\t\t\t\t\t<\/ul>\n\n\t\t\t\t\t\t\t<\/div>\n\t\t\t\t\t\t\t\t<\/div>\n\t\t\t\t<div class=\"pp-posts-container\">\n\t\t\t\n\t\t\t\t\t\t\t\t\t\t\n\t\t\t<div class=\"pp-posts pp-posts-skin-classic elementor-grid pp-posts-grid\" data-query-type=\"custom\" data-layout=\"grid\" data-page=\"10077\" data-skin=\"classic\">\n\t\t\t\t\t\t\t\t\t\t\t<div class=\"pp-post-wrap pp-grid-item-wrap elementor-grid-item post-19306 koehn_project type-koehn_project status-publish has-post-thumbnail hentry category-education\">\n\t\t\t\t\t\t<div class=\"pp-post pp-grid-item\">\n\t\t\t\t\t\t<div class=\"pp-post-thumbnail\">\n\t\t\t<a class=\"pp-post-thumbnail-wrap\" href=\"https:\/\/kamboo-project.ngo\/fr\/projet\/bicyclettes-pour-les-apprenants-un-bon-depart-pour-2026\/\" title=\"Bicyclettes pour les apprenants &#8211; un bon d\u00e9part pour 2026\">\n\t\t\t\t<img fetchpriority=\"high\" decoding=\"async\" width=\"800\" height=\"533\" src=\"https:\/\/kamboo-project.ngo\/wp-content\/uploads\/2026\/03\/photo_2026-02-06_09-30-19-1024x682.jpg\" class=\"attachment-large size-large wp-image-19305\" alt=\"\" srcset=\"https:\/\/kamboo-project.ngo\/wp-content\/uploads\/2026\/03\/photo_2026-02-06_09-30-19-1024x682.jpg 1024w, https:\/\/kamboo-project.ngo\/wp-content\/uploads\/2026\/03\/photo_2026-02-06_09-30-19-300x200.jpg 300w, https:\/\/kamboo-project.ngo\/wp-content\/uploads\/2026\/03\/photo_2026-02-06_09-30-19-768x512.jpg 768w, https:\/\/kamboo-project.ngo\/wp-content\/uploads\/2026\/03\/photo_2026-02-06_09-30-19.jpg 1280w\" sizes=\"(max-width: 800px) 100vw, 800px\" \/>\t\t\t<\/a>\n\t\t<\/div>\n\t\t\n\t\t\t\t\n\t\t\t\t<div class=\"pp-post-content-wrap\">\n\t\t\t\t\t<div class=\"pp-post-content\">\n\t\t\t\t\t\t\t\t\t\t\t\t<h2 class=\"pp-post-title\">\n\t\t\t\t<a href=\"https:\/\/kamboo-project.ngo\/fr\/projet\/bicyclettes-pour-les-apprenants-un-bon-depart-pour-2026\/\">Bicyclettes pour les apprenants &#8211; un bon d\u00e9part pour 2026<\/a>\t\t\t<\/h2>\n\t\t\t\t\t\t\t\t<\/div>\n\t\t\t\t\t\t\t\t\t<\/div>\n\n\t\t\t\t\t\t\t<\/div>\n\t\t\t\t\t<\/div>\n\t\t\t\t<div class=\"pp-post-wrap pp-grid-item-wrap elementor-grid-item post-19283 koehn_project type-koehn_project status-publish has-post-thumbnail hentry category-construction-renovation-fr\">\n\t\t\t\t\t\t<div class=\"pp-post pp-grid-item\">\n\t\t\t\t\t\t<div class=\"pp-post-thumbnail\">\n\t\t\t<a class=\"pp-post-thumbnail-wrap\" href=\"https:\/\/kamboo-project.ngo\/fr\/projet\/un-lieu-dapprentissage-plus-sur-renovation-de-la-toiture-de-lecole-primaire-boeung-chum\/\" title=\"Un lieu d&rsquo;apprentissage plus s\u00fbr : R\u00e9novation de la toiture de l&rsquo;\u00e9cole primaire Boeung Chum\">\n\t\t\t\t<img decoding=\"async\" width=\"768\" height=\"1024\" src=\"https:\/\/kamboo-project.ngo\/wp-content\/uploads\/2026\/03\/photo_2026-03-02_15-59-13-768x1024.jpg\" class=\"attachment-large size-large wp-image-19282\" alt=\"\" \/>\t\t\t<\/a>\n\t\t<\/div>\n\t\t\n\t\t\t\t\n\t\t\t\t<div class=\"pp-post-content-wrap\">\n\t\t\t\t\t<div class=\"pp-post-content\">\n\t\t\t\t\t\t\t\t\t\t\t\t<h2 class=\"pp-post-title\">\n\t\t\t\t<a href=\"https:\/\/kamboo-project.ngo\/fr\/projet\/un-lieu-dapprentissage-plus-sur-renovation-de-la-toiture-de-lecole-primaire-boeung-chum\/\">Un lieu d&rsquo;apprentissage plus s\u00fbr : R\u00e9novation de la toiture de l&rsquo;\u00e9cole primaire Boeung Chum<\/a>\t\t\t<\/h2>\n\t\t\t\t\t\t\t\t<\/div>\n\t\t\t\t\t\t\t\t\t<\/div>\n\n\t\t\t\t\t\t\t<\/div>\n\t\t\t\t\t<\/div>\n\t\t\t\t<div class=\"pp-post-wrap pp-grid-item-wrap elementor-grid-item post-19272 koehn_project type-koehn_project status-publish has-post-thumbnail hentry category-education\">\n\t\t\t\t\t\t<div class=\"pp-post pp-grid-item\">\n\t\t\t\t\t\t<div class=\"pp-post-thumbnail\">\n\t\t\t<a class=\"pp-post-thumbnail-wrap\" href=\"https:\/\/kamboo-project.ngo\/fr\/projet\/une-cour-de-recreation-sure-et-joyeuse-pour-chaque-eleve-de-lecole-primaire-ta-ei\/\" title=\"Une cour de r\u00e9cr\u00e9ation s\u00fbre et joyeuse pour chaque \u00e9l\u00e8ve de l&rsquo;\u00e9cole primaire Ta Ei\">\n\t\t\t\t<img decoding=\"async\" width=\"800\" height=\"534\" src=\"https:\/\/kamboo-project.ngo\/wp-content\/uploads\/2026\/03\/DSC00717-1024x683.jpg\" class=\"attachment-large size-large wp-image-19271\" alt=\"\" srcset=\"https:\/\/kamboo-project.ngo\/wp-content\/uploads\/2026\/03\/DSC00717-1024x683.jpg 1024w, https:\/\/kamboo-project.ngo\/wp-content\/uploads\/2026\/03\/DSC00717-300x200.jpg 300w, https:\/\/kamboo-project.ngo\/wp-content\/uploads\/2026\/03\/DSC00717-768x512.jpg 768w, https:\/\/kamboo-project.ngo\/wp-content\/uploads\/2026\/03\/DSC00717-1536x1024.jpg 1536w, https:\/\/kamboo-project.ngo\/wp-content\/uploads\/2026\/03\/DSC00717.JPG 2048w\" sizes=\"(max-width: 800px) 100vw, 800px\" \/>\t\t\t<\/a>\n\t\t<\/div>\n\t\t\n\t\t\t\t\n\t\t\t\t<div class=\"pp-post-content-wrap\">\n\t\t\t\t\t<div class=\"pp-post-content\">\n\t\t\t\t\t\t\t\t\t\t\t\t<h2 class=\"pp-post-title\">\n\t\t\t\t<a href=\"https:\/\/kamboo-project.ngo\/fr\/projet\/une-cour-de-recreation-sure-et-joyeuse-pour-chaque-eleve-de-lecole-primaire-ta-ei\/\">Une cour de r\u00e9cr\u00e9ation s\u00fbre et joyeuse pour chaque \u00e9l\u00e8ve de l&rsquo;\u00e9cole primaire Ta Ei<\/a>\t\t\t<\/h2>\n\t\t\t\t\t\t\t\t<\/div>\n\t\t\t\t\t\t\t\t\t<\/div>\n\n\t\t\t\t\t\t\t<\/div>\n\t\t\t\t\t<\/div>\n\t\t\t\t<div class=\"pp-post-wrap pp-grid-item-wrap elementor-grid-item post-18839 koehn_project type-koehn_project status-publish hentry category-education\">\n\t\t\t\t\t\t<div class=\"pp-post pp-grid-item\">\n\t\t\t\t\t\t<div class=\"pp-post-thumbnail\">\n\t\t\t<a class=\"pp-post-thumbnail-wrap\" href=\"https:\/\/kamboo-project.ngo\/fr\/projet\/single-parent-students-excel-through-our-2025-scholarship-program\/\" title=\"Les \u00e9tudiants issus de familles monoparentales excellent gr\u00e2ce \u00e0 notre programme de bourses 2025\">\n\t\t\t\t<img decoding=\"async\" class=\"\" src=\"https:\/\/kamboo-project.ngo\/wp-content\/plugins\/elementor\/assets\/images\/placeholder.png\" \/>\t\t\t<\/a>\n\t\t<\/div>\n\t\t\n\t\t\t\t\n\t\t\t\t<div class=\"pp-post-content-wrap\">\n\t\t\t\t\t<div class=\"pp-post-content\">\n\t\t\t\t\t\t\t\t\t\t\t\t<h2 class=\"pp-post-title\">\n\t\t\t\t<a href=\"https:\/\/kamboo-project.ngo\/fr\/projet\/single-parent-students-excel-through-our-2025-scholarship-program\/\">Les \u00e9tudiants issus de familles monoparentales excellent gr\u00e2ce \u00e0 notre programme de bourses 2025<\/a>\t\t\t<\/h2>\n\t\t\t\t\t\t\t\t<\/div>\n\t\t\t\t\t\t\t\t\t<\/div>\n\n\t\t\t\t\t\t\t<\/div>\n\t\t\t\t\t<\/div>\n\t\t\t\t<div class=\"pp-post-wrap pp-grid-item-wrap elementor-grid-item post-18787 koehn_project type-koehn_project status-publish has-post-thumbnail hentry category-eau-sanitaire\">\n\t\t\t\t\t\t<div class=\"pp-post pp-grid-item\">\n\t\t\t\t\t\t<div class=\"pp-post-thumbnail\">\n\t\t\t<a class=\"pp-post-thumbnail-wrap\" href=\"https:\/\/kamboo-project.ngo\/fr\/projet\/%f0%9f%92%a7-systemes-deau-propre-pour-les-ecoles-arranh-rangsey-et-wat-roka\/\" title=\"&#x1f4a7; Syst\u00e8mes d&rsquo;eau propre pour les \u00e9coles Arranh Rangsey et Wat Roka\">\n\t\t\t\t<img loading=\"lazy\" decoding=\"async\" width=\"683\" height=\"1024\" src=\"https:\/\/kamboo-project.ngo\/wp-content\/uploads\/2024\/11\/7d021d6d-3e64-4c5d-ab5f-bf1254da3ed1-683x1024.jpg\" class=\"attachment-large size-large wp-image-15269\" alt=\"\" srcset=\"https:\/\/kamboo-project.ngo\/wp-content\/uploads\/2024\/11\/7d021d6d-3e64-4c5d-ab5f-bf1254da3ed1-683x1024.jpg 683w, https:\/\/kamboo-project.ngo\/wp-content\/uploads\/2024\/11\/7d021d6d-3e64-4c5d-ab5f-bf1254da3ed1-200x300.jpg 200w, https:\/\/kamboo-project.ngo\/wp-content\/uploads\/2024\/11\/7d021d6d-3e64-4c5d-ab5f-bf1254da3ed1-768x1152.jpg 768w, https:\/\/kamboo-project.ngo\/wp-content\/uploads\/2024\/11\/7d021d6d-3e64-4c5d-ab5f-bf1254da3ed1-1024x1536.jpg 1024w, https:\/\/kamboo-project.ngo\/wp-content\/uploads\/2024\/11\/7d021d6d-3e64-4c5d-ab5f-bf1254da3ed1.JPG 1067w\" sizes=\"(max-width: 683px) 100vw, 683px\" \/>\t\t\t<\/a>\n\t\t<\/div>\n\t\t\n\t\t\t\t\n\t\t\t\t<div class=\"pp-post-content-wrap\">\n\t\t\t\t\t<div class=\"pp-post-content\">\n\t\t\t\t\t\t\t\t\t\t\t\t<h2 class=\"pp-post-title\">\n\t\t\t\t<a href=\"https:\/\/kamboo-project.ngo\/fr\/projet\/%f0%9f%92%a7-systemes-deau-propre-pour-les-ecoles-arranh-rangsey-et-wat-roka\/\">&#x1f4a7; Syst\u00e8mes d&rsquo;eau propre pour les \u00e9coles Arranh Rangsey et Wat Roka<\/a>\t\t\t<\/h2>\n\t\t\t\t\t\t\t\t<\/div>\n\t\t\t\t\t\t\t\t\t<\/div>\n\n\t\t\t\t\t\t\t<\/div>\n\t\t\t\t\t<\/div>\n\t\t\t\t<div class=\"pp-post-wrap pp-grid-item-wrap elementor-grid-item post-18676 koehn_project type-koehn_project status-publish has-post-thumbnail hentry category-education\">\n\t\t\t\t\t\t<div class=\"pp-post pp-grid-item\">\n\t\t\t\t\t\t<div class=\"pp-post-thumbnail\">\n\t\t\t<a class=\"pp-post-thumbnail-wrap\" href=\"https:\/\/kamboo-project.ngo\/fr\/projet\/projet-de-bibliotheque-sept-ameliorations-achevees\/\" title=\"Projet de biblioth\u00e8que : Sept am\u00e9liorations achev\u00e9es\">\n\t\t\t\t<img loading=\"lazy\" decoding=\"async\" width=\"800\" height=\"600\" src=\"https:\/\/kamboo-project.ngo\/wp-content\/uploads\/2025\/08\/photo_2025-08-13_13-28-59-1024x768.jpg\" class=\"attachment-large size-large wp-image-18482\" alt=\"\" srcset=\"https:\/\/kamboo-project.ngo\/wp-content\/uploads\/2025\/08\/photo_2025-08-13_13-28-59-1024x768.jpg 1024w, https:\/\/kamboo-project.ngo\/wp-content\/uploads\/2025\/08\/photo_2025-08-13_13-28-59-300x225.jpg 300w, https:\/\/kamboo-project.ngo\/wp-content\/uploads\/2025\/08\/photo_2025-08-13_13-28-59-768x576.jpg 768w, https:\/\/kamboo-project.ngo\/wp-content\/uploads\/2025\/08\/photo_2025-08-13_13-28-59.jpg 1280w\" sizes=\"(max-width: 800px) 100vw, 800px\" \/>\t\t\t<\/a>\n\t\t<\/div>\n\t\t\n\t\t\t\t\n\t\t\t\t<div class=\"pp-post-content-wrap\">\n\t\t\t\t\t<div class=\"pp-post-content\">\n\t\t\t\t\t\t\t\t\t\t\t\t<h2 class=\"pp-post-title\">\n\t\t\t\t<a href=\"https:\/\/kamboo-project.ngo\/fr\/projet\/projet-de-bibliotheque-sept-ameliorations-achevees\/\">Projet de biblioth\u00e8que : Sept am\u00e9liorations achev\u00e9es<\/a>\t\t\t<\/h2>\n\t\t\t\t\t\t\t\t<\/div>\n\t\t\t\t\t\t\t\t\t<\/div>\n\n\t\t\t\t\t\t\t<\/div>\n\t\t\t\t\t<\/div>\n\t\t\t\t<div class=\"pp-post-wrap pp-grid-item-wrap elementor-grid-item post-18639 koehn_project type-koehn_project status-publish has-post-thumbnail hentry category-education\">\n\t\t\t\t\t\t<div class=\"pp-post pp-grid-item\">\n\t\t\t\t\t\t<div class=\"pp-post-thumbnail\">\n\t\t\t<a class=\"pp-post-thumbnail-wrap\" href=\"https:\/\/kamboo-project.ngo\/fr\/projet\/des-graines-aux-competences-limpact-des-jardins-scolaires-2025\/\" title=\"Des graines aux comp\u00e9tences : L&rsquo;impact des jardins scolaires 2025\">\n\t\t\t\t<img loading=\"lazy\" decoding=\"async\" width=\"800\" height=\"600\" src=\"https:\/\/kamboo-project.ngo\/wp-content\/uploads\/2025\/09\/photo_77107-03-2025_10-53-17-1024x768.jpg\" class=\"attachment-large size-large wp-image-18626\" alt=\"\" srcset=\"https:\/\/kamboo-project.ngo\/wp-content\/uploads\/2025\/09\/photo_77107-03-2025_10-53-17-1024x768.jpg 1024w, https:\/\/kamboo-project.ngo\/wp-content\/uploads\/2025\/09\/photo_77107-03-2025_10-53-17-300x225.jpg 300w, https:\/\/kamboo-project.ngo\/wp-content\/uploads\/2025\/09\/photo_77107-03-2025_10-53-17-768x576.jpg 768w, https:\/\/kamboo-project.ngo\/wp-content\/uploads\/2025\/09\/photo_77107-03-2025_10-53-17.jpg 1280w\" sizes=\"(max-width: 800px) 100vw, 800px\" \/>\t\t\t<\/a>\n\t\t<\/div>\n\t\t\n\t\t\t\t\n\t\t\t\t<div class=\"pp-post-content-wrap\">\n\t\t\t\t\t<div class=\"pp-post-content\">\n\t\t\t\t\t\t\t\t\t\t\t\t<h2 class=\"pp-post-title\">\n\t\t\t\t<a href=\"https:\/\/kamboo-project.ngo\/fr\/projet\/des-graines-aux-competences-limpact-des-jardins-scolaires-2025\/\">Des graines aux comp\u00e9tences : L&rsquo;impact des jardins scolaires 2025<\/a>\t\t\t<\/h2>\n\t\t\t\t\t\t\t\t<\/div>\n\t\t\t\t\t\t\t\t\t<\/div>\n\n\t\t\t\t\t\t\t<\/div>\n\t\t\t\t\t<\/div>\n\t\t\t\t<div class=\"pp-post-wrap pp-grid-item-wrap elementor-grid-item post-18556 koehn_project type-koehn_project status-publish has-post-thumbnail hentry category-education\">\n\t\t\t\t\t\t<div class=\"pp-post pp-grid-item\">\n\t\t\t\t\t\t<div class=\"pp-post-thumbnail\">\n\t\t\t<a class=\"pp-post-thumbnail-wrap\" href=\"https:\/\/kamboo-project.ngo\/fr\/projet\/rapport-davancement-projet-de-prevention-des-mariages-precoces\/\" title=\"Rapport d&rsquo;avancement : Projet de pr\u00e9vention des mariages pr\u00e9coces\">\n\t\t\t\t<img loading=\"lazy\" decoding=\"async\" width=\"800\" height=\"534\" src=\"https:\/\/kamboo-project.ngo\/wp-content\/uploads\/2025\/09\/photo_10_2025-07-01_15-25-41-1024x684.jpg\" class=\"attachment-large size-large wp-image-18506\" alt=\"\" srcset=\"https:\/\/kamboo-project.ngo\/wp-content\/uploads\/2025\/09\/photo_10_2025-07-01_15-25-41-1024x684.jpg 1024w, https:\/\/kamboo-project.ngo\/wp-content\/uploads\/2025\/09\/photo_10_2025-07-01_15-25-41-300x200.jpg 300w, https:\/\/kamboo-project.ngo\/wp-content\/uploads\/2025\/09\/photo_10_2025-07-01_15-25-41-768x513.jpg 768w, https:\/\/kamboo-project.ngo\/wp-content\/uploads\/2025\/09\/photo_10_2025-07-01_15-25-41.jpg 1280w\" sizes=\"(max-width: 800px) 100vw, 800px\" \/>\t\t\t<\/a>\n\t\t<\/div>\n\t\t\n\t\t\t\t\n\t\t\t\t<div class=\"pp-post-content-wrap\">\n\t\t\t\t\t<div class=\"pp-post-content\">\n\t\t\t\t\t\t\t\t\t\t\t\t<h2 class=\"pp-post-title\">\n\t\t\t\t<a href=\"https:\/\/kamboo-project.ngo\/fr\/projet\/rapport-davancement-projet-de-prevention-des-mariages-precoces\/\">Rapport d&rsquo;avancement : Projet de pr\u00e9vention des mariages pr\u00e9coces<\/a>\t\t\t<\/h2>\n\t\t\t\t\t\t\t\t<\/div>\n\t\t\t\t\t\t\t\t\t<\/div>\n\n\t\t\t\t\t\t\t<\/div>\n\t\t\t\t\t<\/div>\n\t\t\t\t<div class=\"pp-post-wrap pp-grid-item-wrap elementor-grid-item post-18550 koehn_project type-koehn_project status-publish has-post-thumbnail hentry category-education\">\n\t\t\t\t\t\t<div class=\"pp-post pp-grid-item\">\n\t\t\t\t\t\t<div class=\"pp-post-thumbnail\">\n\t\t\t<a class=\"pp-post-thumbnail-wrap\" href=\"https:\/\/kamboo-project.ngo\/fr\/projet\/agrandissement-de-quatre-laboratoires-informatiques-scolaires\/\" title=\"Agrandissement de quatre laboratoires informatiques scolaires\">\n\t\t\t\t<img loading=\"lazy\" decoding=\"async\" width=\"800\" height=\"600\" src=\"https:\/\/kamboo-project.ngo\/wp-content\/uploads\/2025\/08\/photo_2024-02-06_13-58-23-1024x768.jpg\" class=\"attachment-large size-large wp-image-18411\" alt=\"\" srcset=\"https:\/\/kamboo-project.ngo\/wp-content\/uploads\/2025\/08\/photo_2024-02-06_13-58-23-1024x768.jpg 1024w, https:\/\/kamboo-project.ngo\/wp-content\/uploads\/2025\/08\/photo_2024-02-06_13-58-23-300x225.jpg 300w, https:\/\/kamboo-project.ngo\/wp-content\/uploads\/2025\/08\/photo_2024-02-06_13-58-23-768x576.jpg 768w, https:\/\/kamboo-project.ngo\/wp-content\/uploads\/2025\/08\/photo_2024-02-06_13-58-23.jpg 1280w\" sizes=\"(max-width: 800px) 100vw, 800px\" \/>\t\t\t<\/a>\n\t\t<\/div>\n\t\t\n\t\t\t\t\n\t\t\t\t<div class=\"pp-post-content-wrap\">\n\t\t\t\t\t<div class=\"pp-post-content\">\n\t\t\t\t\t\t\t\t\t\t\t\t<h2 class=\"pp-post-title\">\n\t\t\t\t<a href=\"https:\/\/kamboo-project.ngo\/fr\/projet\/agrandissement-de-quatre-laboratoires-informatiques-scolaires\/\">Agrandissement de quatre laboratoires informatiques scolaires<\/a>\t\t\t<\/h2>\n\t\t\t\t\t\t\t\t<\/div>\n\t\t\t\t\t\t\t\t\t<\/div>\n\n\t\t\t\t\t\t\t<\/div>\n\t\t\t\t\t<\/div>\n\t\t\t\t<div class=\"pp-post-wrap pp-grid-item-wrap elementor-grid-item post-18546 koehn_project type-koehn_project status-publish has-post-thumbnail hentry category-education\">\n\t\t\t\t\t\t<div class=\"pp-post pp-grid-item\">\n\t\t\t\t\t\t<div class=\"pp-post-thumbnail\">\n\t\t\t<a class=\"pp-post-thumbnail-wrap\" href=\"https:\/\/kamboo-project.ngo\/fr\/projet\/projet-velo-2025\/\" title=\"Projet v\u00e9lo 2025\">\n\t\t\t\t<img loading=\"lazy\" decoding=\"async\" width=\"800\" height=\"600\" src=\"https:\/\/kamboo-project.ngo\/wp-content\/uploads\/2025\/08\/photo_2025-06-06_10-05-02-1024x768.jpg\" class=\"attachment-large size-large wp-image-18303\" alt=\"\" srcset=\"https:\/\/kamboo-project.ngo\/wp-content\/uploads\/2025\/08\/photo_2025-06-06_10-05-02-1024x768.jpg 1024w, https:\/\/kamboo-project.ngo\/wp-content\/uploads\/2025\/08\/photo_2025-06-06_10-05-02-300x225.jpg 300w, https:\/\/kamboo-project.ngo\/wp-content\/uploads\/2025\/08\/photo_2025-06-06_10-05-02-768x576.jpg 768w, https:\/\/kamboo-project.ngo\/wp-content\/uploads\/2025\/08\/photo_2025-06-06_10-05-02.jpg 1280w\" sizes=\"(max-width: 800px) 100vw, 800px\" \/>\t\t\t<\/a>\n\t\t<\/div>\n\t\t\n\t\t\t\t\n\t\t\t\t<div class=\"pp-post-content-wrap\">\n\t\t\t\t\t<div class=\"pp-post-content\">\n\t\t\t\t\t\t\t\t\t\t\t\t<h2 class=\"pp-post-title\">\n\t\t\t\t<a href=\"https:\/\/kamboo-project.ngo\/fr\/projet\/projet-velo-2025\/\">Projet v\u00e9lo 2025<\/a>\t\t\t<\/h2>\n\t\t\t\t\t\t\t\t<\/div>\n\t\t\t\t\t\t\t\t\t<\/div>\n\n\t\t\t\t\t\t\t<\/div>\n\t\t\t\t\t<\/div>\n\t\t\t\t<div class=\"pp-post-wrap pp-grid-item-wrap elementor-grid-item post-18541 koehn_project type-koehn_project status-publish has-post-thumbnail hentry category-education\">\n\t\t\t\t\t\t<div class=\"pp-post pp-grid-item\">\n\t\t\t\t\t\t<div class=\"pp-post-thumbnail\">\n\t\t\t<a class=\"pp-post-thumbnail-wrap\" href=\"https:\/\/kamboo-project.ngo\/fr\/projet\/fournitures-scolaires-distribuees-a-15-eleves-%f0%9f%8e%92%e2%9c%a8%e2%9c%a8\/\" title=\"Fournitures scolaires distribu\u00e9es \u00e0 15 \u00e9l\u00e8ves &#x1f392;&#x2728;&#x2728;\">\n\t\t\t\t<img loading=\"lazy\" decoding=\"async\" width=\"800\" height=\"533\" src=\"https:\/\/kamboo-project.ngo\/wp-content\/uploads\/2025\/08\/photo_2025-07-17_14-29-32-1024x682.jpg\" class=\"attachment-large size-large wp-image-18294\" alt=\"\" srcset=\"https:\/\/kamboo-project.ngo\/wp-content\/uploads\/2025\/08\/photo_2025-07-17_14-29-32-1024x682.jpg 1024w, https:\/\/kamboo-project.ngo\/wp-content\/uploads\/2025\/08\/photo_2025-07-17_14-29-32-300x200.jpg 300w, https:\/\/kamboo-project.ngo\/wp-content\/uploads\/2025\/08\/photo_2025-07-17_14-29-32-768x512.jpg 768w, https:\/\/kamboo-project.ngo\/wp-content\/uploads\/2025\/08\/photo_2025-07-17_14-29-32.jpg 1280w\" sizes=\"(max-width: 800px) 100vw, 800px\" \/>\t\t\t<\/a>\n\t\t<\/div>\n\t\t\n\t\t\t\t\n\t\t\t\t<div class=\"pp-post-content-wrap\">\n\t\t\t\t\t<div class=\"pp-post-content\">\n\t\t\t\t\t\t\t\t\t\t\t\t<h2 class=\"pp-post-title\">\n\t\t\t\t<a href=\"https:\/\/kamboo-project.ngo\/fr\/projet\/fournitures-scolaires-distribuees-a-15-eleves-%f0%9f%8e%92%e2%9c%a8%e2%9c%a8\/\">Fournitures scolaires distribu\u00e9es \u00e0 15 \u00e9l\u00e8ves &#x1f392;&#x2728;&#x2728;<\/a>\t\t\t<\/h2>\n\t\t\t\t\t\t\t\t<\/div>\n\t\t\t\t\t\t\t\t\t<\/div>\n\n\t\t\t\t\t\t\t<\/div>\n\t\t\t\t\t<\/div>\n\t\t\t\t<div class=\"pp-post-wrap pp-grid-item-wrap elementor-grid-item post-18205 koehn_project type-koehn_project status-publish has-post-thumbnail hentry category-construction-renovation-fr\">\n\t\t\t\t\t\t<div class=\"pp-post pp-grid-item\">\n\t\t\t\t\t\t<div class=\"pp-post-thumbnail\">\n\t\t\t<a class=\"pp-post-thumbnail-wrap\" href=\"https:\/\/kamboo-project.ngo\/fr\/projet\/renovation-des-aires-de-jeux-2025-un-espace-plus-sur-et-plus-heureux-pour-les-enfants\/\" title=\"R\u00e9novation des aires de jeux 2025 &#8211; Un espace plus s\u00fbr et plus heureux pour les enfants\">\n\t\t\t\t<img loading=\"lazy\" decoding=\"async\" width=\"800\" height=\"600\" src=\"https:\/\/kamboo-project.ngo\/wp-content\/uploads\/2025\/07\/photo_21_2025-04-28_14-42-08-1024x768.jpg\" class=\"attachment-large size-large wp-image-18114\" alt=\"\" srcset=\"https:\/\/kamboo-project.ngo\/wp-content\/uploads\/2025\/07\/photo_21_2025-04-28_14-42-08-1024x768.jpg 1024w, https:\/\/kamboo-project.ngo\/wp-content\/uploads\/2025\/07\/photo_21_2025-04-28_14-42-08-300x225.jpg 300w, https:\/\/kamboo-project.ngo\/wp-content\/uploads\/2025\/07\/photo_21_2025-04-28_14-42-08-768x576.jpg 768w, https:\/\/kamboo-project.ngo\/wp-content\/uploads\/2025\/07\/photo_21_2025-04-28_14-42-08.jpg 1280w\" sizes=\"(max-width: 800px) 100vw, 800px\" \/>\t\t\t<\/a>\n\t\t<\/div>\n\t\t\n\t\t\t\t\n\t\t\t\t<div class=\"pp-post-content-wrap\">\n\t\t\t\t\t<div class=\"pp-post-content\">\n\t\t\t\t\t\t\t\t\t\t\t\t<h2 class=\"pp-post-title\">\n\t\t\t\t<a href=\"https:\/\/kamboo-project.ngo\/fr\/projet\/renovation-des-aires-de-jeux-2025-un-espace-plus-sur-et-plus-heureux-pour-les-enfants\/\">R\u00e9novation des aires de jeux 2025 &#8211; Un espace plus s\u00fbr et plus heureux pour les enfants<\/a>\t\t\t<\/h2>\n\t\t\t\t\t\t\t\t<\/div>\n\t\t\t\t\t\t\t\t\t<\/div>\n\n\t\t\t\t\t\t\t<\/div>\n\t\t\t\t\t<\/div>\n\t\t\t\t\t\t\t\t\t<\/div>\n\t\t\t\n\t\t\t\n\t\t\t\n\t\t\t\n\t\t\t\t\t\t\t\t\t\t\t<div class=\"pp-posts-pagination-wrap pp-posts-pagination-bottom\">\n\t\t\t\t\t\t\t\t<nav class=\"pp-posts-pagination pp-posts-pagination-ajax elementor-pagination\" role=\"navigation\" aria-label=\"Pagination\" data-total=\"9\">\n\t\t\t\t<span aria-current=\"page\" class=\"page-numbers current\">1<\/span>\n<a class=\"page-numbers\" href=\"https:\/\/kamboo-project.ngo\/fr\/wp-json\/wp\/v2\/pages\/10077\/page\/2\/\">2<\/a>\n<a class=\"page-numbers\" href=\"https:\/\/kamboo-project.ngo\/fr\/wp-json\/wp\/v2\/pages\/10077\/page\/3\/\">3<\/a>\n<span class=\"page-numbers dots\">\u2026<\/span>\n<a class=\"page-numbers\" href=\"https:\/\/kamboo-project.ngo\/fr\/wp-json\/wp\/v2\/pages\/10077\/page\/9\/\">9<\/a>\n<a class=\"next page-numbers\" href=\"https:\/\/kamboo-project.ngo\/fr\/wp-json\/wp\/v2\/pages\/10077\/page\/2\/\">Next \"<\/a>\t\t\t<\/nav>\n\t\t\t\t\t\t\t<\/div>\n\t\t\t\t\t\t\t\t\t<\/div>\n\n\t\t\n\t\t\t\t\t\t<\/div>\n\t\t\t\t<\/div>\n\t\t\t\t\t<\/div>\n\t\t<\/div>\n\t\t\t\t\t<\/div>\n\t\t<\/section>\n\t\t\t\t<\/div>\n\t\t","protected":false},"excerpt":{"rendered":"<p>All Bau &amp; Renovation Bildung Wasser\/ Sanit\u00e4r Schulneubau: Phum Pheak 4 Grundschule Erste Hilfe Raum an Schulen Notfall-Lebensmittelpaket f\u00fcr Vorzeigefamilie Projekt Schulgarten Bibliotheksprojekt Neue Projektzusammenarbeit mit der Organisation Safetyknot Ausbildung am PC Gem\u00fcseanbau zu Hause w\u00e4hrend der Pandemie Notfallbetreuungspaket f\u00fcr 100 Lernende Schulbedarf f\u00fcr 150 Grundsch\u00fcler Fahrradprojekt &#8220;Bells for a Better Life&#8221; Covid 19 Unterst\u00fctzung [&hellip;]<\/p>\n","protected":false},"author":1,"featured_media":0,"parent":0,"menu_order":0,"comment_status":"closed","ping_status":"closed","template":"","meta":{"_acf_changed":false,"footnotes":""},"class_list":["post-10077","page","type-page","status-publish","hentry"],"acf":[],"aioseo_notices":[],"_links":{"self":[{"href":"https:\/\/kamboo-project.ngo\/fr\/wp-json\/wp\/v2\/pages\/10077","targetHints":{"allow":["GET"]}}],"collection":[{"href":"https:\/\/kamboo-project.ngo\/fr\/wp-json\/wp\/v2\/pages"}],"about":[{"href":"https:\/\/kamboo-project.ngo\/fr\/wp-json\/wp\/v2\/types\/page"}],"author":[{"embeddable":true,"href":"https:\/\/kamboo-project.ngo\/fr\/wp-json\/wp\/v2\/users\/1"}],"replies":[{"embeddable":true,"href":"https:\/\/kamboo-project.ngo\/fr\/wp-json\/wp\/v2\/comments?post=10077"}],"version-history":[{"count":6,"href":"https:\/\/kamboo-project.ngo\/fr\/wp-json\/wp\/v2\/pages\/10077\/revisions"}],"predecessor-version":[{"id":11592,"href":"https:\/\/kamboo-project.ngo\/fr\/wp-json\/wp\/v2\/pages\/10077\/revisions\/11592"}],"wp:attachment":[{"href":"https:\/\/kamboo-project.ngo\/fr\/wp-json\/wp\/v2\/media?parent=10077"}],"curies":[{"name":"wp","href":"https:\/\/api.w.org\/{rel}","templated":true}]}}