{"id":10430,"date":"2017-03-19T13:58:28","date_gmt":"2017-03-19T12:58:28","guid":{"rendered":"https:\/\/kamboo-project.ngo\/staging\/?page_id=10430"},"modified":"2023-06-23T09:45:09","modified_gmt":"2023-06-23T07:45:09","slug":"construction-renovation","status":"publish","type":"page","link":"https:\/\/kamboo-project.ngo\/fr\/projets\/construction-renovation\/","title":{"rendered":"Construction &#038; R\u00e9novation"},"content":{"rendered":"\t\t<div data-elementor-type=\"wp-page\" data-elementor-id=\"10430\" class=\"elementor elementor-10430 elementor-6596\" data-elementor-post-type=\"page\">\n\t\t\t\t\t\t<section class=\"elementor-section elementor-top-section elementor-element elementor-element-232ffe1f elementor-section-height-min-height elementor-section-boxed elementor-section-height-default elementor-section-items-middle\" data-id=\"232ffe1f\" data-element_type=\"section\" data-e-type=\"section\" data-settings=\"{&quot;background_background&quot;:&quot;classic&quot;}\">\n\t\t\t\t\t\t<div class=\"elementor-container elementor-column-gap-default\">\n\t\t\t\t\t<div class=\"elementor-column elementor-col-100 elementor-top-column elementor-element elementor-element-52785164\" data-id=\"52785164\" data-element_type=\"column\" data-e-type=\"column\">\n\t\t\t<div class=\"elementor-widget-wrap elementor-element-populated\">\n\t\t\t\t\t\t<div class=\"elementor-element elementor-element-28f644ba elementor-widget elementor-widget-heading\" data-id=\"28f644ba\" data-element_type=\"widget\" data-e-type=\"widget\" data-widget_type=\"heading.default\">\n\t\t\t\t<div class=\"elementor-widget-container\">\n\t\t\t\t\t<h2 class=\"elementor-heading-title elementor-size-xl\">Construction &amp; R\u00e9novation<\/h2>\t\t\t\t<\/div>\n\t\t\t\t<\/div>\n\t\t\t\t\t<\/div>\n\t\t<\/div>\n\t\t\t\t\t<\/div>\n\t\t<\/section>\n\t\t\t\t<section class=\"elementor-section elementor-top-section elementor-element elementor-element-56389ade elementor-section-boxed elementor-section-height-default elementor-section-height-default\" data-id=\"56389ade\" data-element_type=\"section\" data-e-type=\"section\">\n\t\t\t\t\t\t<div class=\"elementor-container elementor-column-gap-default\">\n\t\t\t\t\t<div class=\"elementor-column elementor-col-100 elementor-top-column elementor-element elementor-element-10f7f885\" data-id=\"10f7f885\" data-element_type=\"column\" data-e-type=\"column\">\n\t\t\t<div class=\"elementor-widget-wrap elementor-element-populated\">\n\t\t\t\t\t\t<div class=\"elementor-element elementor-element-66d5d500 elementor-grid-4 pp-posts-thumbnail-ratio elementor-grid-tablet-2 elementor-grid-mobile-1 elementor-widget elementor-widget-pp-posts\" data-id=\"66d5d500\" data-element_type=\"widget\" data-e-type=\"widget\" data-widget_type=\"pp-posts.classic\">\n\t\t\t\t<div class=\"elementor-widget-container\">\n\t\t\t\t\t\t\t<div class=\"pp-posts-container\">\n\t\t\t\n\t\t\t\t\t\t\t\t\t\t\n\t\t\t<div class=\"pp-posts pp-posts-skin-classic elementor-grid pp-posts-grid\" data-query-type=\"custom\" data-layout=\"grid\" data-page=\"10430\" data-skin=\"classic\">\n\t\t\t\t\t\t\t\t\t\t\t<div class=\"pp-post-wrap pp-grid-item-wrap elementor-grid-item post-19283 koehn_project type-koehn_project status-publish has-post-thumbnail hentry category-construction-renovation-fr\">\n\t\t\t\t\t\t<div class=\"pp-post pp-grid-item\">\n\t\t\t\t\t\t<div class=\"pp-post-thumbnail\">\n\t\t\t<a class=\"pp-post-thumbnail-wrap\" href=\"https:\/\/kamboo-project.ngo\/fr\/projet\/un-lieu-dapprentissage-plus-sur-renovation-de-la-toiture-de-lecole-primaire-boeung-chum\/\" title=\"Un lieu d&rsquo;apprentissage plus s\u00fbr : R\u00e9novation de la toiture de l&rsquo;\u00e9cole primaire Boeung Chum\">\n\t\t\t\t<img fetchpriority=\"high\" decoding=\"async\" width=\"768\" height=\"1024\" src=\"https:\/\/kamboo-project.ngo\/wp-content\/uploads\/2026\/03\/photo_2026-03-02_15-59-13-768x1024.jpg\" class=\"attachment-large size-large wp-image-19282\" alt=\"\" \/>\t\t\t<\/a>\n\t\t<\/div>\n\t\t\n\t\t\t\t\n\t\t\t\t<div class=\"pp-post-content-wrap\">\n\t\t\t\t\t<div class=\"pp-post-content\">\n\t\t\t\t\t\t\t\t\t\t\t\t<h2 class=\"pp-post-title\">\n\t\t\t\t<a href=\"https:\/\/kamboo-project.ngo\/fr\/projet\/un-lieu-dapprentissage-plus-sur-renovation-de-la-toiture-de-lecole-primaire-boeung-chum\/\">Un lieu d&rsquo;apprentissage plus s\u00fbr : R\u00e9novation de la toiture de l&rsquo;\u00e9cole primaire Boeung Chum<\/a>\t\t\t<\/h2>\n\t\t\t\t\t\t\t\t<\/div>\n\t\t\t\t\t\t\t\t\t<\/div>\n\n\t\t\t\t\t\t\t<\/div>\n\t\t\t\t\t<\/div>\n\t\t\t\t<div class=\"pp-post-wrap pp-grid-item-wrap elementor-grid-item post-18205 koehn_project type-koehn_project status-publish has-post-thumbnail hentry category-construction-renovation-fr\">\n\t\t\t\t\t\t<div class=\"pp-post pp-grid-item\">\n\t\t\t\t\t\t<div class=\"pp-post-thumbnail\">\n\t\t\t<a class=\"pp-post-thumbnail-wrap\" href=\"https:\/\/kamboo-project.ngo\/fr\/projet\/renovation-des-aires-de-jeux-2025-un-espace-plus-sur-et-plus-heureux-pour-les-enfants\/\" title=\"R\u00e9novation des aires de jeux 2025 &#8211; Un espace plus s\u00fbr et plus heureux pour les enfants\">\n\t\t\t\t<img decoding=\"async\" width=\"800\" height=\"600\" src=\"https:\/\/kamboo-project.ngo\/wp-content\/uploads\/2025\/07\/photo_21_2025-04-28_14-42-08-1024x768.jpg\" class=\"attachment-large size-large wp-image-18114\" alt=\"\" srcset=\"https:\/\/kamboo-project.ngo\/wp-content\/uploads\/2025\/07\/photo_21_2025-04-28_14-42-08-1024x768.jpg 1024w, https:\/\/kamboo-project.ngo\/wp-content\/uploads\/2025\/07\/photo_21_2025-04-28_14-42-08-300x225.jpg 300w, https:\/\/kamboo-project.ngo\/wp-content\/uploads\/2025\/07\/photo_21_2025-04-28_14-42-08-768x576.jpg 768w, https:\/\/kamboo-project.ngo\/wp-content\/uploads\/2025\/07\/photo_21_2025-04-28_14-42-08.jpg 1280w\" sizes=\"(max-width: 800px) 100vw, 800px\" \/>\t\t\t<\/a>\n\t\t<\/div>\n\t\t\n\t\t\t\t\n\t\t\t\t<div class=\"pp-post-content-wrap\">\n\t\t\t\t\t<div class=\"pp-post-content\">\n\t\t\t\t\t\t\t\t\t\t\t\t<h2 class=\"pp-post-title\">\n\t\t\t\t<a href=\"https:\/\/kamboo-project.ngo\/fr\/projet\/renovation-des-aires-de-jeux-2025-un-espace-plus-sur-et-plus-heureux-pour-les-enfants\/\">R\u00e9novation des aires de jeux 2025 &#8211; Un espace plus s\u00fbr et plus heureux pour les enfants<\/a>\t\t\t<\/h2>\n\t\t\t\t\t\t\t\t<\/div>\n\t\t\t\t\t\t\t\t\t<\/div>\n\n\t\t\t\t\t\t\t<\/div>\n\t\t\t\t\t<\/div>\n\t\t\t\t<div class=\"pp-post-wrap pp-grid-item-wrap elementor-grid-item post-18206 koehn_project type-koehn_project status-publish has-post-thumbnail hentry category-construction-renovation-fr\">\n\t\t\t\t\t\t<div class=\"pp-post pp-grid-item\">\n\t\t\t\t\t\t<div class=\"pp-post-thumbnail\">\n\t\t\t<a class=\"pp-post-thumbnail-wrap\" href=\"https:\/\/kamboo-project.ngo\/fr\/projet\/renovation-de-la-bibliotheque-de-lecole-creer-des-espaces-dapprentissage-accueillants\/\" title=\"R\u00e9novation de la biblioth\u00e8que de l&rsquo;\u00e9cole &#8211; Cr\u00e9er des espaces d&rsquo;apprentissage accueillants\">\n\t\t\t\t<img decoding=\"async\" width=\"800\" height=\"600\" src=\"https:\/\/kamboo-project.ngo\/wp-content\/uploads\/2025\/07\/481259340_539081715877454_225584423362879259_n-1024x768.jpg\" class=\"attachment-large size-large wp-image-18128\" alt=\"\" srcset=\"https:\/\/kamboo-project.ngo\/wp-content\/uploads\/2025\/07\/481259340_539081715877454_225584423362879259_n-1024x768.jpg 1024w, https:\/\/kamboo-project.ngo\/wp-content\/uploads\/2025\/07\/481259340_539081715877454_225584423362879259_n-300x225.jpg 300w, https:\/\/kamboo-project.ngo\/wp-content\/uploads\/2025\/07\/481259340_539081715877454_225584423362879259_n-768x576.jpg 768w, https:\/\/kamboo-project.ngo\/wp-content\/uploads\/2025\/07\/481259340_539081715877454_225584423362879259_n.jpg 1280w\" sizes=\"(max-width: 800px) 100vw, 800px\" \/>\t\t\t<\/a>\n\t\t<\/div>\n\t\t\n\t\t\t\t\n\t\t\t\t<div class=\"pp-post-content-wrap\">\n\t\t\t\t\t<div class=\"pp-post-content\">\n\t\t\t\t\t\t\t\t\t\t\t\t<h2 class=\"pp-post-title\">\n\t\t\t\t<a href=\"https:\/\/kamboo-project.ngo\/fr\/projet\/renovation-de-la-bibliotheque-de-lecole-creer-des-espaces-dapprentissage-accueillants\/\">R\u00e9novation de la biblioth\u00e8que de l&rsquo;\u00e9cole &#8211; Cr\u00e9er des espaces d&rsquo;apprentissage accueillants<\/a>\t\t\t<\/h2>\n\t\t\t\t\t\t\t\t<\/div>\n\t\t\t\t\t\t\t\t\t<\/div>\n\n\t\t\t\t\t\t\t<\/div>\n\t\t\t\t\t<\/div>\n\t\t\t\t<div class=\"pp-post-wrap pp-grid-item-wrap elementor-grid-item post-17869 koehn_project type-koehn_project status-publish has-post-thumbnail hentry category-construction-renovation-fr\">\n\t\t\t\t\t\t<div class=\"pp-post pp-grid-item\">\n\t\t\t\t\t\t<div class=\"pp-post-thumbnail\">\n\t\t\t<a class=\"pp-post-thumbnail-wrap\" href=\"https:\/\/kamboo-project.ngo\/fr\/projet\/le-meilleur-de-la-construction-durable-de-batiments-scolaires\/\" title=\"Le meilleur de la construction scolaire durable\">\n\t\t\t\t<img loading=\"lazy\" decoding=\"async\" width=\"800\" height=\"600\" src=\"https:\/\/kamboo-project.ngo\/wp-content\/uploads\/2025\/03\/photo_2025-01-22_14-54-15-1024x768.jpg\" class=\"attachment-large size-large wp-image-17813\" alt=\"\" srcset=\"https:\/\/kamboo-project.ngo\/wp-content\/uploads\/2025\/03\/photo_2025-01-22_14-54-15-1024x768.jpg 1024w, https:\/\/kamboo-project.ngo\/wp-content\/uploads\/2025\/03\/photo_2025-01-22_14-54-15-300x225.jpg 300w, https:\/\/kamboo-project.ngo\/wp-content\/uploads\/2025\/03\/photo_2025-01-22_14-54-15-768x576.jpg 768w, https:\/\/kamboo-project.ngo\/wp-content\/uploads\/2025\/03\/photo_2025-01-22_14-54-15.jpg 1280w\" sizes=\"(max-width: 800px) 100vw, 800px\" \/>\t\t\t<\/a>\n\t\t<\/div>\n\t\t\n\t\t\t\t\n\t\t\t\t<div class=\"pp-post-content-wrap\">\n\t\t\t\t\t<div class=\"pp-post-content\">\n\t\t\t\t\t\t\t\t\t\t\t\t<h2 class=\"pp-post-title\">\n\t\t\t\t<a href=\"https:\/\/kamboo-project.ngo\/fr\/projet\/le-meilleur-de-la-construction-durable-de-batiments-scolaires\/\">Le meilleur de la construction scolaire durable<\/a>\t\t\t<\/h2>\n\t\t\t\t\t\t\t\t<\/div>\n\t\t\t\t\t\t\t\t\t<\/div>\n\n\t\t\t\t\t\t\t<\/div>\n\t\t\t\t\t<\/div>\n\t\t\t\t<div class=\"pp-post-wrap pp-grid-item-wrap elementor-grid-item post-17510 koehn_project type-koehn_project status-publish has-post-thumbnail hentry category-construction-renovation-fr\">\n\t\t\t\t\t\t<div class=\"pp-post pp-grid-item\">\n\t\t\t\t\t\t<div class=\"pp-post-thumbnail\">\n\t\t\t<a class=\"pp-post-thumbnail-wrap\" href=\"https:\/\/kamboo-project.ngo\/fr\/projet\/interdependance-des-bourses-detudes-et-des-projets-generateurs-de-revenus\/\" title=\"Interd\u00e9pendance des bourses d&rsquo;\u00e9tudes et des projets g\u00e9n\u00e9rateurs de revenus\">\n\t\t\t\t<img loading=\"lazy\" decoding=\"async\" width=\"800\" height=\"600\" src=\"https:\/\/kamboo-project.ngo\/wp-content\/uploads\/2024\/12\/photo_2024-11-12_11-19-25-1024x768.jpg\" class=\"attachment-large size-large wp-image-17361\" alt=\"\" srcset=\"https:\/\/kamboo-project.ngo\/wp-content\/uploads\/2024\/12\/photo_2024-11-12_11-19-25-1024x768.jpg 1024w, https:\/\/kamboo-project.ngo\/wp-content\/uploads\/2024\/12\/photo_2024-11-12_11-19-25-300x225.jpg 300w, https:\/\/kamboo-project.ngo\/wp-content\/uploads\/2024\/12\/photo_2024-11-12_11-19-25-768x576.jpg 768w, https:\/\/kamboo-project.ngo\/wp-content\/uploads\/2024\/12\/photo_2024-11-12_11-19-25.jpg 1280w\" sizes=\"(max-width: 800px) 100vw, 800px\" \/>\t\t\t<\/a>\n\t\t<\/div>\n\t\t\n\t\t\t\t\n\t\t\t\t<div class=\"pp-post-content-wrap\">\n\t\t\t\t\t<div class=\"pp-post-content\">\n\t\t\t\t\t\t\t\t\t\t\t\t<h2 class=\"pp-post-title\">\n\t\t\t\t<a href=\"https:\/\/kamboo-project.ngo\/fr\/projet\/interdependance-des-bourses-detudes-et-des-projets-generateurs-de-revenus\/\">Interd\u00e9pendance des bourses d&rsquo;\u00e9tudes et des projets g\u00e9n\u00e9rateurs de revenus<\/a>\t\t\t<\/h2>\n\t\t\t\t\t\t\t\t<\/div>\n\t\t\t\t\t\t\t\t\t<\/div>\n\n\t\t\t\t\t\t\t<\/div>\n\t\t\t\t\t<\/div>\n\t\t\t\t<div class=\"pp-post-wrap pp-grid-item-wrap elementor-grid-item post-15287 koehn_project type-koehn_project status-publish has-post-thumbnail hentry category-construction-renovation-fr category-eau-sanitaire\">\n\t\t\t\t\t\t<div class=\"pp-post pp-grid-item\">\n\t\t\t\t\t\t<div class=\"pp-post-thumbnail\">\n\t\t\t<a class=\"pp-post-thumbnail-wrap\" href=\"https:\/\/kamboo-project.ngo\/fr\/projet\/geberit-et-kamboo-project-realisent-le-projet-social-2024-dans-le-respect-des-delais-et-du-budget\/\" title=\"Geberit et Kamboo Project r\u00e9alisent le \u00ab\u00a0Projet social 2024\u00a0\u00bb dans le respect des d\u00e9lais et du budget.\">\n\t\t\t\t<img loading=\"lazy\" decoding=\"async\" width=\"800\" height=\"600\" src=\"https:\/\/kamboo-project.ngo\/wp-content\/uploads\/2024\/11\/cef526e7-cc4f-4768-acc5-23758255f622-1024x768.jpg\" class=\"attachment-large size-large wp-image-15245\" alt=\"\" srcset=\"https:\/\/kamboo-project.ngo\/wp-content\/uploads\/2024\/11\/cef526e7-cc4f-4768-acc5-23758255f622-1024x768.jpg 1024w, https:\/\/kamboo-project.ngo\/wp-content\/uploads\/2024\/11\/cef526e7-cc4f-4768-acc5-23758255f622-300x225.jpg 300w, https:\/\/kamboo-project.ngo\/wp-content\/uploads\/2024\/11\/cef526e7-cc4f-4768-acc5-23758255f622-768x576.jpg 768w, https:\/\/kamboo-project.ngo\/wp-content\/uploads\/2024\/11\/cef526e7-cc4f-4768-acc5-23758255f622-1536x1152.jpg 1536w, https:\/\/kamboo-project.ngo\/wp-content\/uploads\/2024\/11\/cef526e7-cc4f-4768-acc5-23758255f622.JPG 1600w\" sizes=\"(max-width: 800px) 100vw, 800px\" \/>\t\t\t<\/a>\n\t\t<\/div>\n\t\t\n\t\t\t\t\n\t\t\t\t<div class=\"pp-post-content-wrap\">\n\t\t\t\t\t<div class=\"pp-post-content\">\n\t\t\t\t\t\t\t\t\t\t\t\t<h2 class=\"pp-post-title\">\n\t\t\t\t<a href=\"https:\/\/kamboo-project.ngo\/fr\/projet\/geberit-et-kamboo-project-realisent-le-projet-social-2024-dans-le-respect-des-delais-et-du-budget\/\">Geberit et Kamboo Project r\u00e9alisent le \u00ab\u00a0Projet social 2024\u00a0\u00bb dans le respect des d\u00e9lais et du budget.<\/a>\t\t\t<\/h2>\n\t\t\t\t\t\t\t\t<\/div>\n\t\t\t\t\t\t\t\t\t<\/div>\n\n\t\t\t\t\t\t\t<\/div>\n\t\t\t\t\t<\/div>\n\t\t\t\t<div class=\"pp-post-wrap pp-grid-item-wrap elementor-grid-item post-14758 koehn_project type-koehn_project status-publish has-post-thumbnail hentry category-construction-renovation-fr category-projets\">\n\t\t\t\t\t\t<div class=\"pp-post pp-grid-item\">\n\t\t\t\t\t\t<div class=\"pp-post-thumbnail\">\n\t\t\t<a class=\"pp-post-thumbnail-wrap\" href=\"https:\/\/kamboo-project.ngo\/fr\/projet\/cuisine-scolaire-a-lecole-primaire-de-phum-steung\/\" title=\"Cuisine scolaire pour l&rsquo;\u00e9cole primaire de Phum Steung\">\n\t\t\t\t<img loading=\"lazy\" decoding=\"async\" width=\"800\" height=\"600\" src=\"https:\/\/kamboo-project.ngo\/wp-content\/uploads\/2024\/08\/photo_2024-08-21_11-35-36-1024x768.jpg\" class=\"attachment-large size-large wp-image-14707\" alt=\"\" srcset=\"https:\/\/kamboo-project.ngo\/wp-content\/uploads\/2024\/08\/photo_2024-08-21_11-35-36-1024x768.jpg 1024w, https:\/\/kamboo-project.ngo\/wp-content\/uploads\/2024\/08\/photo_2024-08-21_11-35-36-300x225.jpg 300w, https:\/\/kamboo-project.ngo\/wp-content\/uploads\/2024\/08\/photo_2024-08-21_11-35-36-768x576.jpg 768w, https:\/\/kamboo-project.ngo\/wp-content\/uploads\/2024\/08\/photo_2024-08-21_11-35-36.jpg 1280w\" sizes=\"(max-width: 800px) 100vw, 800px\" \/>\t\t\t<\/a>\n\t\t<\/div>\n\t\t\n\t\t\t\t\n\t\t\t\t<div class=\"pp-post-content-wrap\">\n\t\t\t\t\t<div class=\"pp-post-content\">\n\t\t\t\t\t\t\t\t\t\t\t\t<h2 class=\"pp-post-title\">\n\t\t\t\t<a href=\"https:\/\/kamboo-project.ngo\/fr\/projet\/cuisine-scolaire-a-lecole-primaire-de-phum-steung\/\">Cuisine scolaire pour l&rsquo;\u00e9cole primaire de Phum Steung<\/a>\t\t\t<\/h2>\n\t\t\t\t\t\t\t\t<\/div>\n\t\t\t\t\t\t\t\t\t<\/div>\n\n\t\t\t\t\t\t\t<\/div>\n\t\t\t\t\t<\/div>\n\t\t\t\t<div class=\"pp-post-wrap pp-grid-item-wrap elementor-grid-item post-14757 koehn_project type-koehn_project status-publish has-post-thumbnail hentry category-construction-renovation-fr category-projets\">\n\t\t\t\t\t\t<div class=\"pp-post pp-grid-item\">\n\t\t\t\t\t\t<div class=\"pp-post-thumbnail\">\n\t\t\t<a class=\"pp-post-thumbnail-wrap\" href=\"https:\/\/kamboo-project.ngo\/fr\/projet\/renovation-de-la-toiture-de-lecole-primaire-ta-ei\/\" title=\"R\u00e9novation de la toiture de l&rsquo;\u00e9cole primaire Ta Ei\">\n\t\t\t\t<img loading=\"lazy\" decoding=\"async\" width=\"800\" height=\"600\" src=\"https:\/\/kamboo-project.ngo\/wp-content\/uploads\/2024\/08\/photo_2024-05-28_10-35-26-1024x768.jpg\" class=\"attachment-large size-large wp-image-14720\" alt=\"\" srcset=\"https:\/\/kamboo-project.ngo\/wp-content\/uploads\/2024\/08\/photo_2024-05-28_10-35-26-1024x768.jpg 1024w, https:\/\/kamboo-project.ngo\/wp-content\/uploads\/2024\/08\/photo_2024-05-28_10-35-26-300x225.jpg 300w, https:\/\/kamboo-project.ngo\/wp-content\/uploads\/2024\/08\/photo_2024-05-28_10-35-26-768x576.jpg 768w, https:\/\/kamboo-project.ngo\/wp-content\/uploads\/2024\/08\/photo_2024-05-28_10-35-26.jpg 1280w\" sizes=\"(max-width: 800px) 100vw, 800px\" \/>\t\t\t<\/a>\n\t\t<\/div>\n\t\t\n\t\t\t\t\n\t\t\t\t<div class=\"pp-post-content-wrap\">\n\t\t\t\t\t<div class=\"pp-post-content\">\n\t\t\t\t\t\t\t\t\t\t\t\t<h2 class=\"pp-post-title\">\n\t\t\t\t<a href=\"https:\/\/kamboo-project.ngo\/fr\/projet\/renovation-de-la-toiture-de-lecole-primaire-ta-ei\/\">R\u00e9novation de la toiture de l&rsquo;\u00e9cole primaire Ta Ei<\/a>\t\t\t<\/h2>\n\t\t\t\t\t\t\t\t<\/div>\n\t\t\t\t\t\t\t\t\t<\/div>\n\n\t\t\t\t\t\t\t<\/div>\n\t\t\t\t\t<\/div>\n\t\t\t\t<div class=\"pp-post-wrap pp-grid-item-wrap elementor-grid-item post-14756 koehn_project type-koehn_project status-publish has-post-thumbnail hentry category-construction-renovation-fr category-projets\">\n\t\t\t\t\t\t<div class=\"pp-post pp-grid-item\">\n\t\t\t\t\t\t<div class=\"pp-post-thumbnail\">\n\t\t\t<a class=\"pp-post-thumbnail-wrap\" href=\"https:\/\/kamboo-project.ngo\/fr\/projet\/cloture-de-lecole-primaire-de-phum-steung\/\" title=\"Cl\u00f4ture pour l&rsquo;\u00e9cole primaire de Phum Steung\">\n\t\t\t\t<img loading=\"lazy\" decoding=\"async\" width=\"800\" height=\"370\" src=\"https:\/\/kamboo-project.ngo\/wp-content\/uploads\/2024\/08\/photo_2024-04-06_13-35-59-2-1024x473.jpg\" class=\"attachment-large size-large wp-image-14751\" alt=\"\" srcset=\"https:\/\/kamboo-project.ngo\/wp-content\/uploads\/2024\/08\/photo_2024-04-06_13-35-59-2-1024x473.jpg 1024w, https:\/\/kamboo-project.ngo\/wp-content\/uploads\/2024\/08\/photo_2024-04-06_13-35-59-2-300x139.jpg 300w, https:\/\/kamboo-project.ngo\/wp-content\/uploads\/2024\/08\/photo_2024-04-06_13-35-59-2-768x355.jpg 768w, https:\/\/kamboo-project.ngo\/wp-content\/uploads\/2024\/08\/photo_2024-04-06_13-35-59-2.jpg 1280w\" sizes=\"(max-width: 800px) 100vw, 800px\" \/>\t\t\t<\/a>\n\t\t<\/div>\n\t\t\n\t\t\t\t\n\t\t\t\t<div class=\"pp-post-content-wrap\">\n\t\t\t\t\t<div class=\"pp-post-content\">\n\t\t\t\t\t\t\t\t\t\t\t\t<h2 class=\"pp-post-title\">\n\t\t\t\t<a href=\"https:\/\/kamboo-project.ngo\/fr\/projet\/cloture-de-lecole-primaire-de-phum-steung\/\">Cl\u00f4ture pour l&rsquo;\u00e9cole primaire de Phum Steung<\/a>\t\t\t<\/h2>\n\t\t\t\t\t\t\t\t<\/div>\n\t\t\t\t\t\t\t\t\t<\/div>\n\n\t\t\t\t\t\t\t<\/div>\n\t\t\t\t\t<\/div>\n\t\t\t\t<div class=\"pp-post-wrap pp-grid-item-wrap elementor-grid-item post-14405 koehn_project type-koehn_project status-publish has-post-thumbnail hentry category-construction-renovation-fr category-projets\">\n\t\t\t\t\t\t<div class=\"pp-post pp-grid-item\">\n\t\t\t\t\t\t<div class=\"pp-post-thumbnail\">\n\t\t\t<a class=\"pp-post-thumbnail-wrap\" href=\"https:\/\/kamboo-project.ngo\/fr\/projet\/amelioration-de-linfrastructure-educative-pour-les-enfants-defavorises-a-lecole-primaire-ta-ei\/\" title=\"Am\u00e9lioration de l&rsquo;infrastructure \u00e9ducative pour les enfants d\u00e9favoris\u00e9s \u00e0 l&rsquo;\u00e9cole primaire Ta Ei\">\n\t\t\t\t<img loading=\"lazy\" decoding=\"async\" width=\"800\" height=\"600\" src=\"https:\/\/kamboo-project.ngo\/wp-content\/uploads\/2024\/06\/photo_2024-05-29_08-10-14-1024x768.jpg\" class=\"attachment-large size-large wp-image-14373\" alt=\"\" srcset=\"https:\/\/kamboo-project.ngo\/wp-content\/uploads\/2024\/06\/photo_2024-05-29_08-10-14-1024x768.jpg 1024w, https:\/\/kamboo-project.ngo\/wp-content\/uploads\/2024\/06\/photo_2024-05-29_08-10-14-300x225.jpg 300w, https:\/\/kamboo-project.ngo\/wp-content\/uploads\/2024\/06\/photo_2024-05-29_08-10-14-768x576.jpg 768w, https:\/\/kamboo-project.ngo\/wp-content\/uploads\/2024\/06\/photo_2024-05-29_08-10-14.jpg 1280w\" sizes=\"(max-width: 800px) 100vw, 800px\" \/>\t\t\t<\/a>\n\t\t<\/div>\n\t\t\n\t\t\t\t\n\t\t\t\t<div class=\"pp-post-content-wrap\">\n\t\t\t\t\t<div class=\"pp-post-content\">\n\t\t\t\t\t\t\t\t\t\t\t\t<h2 class=\"pp-post-title\">\n\t\t\t\t<a href=\"https:\/\/kamboo-project.ngo\/fr\/projet\/amelioration-de-linfrastructure-educative-pour-les-enfants-defavorises-a-lecole-primaire-ta-ei\/\">Am\u00e9lioration de l&rsquo;infrastructure \u00e9ducative pour les enfants d\u00e9favoris\u00e9s \u00e0 l&rsquo;\u00e9cole primaire Ta Ei<\/a>\t\t\t<\/h2>\n\t\t\t\t\t\t\t\t<\/div>\n\t\t\t\t\t\t\t\t\t<\/div>\n\n\t\t\t\t\t\t\t<\/div>\n\t\t\t\t\t<\/div>\n\t\t\t\t<div class=\"pp-post-wrap pp-grid-item-wrap elementor-grid-item post-14402 koehn_project type-koehn_project status-publish has-post-thumbnail hentry category-construction-renovation-fr category-education\">\n\t\t\t\t\t\t<div class=\"pp-post pp-grid-item\">\n\t\t\t\t\t\t<div class=\"pp-post-thumbnail\">\n\t\t\t<a class=\"pp-post-thumbnail-wrap\" href=\"https:\/\/kamboo-project.ngo\/fr\/projet\/equipement-tic-pour-lecole-primaire-de-boeung-chum\/\" title=\"\u00c9quipement TIC pour l&rsquo;\u00e9cole primaire de Boeung Chum\">\n\t\t\t\t<img loading=\"lazy\" decoding=\"async\" width=\"800\" height=\"600\" src=\"https:\/\/kamboo-project.ngo\/wp-content\/uploads\/2024\/06\/photo_2024-04-03_11-45-19-1024x768.jpg\" class=\"attachment-large size-large wp-image-14348\" alt=\"\" srcset=\"https:\/\/kamboo-project.ngo\/wp-content\/uploads\/2024\/06\/photo_2024-04-03_11-45-19-1024x768.jpg 1024w, https:\/\/kamboo-project.ngo\/wp-content\/uploads\/2024\/06\/photo_2024-04-03_11-45-19-300x225.jpg 300w, https:\/\/kamboo-project.ngo\/wp-content\/uploads\/2024\/06\/photo_2024-04-03_11-45-19-768x576.jpg 768w, https:\/\/kamboo-project.ngo\/wp-content\/uploads\/2024\/06\/photo_2024-04-03_11-45-19.jpg 1280w\" sizes=\"(max-width: 800px) 100vw, 800px\" \/>\t\t\t<\/a>\n\t\t<\/div>\n\t\t\n\t\t\t\t\n\t\t\t\t<div class=\"pp-post-content-wrap\">\n\t\t\t\t\t<div class=\"pp-post-content\">\n\t\t\t\t\t\t\t\t\t\t\t\t<h2 class=\"pp-post-title\">\n\t\t\t\t<a href=\"https:\/\/kamboo-project.ngo\/fr\/projet\/equipement-tic-pour-lecole-primaire-de-boeung-chum\/\">\u00c9quipement TIC pour l&rsquo;\u00e9cole primaire de Boeung Chum<\/a>\t\t\t<\/h2>\n\t\t\t\t\t\t\t\t<\/div>\n\t\t\t\t\t\t\t\t\t<\/div>\n\n\t\t\t\t\t\t\t<\/div>\n\t\t\t\t\t<\/div>\n\t\t\t\t<div class=\"pp-post-wrap pp-grid-item-wrap elementor-grid-item post-14218 koehn_project type-koehn_project status-publish has-post-thumbnail hentry category-construction-renovation-fr\">\n\t\t\t\t\t\t<div class=\"pp-post pp-grid-item\">\n\t\t\t\t\t\t<div class=\"pp-post-thumbnail\">\n\t\t\t<a class=\"pp-post-thumbnail-wrap\" href=\"https:\/\/kamboo-project.ngo\/fr\/projet\/ameliorer-linfrastructure-educative-pour-les-enfants-defavorises\/\" title=\"Am\u00e9liorer l&rsquo;infrastructure \u00e9ducative pour les enfants d\u00e9favoris\u00e9s \u00e0 l&rsquo;\u00e9cole primaire de Boeung Chum\">\n\t\t\t\t<img loading=\"lazy\" decoding=\"async\" width=\"800\" height=\"600\" src=\"https:\/\/kamboo-project.ngo\/wp-content\/uploads\/2024\/05\/photo_2024-05-29_11-03-04-1024x768.jpg\" class=\"attachment-large size-large wp-image-14094\" alt=\"\" srcset=\"https:\/\/kamboo-project.ngo\/wp-content\/uploads\/2024\/05\/photo_2024-05-29_11-03-04-1024x768.jpg 1024w, https:\/\/kamboo-project.ngo\/wp-content\/uploads\/2024\/05\/photo_2024-05-29_11-03-04-300x225.jpg 300w, https:\/\/kamboo-project.ngo\/wp-content\/uploads\/2024\/05\/photo_2024-05-29_11-03-04-768x576.jpg 768w, https:\/\/kamboo-project.ngo\/wp-content\/uploads\/2024\/05\/photo_2024-05-29_11-03-04.jpg 1280w\" sizes=\"(max-width: 800px) 100vw, 800px\" \/>\t\t\t<\/a>\n\t\t<\/div>\n\t\t\n\t\t\t\t\n\t\t\t\t<div class=\"pp-post-content-wrap\">\n\t\t\t\t\t<div class=\"pp-post-content\">\n\t\t\t\t\t\t\t\t\t\t\t\t<h2 class=\"pp-post-title\">\n\t\t\t\t<a href=\"https:\/\/kamboo-project.ngo\/fr\/projet\/ameliorer-linfrastructure-educative-pour-les-enfants-defavorises\/\">Am\u00e9liorer l&rsquo;infrastructure \u00e9ducative pour les enfants d\u00e9favoris\u00e9s \u00e0 l&rsquo;\u00e9cole primaire de Boeung Chum<\/a>\t\t\t<\/h2>\n\t\t\t\t\t\t\t\t<\/div>\n\t\t\t\t\t\t\t\t\t<\/div>\n\n\t\t\t\t\t\t\t<\/div>\n\t\t\t\t\t<\/div>\n\t\t\t\t\t\t\t\t\t<\/div>\n\t\t\t\n\t\t\t\n\t\t\t\n\t\t\t\n\t\t\t\t\t\t\t\t\t\t\t<div class=\"pp-posts-pagination-wrap pp-posts-pagination-bottom\">\n\t\t\t\t\t\t\t\t<nav class=\"pp-posts-pagination pp-posts-pagination-ajax elementor-pagination\" role=\"navigation\" aria-label=\"Pagination\" data-total=\"3\">\n\t\t\t\t<span aria-current=\"page\" class=\"page-numbers current\">1<\/span>\n<a class=\"page-numbers\" href=\"https:\/\/kamboo-project.ngo\/fr\/wp-json\/wp\/v2\/pages\/10430\/page\/2\/\">2<\/a>\n<a class=\"page-numbers\" href=\"https:\/\/kamboo-project.ngo\/fr\/wp-json\/wp\/v2\/pages\/10430\/page\/3\/\">3<\/a>\n<a class=\"next page-numbers\" href=\"https:\/\/kamboo-project.ngo\/fr\/wp-json\/wp\/v2\/pages\/10430\/page\/2\/\">Next &raquo;<\/a>\t\t\t<\/nav>\n\t\t\t\t\t\t\t<\/div>\n\t\t\t\t\t\t\t\t\t<\/div>\n\n\t\t\n\t\t\t\t\t\t<\/div>\n\t\t\t\t<\/div>\n\t\t\t\t\t<\/div>\n\t\t<\/div>\n\t\t\t\t\t<\/div>\n\t\t<\/section>\n\t\t\t\t<\/div>\n\t\t","protected":false},"excerpt":{"rendered":"<p>Construction &amp; R\u00e9novation Schulneubau: Phum Pheak 4 Grundschule Neue Projektzusammenarbeit mit der Organisation Safetyknot Renovationsarbeiten an der Ta Ey Schule Infrastruktur-Aufwertung an der Chea Smon Grundschule Schulinfrastruktur: Wat Roka Grundschule Hausrenovation Dorf Anhchanh Instandsetzung der Schule Anlong Pir Renovierung des Dachs eines Schulgeb\u00e4udes und Fassadenanstrich Reparatur von Dach, Hauswand und Toilette f\u00fcr Anhchanh Familie Haus [&hellip;]<\/p>\n","protected":false},"author":1,"featured_media":0,"parent":10077,"menu_order":0,"comment_status":"closed","ping_status":"closed","template":"","meta":{"_acf_changed":false,"footnotes":""},"class_list":["post-10430","page","type-page","status-publish","hentry"],"acf":[],"aioseo_notices":[],"_links":{"self":[{"href":"https:\/\/kamboo-project.ngo\/fr\/wp-json\/wp\/v2\/pages\/10430","targetHints":{"allow":["GET"]}}],"collection":[{"href":"https:\/\/kamboo-project.ngo\/fr\/wp-json\/wp\/v2\/pages"}],"about":[{"href":"https:\/\/kamboo-project.ngo\/fr\/wp-json\/wp\/v2\/types\/page"}],"author":[{"embeddable":true,"href":"https:\/\/kamboo-project.ngo\/fr\/wp-json\/wp\/v2\/users\/1"}],"replies":[{"embeddable":true,"href":"https:\/\/kamboo-project.ngo\/fr\/wp-json\/wp\/v2\/comments?post=10430"}],"version-history":[{"count":7,"href":"https:\/\/kamboo-project.ngo\/fr\/wp-json\/wp\/v2\/pages\/10430\/revisions"}],"predecessor-version":[{"id":11333,"href":"https:\/\/kamboo-project.ngo\/fr\/wp-json\/wp\/v2\/pages\/10430\/revisions\/11333"}],"up":[{"embeddable":true,"href":"https:\/\/kamboo-project.ngo\/fr\/wp-json\/wp\/v2\/pages\/10077"}],"wp:attachment":[{"href":"https:\/\/kamboo-project.ngo\/fr\/wp-json\/wp\/v2\/media?parent=10430"}],"curies":[{"name":"wp","href":"https:\/\/api.w.org\/{rel}","templated":true}]}}