{"id":10431,"date":"2017-03-19T14:40:00","date_gmt":"2017-03-19T13:40:00","guid":{"rendered":"https:\/\/kamboo-project.ngo\/staging\/?page_id=10431"},"modified":"2023-06-23T09:44:55","modified_gmt":"2023-06-23T07:44:55","slug":"education","status":"publish","type":"page","link":"https:\/\/kamboo-project.ngo\/fr\/projets\/education\/","title":{"rendered":"\u00c9ducation"},"content":{"rendered":"\t\t<div data-elementor-type=\"wp-page\" data-elementor-id=\"10431\" class=\"elementor elementor-10431 elementor-6618\" data-elementor-post-type=\"page\">\n\t\t\t\t\t\t<section class=\"elementor-section elementor-top-section elementor-element elementor-element-18a89607 elementor-section-height-min-height elementor-section-boxed elementor-section-height-default elementor-section-items-middle\" data-id=\"18a89607\" data-element_type=\"section\" data-e-type=\"section\" data-settings=\"{&quot;background_background&quot;:&quot;classic&quot;}\">\n\t\t\t\t\t\t<div class=\"elementor-container elementor-column-gap-default\">\n\t\t\t\t\t<div class=\"elementor-column elementor-col-100 elementor-top-column elementor-element elementor-element-4dc4d53d\" data-id=\"4dc4d53d\" data-element_type=\"column\" data-e-type=\"column\">\n\t\t\t<div class=\"elementor-widget-wrap elementor-element-populated\">\n\t\t\t\t\t\t<div class=\"elementor-element elementor-element-79a95b8c elementor-widget elementor-widget-heading\" data-id=\"79a95b8c\" data-element_type=\"widget\" data-e-type=\"widget\" data-widget_type=\"heading.default\">\n\t\t\t\t<div class=\"elementor-widget-container\">\n\t\t\t\t\t<h2 class=\"elementor-heading-title elementor-size-xl\">\u00c9ducation<\/h2>\t\t\t\t<\/div>\n\t\t\t\t<\/div>\n\t\t\t\t\t<\/div>\n\t\t<\/div>\n\t\t\t\t\t<\/div>\n\t\t<\/section>\n\t\t\t\t<section class=\"elementor-section elementor-top-section elementor-element elementor-element-26762910 elementor-section-boxed elementor-section-height-default elementor-section-height-default\" data-id=\"26762910\" data-element_type=\"section\" data-e-type=\"section\">\n\t\t\t\t\t\t<div class=\"elementor-container elementor-column-gap-default\">\n\t\t\t\t\t<div class=\"elementor-column elementor-col-100 elementor-top-column elementor-element elementor-element-309e04ed\" data-id=\"309e04ed\" data-element_type=\"column\" data-e-type=\"column\">\n\t\t\t<div class=\"elementor-widget-wrap elementor-element-populated\">\n\t\t\t\t\t\t<div class=\"elementor-element elementor-element-162e46a8 elementor-grid-4 pp-posts-thumbnail-ratio elementor-grid-tablet-2 elementor-grid-mobile-1 elementor-widget elementor-widget-pp-posts\" data-id=\"162e46a8\" data-element_type=\"widget\" data-e-type=\"widget\" data-widget_type=\"pp-posts.classic\">\n\t\t\t\t<div class=\"elementor-widget-container\">\n\t\t\t\t\t\t\t<div class=\"pp-posts-container\">\n\t\t\t\n\t\t\t\t\t\t\t\t\t\t\n\t\t\t<div class=\"pp-posts pp-posts-skin-classic elementor-grid pp-posts-grid\" data-query-type=\"custom\" data-layout=\"grid\" data-page=\"10431\" data-skin=\"classic\">\n\t\t\t\t\t\t\t\t\t\t\t<div class=\"pp-post-wrap pp-grid-item-wrap elementor-grid-item post-19306 koehn_project type-koehn_project status-publish has-post-thumbnail hentry category-education\">\n\t\t\t\t\t\t<div class=\"pp-post pp-grid-item\">\n\t\t\t\t\t\t<div class=\"pp-post-thumbnail\">\n\t\t\t<a class=\"pp-post-thumbnail-wrap\" href=\"https:\/\/kamboo-project.ngo\/fr\/projet\/bicyclettes-pour-les-apprenants-un-bon-depart-pour-2026\/\" title=\"Bicyclettes pour les apprenants &#8211; un bon d\u00e9part pour 2026\">\n\t\t\t\t<img fetchpriority=\"high\" decoding=\"async\" width=\"800\" height=\"533\" src=\"https:\/\/kamboo-project.ngo\/wp-content\/uploads\/2026\/03\/photo_2026-02-06_09-30-19-1024x682.jpg\" class=\"attachment-large size-large wp-image-19305\" alt=\"\" srcset=\"https:\/\/kamboo-project.ngo\/wp-content\/uploads\/2026\/03\/photo_2026-02-06_09-30-19-1024x682.jpg 1024w, https:\/\/kamboo-project.ngo\/wp-content\/uploads\/2026\/03\/photo_2026-02-06_09-30-19-300x200.jpg 300w, https:\/\/kamboo-project.ngo\/wp-content\/uploads\/2026\/03\/photo_2026-02-06_09-30-19-768x512.jpg 768w, https:\/\/kamboo-project.ngo\/wp-content\/uploads\/2026\/03\/photo_2026-02-06_09-30-19.jpg 1280w\" sizes=\"(max-width: 800px) 100vw, 800px\" \/>\t\t\t<\/a>\n\t\t<\/div>\n\t\t\n\t\t\t\t\n\t\t\t\t<div class=\"pp-post-content-wrap\">\n\t\t\t\t\t<div class=\"pp-post-content\">\n\t\t\t\t\t\t\t\t\t\t\t\t<h2 class=\"pp-post-title\">\n\t\t\t\t<a href=\"https:\/\/kamboo-project.ngo\/fr\/projet\/bicyclettes-pour-les-apprenants-un-bon-depart-pour-2026\/\">Bicyclettes pour les apprenants &#8211; un bon d\u00e9part pour 2026<\/a>\t\t\t<\/h2>\n\t\t\t\t\t\t\t\t<\/div>\n\t\t\t\t\t\t\t\t\t<\/div>\n\n\t\t\t\t\t\t\t<\/div>\n\t\t\t\t\t<\/div>\n\t\t\t\t<div class=\"pp-post-wrap pp-grid-item-wrap elementor-grid-item post-19272 koehn_project type-koehn_project status-publish has-post-thumbnail hentry category-education\">\n\t\t\t\t\t\t<div class=\"pp-post pp-grid-item\">\n\t\t\t\t\t\t<div class=\"pp-post-thumbnail\">\n\t\t\t<a class=\"pp-post-thumbnail-wrap\" href=\"https:\/\/kamboo-project.ngo\/fr\/projet\/une-cour-de-recreation-sure-et-joyeuse-pour-chaque-eleve-de-lecole-primaire-ta-ei\/\" title=\"Une cour de r\u00e9cr\u00e9ation s\u00fbre et joyeuse pour chaque \u00e9l\u00e8ve de l&rsquo;\u00e9cole primaire Ta Ei\">\n\t\t\t\t<img decoding=\"async\" width=\"800\" height=\"534\" src=\"https:\/\/kamboo-project.ngo\/wp-content\/uploads\/2026\/03\/DSC00717-1024x683.jpg\" class=\"attachment-large size-large wp-image-19271\" alt=\"\" srcset=\"https:\/\/kamboo-project.ngo\/wp-content\/uploads\/2026\/03\/DSC00717-1024x683.jpg 1024w, https:\/\/kamboo-project.ngo\/wp-content\/uploads\/2026\/03\/DSC00717-300x200.jpg 300w, https:\/\/kamboo-project.ngo\/wp-content\/uploads\/2026\/03\/DSC00717-768x512.jpg 768w, https:\/\/kamboo-project.ngo\/wp-content\/uploads\/2026\/03\/DSC00717-1536x1024.jpg 1536w, https:\/\/kamboo-project.ngo\/wp-content\/uploads\/2026\/03\/DSC00717.JPG 2048w\" sizes=\"(max-width: 800px) 100vw, 800px\" \/>\t\t\t<\/a>\n\t\t<\/div>\n\t\t\n\t\t\t\t\n\t\t\t\t<div class=\"pp-post-content-wrap\">\n\t\t\t\t\t<div class=\"pp-post-content\">\n\t\t\t\t\t\t\t\t\t\t\t\t<h2 class=\"pp-post-title\">\n\t\t\t\t<a href=\"https:\/\/kamboo-project.ngo\/fr\/projet\/une-cour-de-recreation-sure-et-joyeuse-pour-chaque-eleve-de-lecole-primaire-ta-ei\/\">Une cour de r\u00e9cr\u00e9ation s\u00fbre et joyeuse pour chaque \u00e9l\u00e8ve de l&rsquo;\u00e9cole primaire Ta Ei<\/a>\t\t\t<\/h2>\n\t\t\t\t\t\t\t\t<\/div>\n\t\t\t\t\t\t\t\t\t<\/div>\n\n\t\t\t\t\t\t\t<\/div>\n\t\t\t\t\t<\/div>\n\t\t\t\t<div class=\"pp-post-wrap pp-grid-item-wrap elementor-grid-item post-18839 koehn_project type-koehn_project status-publish hentry category-education\">\n\t\t\t\t\t\t<div class=\"pp-post pp-grid-item\">\n\t\t\t\t\t\t<div class=\"pp-post-thumbnail\">\n\t\t\t<a class=\"pp-post-thumbnail-wrap\" href=\"https:\/\/kamboo-project.ngo\/fr\/projet\/single-parent-students-excel-through-our-2025-scholarship-program\/\" title=\"Les \u00e9tudiants issus de familles monoparentales excellent gr\u00e2ce \u00e0 notre programme de bourses 2025\">\n\t\t\t\t<img decoding=\"async\" class=\"\" src=\"https:\/\/kamboo-project.ngo\/wp-content\/plugins\/elementor\/assets\/images\/placeholder.png\" \/>\t\t\t<\/a>\n\t\t<\/div>\n\t\t\n\t\t\t\t\n\t\t\t\t<div class=\"pp-post-content-wrap\">\n\t\t\t\t\t<div class=\"pp-post-content\">\n\t\t\t\t\t\t\t\t\t\t\t\t<h2 class=\"pp-post-title\">\n\t\t\t\t<a href=\"https:\/\/kamboo-project.ngo\/fr\/projet\/single-parent-students-excel-through-our-2025-scholarship-program\/\">Les \u00e9tudiants issus de familles monoparentales excellent gr\u00e2ce \u00e0 notre programme de bourses 2025<\/a>\t\t\t<\/h2>\n\t\t\t\t\t\t\t\t<\/div>\n\t\t\t\t\t\t\t\t\t<\/div>\n\n\t\t\t\t\t\t\t<\/div>\n\t\t\t\t\t<\/div>\n\t\t\t\t<div class=\"pp-post-wrap pp-grid-item-wrap elementor-grid-item post-18676 koehn_project type-koehn_project status-publish has-post-thumbnail hentry category-education\">\n\t\t\t\t\t\t<div class=\"pp-post pp-grid-item\">\n\t\t\t\t\t\t<div class=\"pp-post-thumbnail\">\n\t\t\t<a class=\"pp-post-thumbnail-wrap\" href=\"https:\/\/kamboo-project.ngo\/fr\/projet\/projet-de-bibliotheque-sept-ameliorations-achevees\/\" title=\"Projet de biblioth\u00e8que : Sept am\u00e9liorations achev\u00e9es\">\n\t\t\t\t<img decoding=\"async\" width=\"800\" height=\"600\" src=\"https:\/\/kamboo-project.ngo\/wp-content\/uploads\/2025\/08\/photo_2025-08-13_13-28-59-1024x768.jpg\" class=\"attachment-large size-large wp-image-18482\" alt=\"\" srcset=\"https:\/\/kamboo-project.ngo\/wp-content\/uploads\/2025\/08\/photo_2025-08-13_13-28-59-1024x768.jpg 1024w, https:\/\/kamboo-project.ngo\/wp-content\/uploads\/2025\/08\/photo_2025-08-13_13-28-59-300x225.jpg 300w, https:\/\/kamboo-project.ngo\/wp-content\/uploads\/2025\/08\/photo_2025-08-13_13-28-59-768x576.jpg 768w, https:\/\/kamboo-project.ngo\/wp-content\/uploads\/2025\/08\/photo_2025-08-13_13-28-59.jpg 1280w\" sizes=\"(max-width: 800px) 100vw, 800px\" \/>\t\t\t<\/a>\n\t\t<\/div>\n\t\t\n\t\t\t\t\n\t\t\t\t<div class=\"pp-post-content-wrap\">\n\t\t\t\t\t<div class=\"pp-post-content\">\n\t\t\t\t\t\t\t\t\t\t\t\t<h2 class=\"pp-post-title\">\n\t\t\t\t<a href=\"https:\/\/kamboo-project.ngo\/fr\/projet\/projet-de-bibliotheque-sept-ameliorations-achevees\/\">Projet de biblioth\u00e8que : Sept am\u00e9liorations achev\u00e9es<\/a>\t\t\t<\/h2>\n\t\t\t\t\t\t\t\t<\/div>\n\t\t\t\t\t\t\t\t\t<\/div>\n\n\t\t\t\t\t\t\t<\/div>\n\t\t\t\t\t<\/div>\n\t\t\t\t<div class=\"pp-post-wrap pp-grid-item-wrap elementor-grid-item post-18639 koehn_project type-koehn_project status-publish has-post-thumbnail hentry category-education\">\n\t\t\t\t\t\t<div class=\"pp-post pp-grid-item\">\n\t\t\t\t\t\t<div class=\"pp-post-thumbnail\">\n\t\t\t<a class=\"pp-post-thumbnail-wrap\" href=\"https:\/\/kamboo-project.ngo\/fr\/projet\/des-graines-aux-competences-limpact-des-jardins-scolaires-2025\/\" title=\"Des graines aux comp\u00e9tences : L&rsquo;impact des jardins scolaires 2025\">\n\t\t\t\t<img loading=\"lazy\" decoding=\"async\" width=\"800\" height=\"600\" src=\"https:\/\/kamboo-project.ngo\/wp-content\/uploads\/2025\/09\/photo_77107-03-2025_10-53-17-1024x768.jpg\" class=\"attachment-large size-large wp-image-18626\" alt=\"\" srcset=\"https:\/\/kamboo-project.ngo\/wp-content\/uploads\/2025\/09\/photo_77107-03-2025_10-53-17-1024x768.jpg 1024w, https:\/\/kamboo-project.ngo\/wp-content\/uploads\/2025\/09\/photo_77107-03-2025_10-53-17-300x225.jpg 300w, https:\/\/kamboo-project.ngo\/wp-content\/uploads\/2025\/09\/photo_77107-03-2025_10-53-17-768x576.jpg 768w, https:\/\/kamboo-project.ngo\/wp-content\/uploads\/2025\/09\/photo_77107-03-2025_10-53-17.jpg 1280w\" sizes=\"(max-width: 800px) 100vw, 800px\" \/>\t\t\t<\/a>\n\t\t<\/div>\n\t\t\n\t\t\t\t\n\t\t\t\t<div class=\"pp-post-content-wrap\">\n\t\t\t\t\t<div class=\"pp-post-content\">\n\t\t\t\t\t\t\t\t\t\t\t\t<h2 class=\"pp-post-title\">\n\t\t\t\t<a href=\"https:\/\/kamboo-project.ngo\/fr\/projet\/des-graines-aux-competences-limpact-des-jardins-scolaires-2025\/\">Des graines aux comp\u00e9tences : L&rsquo;impact des jardins scolaires 2025<\/a>\t\t\t<\/h2>\n\t\t\t\t\t\t\t\t<\/div>\n\t\t\t\t\t\t\t\t\t<\/div>\n\n\t\t\t\t\t\t\t<\/div>\n\t\t\t\t\t<\/div>\n\t\t\t\t<div class=\"pp-post-wrap pp-grid-item-wrap elementor-grid-item post-18556 koehn_project type-koehn_project status-publish has-post-thumbnail hentry category-education\">\n\t\t\t\t\t\t<div class=\"pp-post pp-grid-item\">\n\t\t\t\t\t\t<div class=\"pp-post-thumbnail\">\n\t\t\t<a class=\"pp-post-thumbnail-wrap\" href=\"https:\/\/kamboo-project.ngo\/fr\/projet\/rapport-davancement-projet-de-prevention-des-mariages-precoces\/\" title=\"Rapport d&rsquo;avancement : Projet de pr\u00e9vention des mariages pr\u00e9coces\">\n\t\t\t\t<img loading=\"lazy\" decoding=\"async\" width=\"800\" height=\"534\" src=\"https:\/\/kamboo-project.ngo\/wp-content\/uploads\/2025\/09\/photo_10_2025-07-01_15-25-41-1024x684.jpg\" class=\"attachment-large size-large wp-image-18506\" alt=\"\" srcset=\"https:\/\/kamboo-project.ngo\/wp-content\/uploads\/2025\/09\/photo_10_2025-07-01_15-25-41-1024x684.jpg 1024w, https:\/\/kamboo-project.ngo\/wp-content\/uploads\/2025\/09\/photo_10_2025-07-01_15-25-41-300x200.jpg 300w, https:\/\/kamboo-project.ngo\/wp-content\/uploads\/2025\/09\/photo_10_2025-07-01_15-25-41-768x513.jpg 768w, https:\/\/kamboo-project.ngo\/wp-content\/uploads\/2025\/09\/photo_10_2025-07-01_15-25-41.jpg 1280w\" sizes=\"(max-width: 800px) 100vw, 800px\" \/>\t\t\t<\/a>\n\t\t<\/div>\n\t\t\n\t\t\t\t\n\t\t\t\t<div class=\"pp-post-content-wrap\">\n\t\t\t\t\t<div class=\"pp-post-content\">\n\t\t\t\t\t\t\t\t\t\t\t\t<h2 class=\"pp-post-title\">\n\t\t\t\t<a href=\"https:\/\/kamboo-project.ngo\/fr\/projet\/rapport-davancement-projet-de-prevention-des-mariages-precoces\/\">Rapport d&rsquo;avancement : Projet de pr\u00e9vention des mariages pr\u00e9coces<\/a>\t\t\t<\/h2>\n\t\t\t\t\t\t\t\t<\/div>\n\t\t\t\t\t\t\t\t\t<\/div>\n\n\t\t\t\t\t\t\t<\/div>\n\t\t\t\t\t<\/div>\n\t\t\t\t<div class=\"pp-post-wrap pp-grid-item-wrap elementor-grid-item post-18550 koehn_project type-koehn_project status-publish has-post-thumbnail hentry category-education\">\n\t\t\t\t\t\t<div class=\"pp-post pp-grid-item\">\n\t\t\t\t\t\t<div class=\"pp-post-thumbnail\">\n\t\t\t<a class=\"pp-post-thumbnail-wrap\" href=\"https:\/\/kamboo-project.ngo\/fr\/projet\/agrandissement-de-quatre-laboratoires-informatiques-scolaires\/\" title=\"Agrandissement de quatre laboratoires informatiques scolaires\">\n\t\t\t\t<img loading=\"lazy\" decoding=\"async\" width=\"800\" height=\"600\" src=\"https:\/\/kamboo-project.ngo\/wp-content\/uploads\/2025\/08\/photo_2024-02-06_13-58-23-1024x768.jpg\" class=\"attachment-large size-large wp-image-18411\" alt=\"\" srcset=\"https:\/\/kamboo-project.ngo\/wp-content\/uploads\/2025\/08\/photo_2024-02-06_13-58-23-1024x768.jpg 1024w, https:\/\/kamboo-project.ngo\/wp-content\/uploads\/2025\/08\/photo_2024-02-06_13-58-23-300x225.jpg 300w, https:\/\/kamboo-project.ngo\/wp-content\/uploads\/2025\/08\/photo_2024-02-06_13-58-23-768x576.jpg 768w, https:\/\/kamboo-project.ngo\/wp-content\/uploads\/2025\/08\/photo_2024-02-06_13-58-23.jpg 1280w\" sizes=\"(max-width: 800px) 100vw, 800px\" \/>\t\t\t<\/a>\n\t\t<\/div>\n\t\t\n\t\t\t\t\n\t\t\t\t<div class=\"pp-post-content-wrap\">\n\t\t\t\t\t<div class=\"pp-post-content\">\n\t\t\t\t\t\t\t\t\t\t\t\t<h2 class=\"pp-post-title\">\n\t\t\t\t<a href=\"https:\/\/kamboo-project.ngo\/fr\/projet\/agrandissement-de-quatre-laboratoires-informatiques-scolaires\/\">Agrandissement de quatre laboratoires informatiques scolaires<\/a>\t\t\t<\/h2>\n\t\t\t\t\t\t\t\t<\/div>\n\t\t\t\t\t\t\t\t\t<\/div>\n\n\t\t\t\t\t\t\t<\/div>\n\t\t\t\t\t<\/div>\n\t\t\t\t<div class=\"pp-post-wrap pp-grid-item-wrap elementor-grid-item post-18546 koehn_project type-koehn_project status-publish has-post-thumbnail hentry category-education\">\n\t\t\t\t\t\t<div class=\"pp-post pp-grid-item\">\n\t\t\t\t\t\t<div class=\"pp-post-thumbnail\">\n\t\t\t<a class=\"pp-post-thumbnail-wrap\" href=\"https:\/\/kamboo-project.ngo\/fr\/projet\/projet-velo-2025\/\" title=\"Projet v\u00e9lo 2025\">\n\t\t\t\t<img loading=\"lazy\" decoding=\"async\" width=\"800\" height=\"600\" src=\"https:\/\/kamboo-project.ngo\/wp-content\/uploads\/2025\/08\/photo_2025-06-06_10-05-02-1024x768.jpg\" class=\"attachment-large size-large wp-image-18303\" alt=\"\" srcset=\"https:\/\/kamboo-project.ngo\/wp-content\/uploads\/2025\/08\/photo_2025-06-06_10-05-02-1024x768.jpg 1024w, https:\/\/kamboo-project.ngo\/wp-content\/uploads\/2025\/08\/photo_2025-06-06_10-05-02-300x225.jpg 300w, https:\/\/kamboo-project.ngo\/wp-content\/uploads\/2025\/08\/photo_2025-06-06_10-05-02-768x576.jpg 768w, https:\/\/kamboo-project.ngo\/wp-content\/uploads\/2025\/08\/photo_2025-06-06_10-05-02.jpg 1280w\" sizes=\"(max-width: 800px) 100vw, 800px\" \/>\t\t\t<\/a>\n\t\t<\/div>\n\t\t\n\t\t\t\t\n\t\t\t\t<div class=\"pp-post-content-wrap\">\n\t\t\t\t\t<div class=\"pp-post-content\">\n\t\t\t\t\t\t\t\t\t\t\t\t<h2 class=\"pp-post-title\">\n\t\t\t\t<a href=\"https:\/\/kamboo-project.ngo\/fr\/projet\/projet-velo-2025\/\">Projet v\u00e9lo 2025<\/a>\t\t\t<\/h2>\n\t\t\t\t\t\t\t\t<\/div>\n\t\t\t\t\t\t\t\t\t<\/div>\n\n\t\t\t\t\t\t\t<\/div>\n\t\t\t\t\t<\/div>\n\t\t\t\t<div class=\"pp-post-wrap pp-grid-item-wrap elementor-grid-item post-18541 koehn_project type-koehn_project status-publish has-post-thumbnail hentry category-education\">\n\t\t\t\t\t\t<div class=\"pp-post pp-grid-item\">\n\t\t\t\t\t\t<div class=\"pp-post-thumbnail\">\n\t\t\t<a class=\"pp-post-thumbnail-wrap\" href=\"https:\/\/kamboo-project.ngo\/fr\/projet\/fournitures-scolaires-distribuees-a-15-eleves-%f0%9f%8e%92%e2%9c%a8%e2%9c%a8\/\" title=\"Fournitures scolaires distribu\u00e9es \u00e0 15 \u00e9l\u00e8ves &#x1f392;&#x2728;&#x2728;\">\n\t\t\t\t<img loading=\"lazy\" decoding=\"async\" width=\"800\" height=\"533\" src=\"https:\/\/kamboo-project.ngo\/wp-content\/uploads\/2025\/08\/photo_2025-07-17_14-29-32-1024x682.jpg\" class=\"attachment-large size-large wp-image-18294\" alt=\"\" srcset=\"https:\/\/kamboo-project.ngo\/wp-content\/uploads\/2025\/08\/photo_2025-07-17_14-29-32-1024x682.jpg 1024w, https:\/\/kamboo-project.ngo\/wp-content\/uploads\/2025\/08\/photo_2025-07-17_14-29-32-300x200.jpg 300w, https:\/\/kamboo-project.ngo\/wp-content\/uploads\/2025\/08\/photo_2025-07-17_14-29-32-768x512.jpg 768w, https:\/\/kamboo-project.ngo\/wp-content\/uploads\/2025\/08\/photo_2025-07-17_14-29-32.jpg 1280w\" sizes=\"(max-width: 800px) 100vw, 800px\" \/>\t\t\t<\/a>\n\t\t<\/div>\n\t\t\n\t\t\t\t\n\t\t\t\t<div class=\"pp-post-content-wrap\">\n\t\t\t\t\t<div class=\"pp-post-content\">\n\t\t\t\t\t\t\t\t\t\t\t\t<h2 class=\"pp-post-title\">\n\t\t\t\t<a href=\"https:\/\/kamboo-project.ngo\/fr\/projet\/fournitures-scolaires-distribuees-a-15-eleves-%f0%9f%8e%92%e2%9c%a8%e2%9c%a8\/\">Fournitures scolaires distribu\u00e9es \u00e0 15 \u00e9l\u00e8ves &#x1f392;&#x2728;&#x2728;<\/a>\t\t\t<\/h2>\n\t\t\t\t\t\t\t\t<\/div>\n\t\t\t\t\t\t\t\t\t<\/div>\n\n\t\t\t\t\t\t\t<\/div>\n\t\t\t\t\t<\/div>\n\t\t\t\t<div class=\"pp-post-wrap pp-grid-item-wrap elementor-grid-item post-18208 koehn_project type-koehn_project status-publish has-post-thumbnail hentry category-education\">\n\t\t\t\t\t\t<div class=\"pp-post pp-grid-item\">\n\t\t\t\t\t\t<div class=\"pp-post-thumbnail\">\n\t\t\t<a class=\"pp-post-thumbnail-wrap\" href=\"https:\/\/kamboo-project.ngo\/fr\/projet\/atelier-journee-pour-les-filles-autonomiser-les-jeunes-filles-par-la-connaissance-et-lattention\/\" title=\"Atelier \u00ab\u00a0Journ\u00e9e pour les filles\u00a0\u00bb &#8211; Autonomiser les jeunes filles par la connaissance et l&rsquo;attention\">\n\t\t\t\t<img loading=\"lazy\" decoding=\"async\" width=\"800\" height=\"600\" src=\"https:\/\/kamboo-project.ngo\/wp-content\/uploads\/2025\/07\/photo_8_2025-06-10_16-47-00-1024x768.jpg\" class=\"attachment-large size-large wp-image-18187\" alt=\"\" srcset=\"https:\/\/kamboo-project.ngo\/wp-content\/uploads\/2025\/07\/photo_8_2025-06-10_16-47-00-1024x768.jpg 1024w, https:\/\/kamboo-project.ngo\/wp-content\/uploads\/2025\/07\/photo_8_2025-06-10_16-47-00-300x225.jpg 300w, https:\/\/kamboo-project.ngo\/wp-content\/uploads\/2025\/07\/photo_8_2025-06-10_16-47-00-768x576.jpg 768w, https:\/\/kamboo-project.ngo\/wp-content\/uploads\/2025\/07\/photo_8_2025-06-10_16-47-00.jpg 1280w\" sizes=\"(max-width: 800px) 100vw, 800px\" \/>\t\t\t<\/a>\n\t\t<\/div>\n\t\t\n\t\t\t\t\n\t\t\t\t<div class=\"pp-post-content-wrap\">\n\t\t\t\t\t<div class=\"pp-post-content\">\n\t\t\t\t\t\t\t\t\t\t\t\t<h2 class=\"pp-post-title\">\n\t\t\t\t<a href=\"https:\/\/kamboo-project.ngo\/fr\/projet\/atelier-journee-pour-les-filles-autonomiser-les-jeunes-filles-par-la-connaissance-et-lattention\/\">Atelier \u00ab\u00a0Journ\u00e9e pour les filles\u00a0\u00bb &#8211; Autonomiser les jeunes filles par la connaissance et l&rsquo;attention<\/a>\t\t\t<\/h2>\n\t\t\t\t\t\t\t\t<\/div>\n\t\t\t\t\t\t\t\t\t<\/div>\n\n\t\t\t\t\t\t\t<\/div>\n\t\t\t\t\t<\/div>\n\t\t\t\t<div class=\"pp-post-wrap pp-grid-item-wrap elementor-grid-item post-18210 koehn_project type-koehn_project status-publish has-post-thumbnail hentry category-education\">\n\t\t\t\t\t\t<div class=\"pp-post pp-grid-item\">\n\t\t\t\t\t\t<div class=\"pp-post-thumbnail\">\n\t\t\t<a class=\"pp-post-thumbnail-wrap\" href=\"https:\/\/kamboo-project.ngo\/fr\/projet\/distribution-de-velos-2025-soutenir-lacces-a-une-education-plus-brillante\/\" title=\"Distribution de v\u00e9los 2025 &#8211; Soutenir l&rsquo;acc\u00e8s \u00e0 une \u00e9ducation plus brillante\">\n\t\t\t\t<img loading=\"lazy\" decoding=\"async\" width=\"800\" height=\"533\" src=\"https:\/\/kamboo-project.ngo\/wp-content\/uploads\/2025\/07\/Bicycle-Project-3-1024x682.jpg\" class=\"attachment-large size-large wp-image-18061\" alt=\"\" srcset=\"https:\/\/kamboo-project.ngo\/wp-content\/uploads\/2025\/07\/Bicycle-Project-3-1024x682.jpg 1024w, https:\/\/kamboo-project.ngo\/wp-content\/uploads\/2025\/07\/Bicycle-Project-3-300x200.jpg 300w, https:\/\/kamboo-project.ngo\/wp-content\/uploads\/2025\/07\/Bicycle-Project-3-768x512.jpg 768w, https:\/\/kamboo-project.ngo\/wp-content\/uploads\/2025\/07\/Bicycle-Project-3.jpg 1280w\" sizes=\"(max-width: 800px) 100vw, 800px\" \/>\t\t\t<\/a>\n\t\t<\/div>\n\t\t\n\t\t\t\t\n\t\t\t\t<div class=\"pp-post-content-wrap\">\n\t\t\t\t\t<div class=\"pp-post-content\">\n\t\t\t\t\t\t\t\t\t\t\t\t<h2 class=\"pp-post-title\">\n\t\t\t\t<a href=\"https:\/\/kamboo-project.ngo\/fr\/projet\/distribution-de-velos-2025-soutenir-lacces-a-une-education-plus-brillante\/\">Distribution de v\u00e9los 2025 &#8211; Soutenir l&rsquo;acc\u00e8s \u00e0 une \u00e9ducation plus brillante<\/a>\t\t\t<\/h2>\n\t\t\t\t\t\t\t\t<\/div>\n\t\t\t\t\t\t\t\t\t<\/div>\n\n\t\t\t\t\t\t\t<\/div>\n\t\t\t\t\t<\/div>\n\t\t\t\t<div class=\"pp-post-wrap pp-grid-item-wrap elementor-grid-item post-17569 koehn_project type-koehn_project status-publish has-post-thumbnail hentry category-education\">\n\t\t\t\t\t\t<div class=\"pp-post pp-grid-item\">\n\t\t\t\t\t\t<div class=\"pp-post-thumbnail\">\n\t\t\t<a class=\"pp-post-thumbnail-wrap\" href=\"https:\/\/kamboo-project.ngo\/fr\/projet\/autonomisation-des-familles-grace-au-projet-de-creation-de-revenus\/\" title=\"Autonomisation des familles gr\u00e2ce au projet de cr\u00e9ation de revenus\">\n\t\t\t\t<img loading=\"lazy\" decoding=\"async\" width=\"800\" height=\"600\" src=\"https:\/\/kamboo-project.ngo\/wp-content\/uploads\/2024\/12\/photo_2024-07-31_14-08-30-1024x768.jpg\" class=\"attachment-large size-large wp-image-17334\" alt=\"\" srcset=\"https:\/\/kamboo-project.ngo\/wp-content\/uploads\/2024\/12\/photo_2024-07-31_14-08-30-1024x768.jpg 1024w, https:\/\/kamboo-project.ngo\/wp-content\/uploads\/2024\/12\/photo_2024-07-31_14-08-30-300x225.jpg 300w, https:\/\/kamboo-project.ngo\/wp-content\/uploads\/2024\/12\/photo_2024-07-31_14-08-30-768x576.jpg 768w, https:\/\/kamboo-project.ngo\/wp-content\/uploads\/2024\/12\/photo_2024-07-31_14-08-30.jpg 1280w\" sizes=\"(max-width: 800px) 100vw, 800px\" \/>\t\t\t<\/a>\n\t\t<\/div>\n\t\t\n\t\t\t\t\n\t\t\t\t<div class=\"pp-post-content-wrap\">\n\t\t\t\t\t<div class=\"pp-post-content\">\n\t\t\t\t\t\t\t\t\t\t\t\t<h2 class=\"pp-post-title\">\n\t\t\t\t<a href=\"https:\/\/kamboo-project.ngo\/fr\/projet\/autonomisation-des-familles-grace-au-projet-de-creation-de-revenus\/\">Autonomisation des familles gr\u00e2ce au projet de cr\u00e9ation de revenus<\/a>\t\t\t<\/h2>\n\t\t\t\t\t\t\t\t<\/div>\n\t\t\t\t\t\t\t\t\t<\/div>\n\n\t\t\t\t\t\t\t<\/div>\n\t\t\t\t\t<\/div>\n\t\t\t\t\t\t\t\t\t<\/div>\n\t\t\t\n\t\t\t\n\t\t\t\n\t\t\t\n\t\t\t\t\t\t\t\t\t\t\t<div class=\"pp-posts-pagination-wrap pp-posts-pagination-bottom\">\n\t\t\t\t\t\t\t\t<nav class=\"pp-posts-pagination pp-posts-pagination-ajax elementor-pagination\" role=\"navigation\" aria-label=\"Pagination\" data-total=\"5\">\n\t\t\t\t<span aria-current=\"page\" class=\"page-numbers current\">1<\/span>\n<a class=\"page-numbers\" href=\"https:\/\/kamboo-project.ngo\/fr\/wp-json\/wp\/v2\/pages\/10431\/page\/2\/\">2<\/a>\n<a class=\"page-numbers\" href=\"https:\/\/kamboo-project.ngo\/fr\/wp-json\/wp\/v2\/pages\/10431\/page\/3\/\">3<\/a>\n<span class=\"page-numbers dots\">\u2026<\/span>\n<a class=\"page-numbers\" href=\"https:\/\/kamboo-project.ngo\/fr\/wp-json\/wp\/v2\/pages\/10431\/page\/5\/\">5<\/a>\n<a class=\"next page-numbers\" href=\"https:\/\/kamboo-project.ngo\/fr\/wp-json\/wp\/v2\/pages\/10431\/page\/2\/\">Next &raquo;<\/a>\t\t\t<\/nav>\n\t\t\t\t\t\t\t<\/div>\n\t\t\t\t\t\t\t\t\t<\/div>\n\n\t\t\n\t\t\t\t\t\t<\/div>\n\t\t\t\t<\/div>\n\t\t\t\t\t<\/div>\n\t\t<\/div>\n\t\t\t\t\t<\/div>\n\t\t<\/section>\n\t\t\t\t<\/div>\n\t\t","protected":false},"excerpt":{"rendered":"<p>\u00c9ducation Erste Hilfe Raum an Schulen Notfall-Lebensmittelpaket f\u00fcr Vorzeigefamilie Projekt Schulgarten Bibliotheksprojekt Ausbildung am PC Gem\u00fcseanbau zu Hause w\u00e4hrend der Pandemie Notfallbetreuungspaket f\u00fcr 100 Lernende Schulbedarf f\u00fcr 150 Grundsch\u00fcler Fahrradprojekt &#8220; Bells for a Better Life&#8220; Covid 19 Unterst\u00fctzung in Anlong Pi Care Pakete und Hygieneschulung f\u00fcr 30 Sch\u00fclerinnen und Sch\u00fcler Radeln f\u00fcr ein besseres [&hellip;]<\/p>\n","protected":false},"author":1,"featured_media":0,"parent":10077,"menu_order":0,"comment_status":"closed","ping_status":"closed","template":"","meta":{"_acf_changed":false,"footnotes":""},"class_list":["post-10431","page","type-page","status-publish","hentry"],"acf":[],"aioseo_notices":[],"_links":{"self":[{"href":"https:\/\/kamboo-project.ngo\/fr\/wp-json\/wp\/v2\/pages\/10431","targetHints":{"allow":["GET"]}}],"collection":[{"href":"https:\/\/kamboo-project.ngo\/fr\/wp-json\/wp\/v2\/pages"}],"about":[{"href":"https:\/\/kamboo-project.ngo\/fr\/wp-json\/wp\/v2\/types\/page"}],"author":[{"embeddable":true,"href":"https:\/\/kamboo-project.ngo\/fr\/wp-json\/wp\/v2\/users\/1"}],"replies":[{"embeddable":true,"href":"https:\/\/kamboo-project.ngo\/fr\/wp-json\/wp\/v2\/comments?post=10431"}],"version-history":[{"count":7,"href":"https:\/\/kamboo-project.ngo\/fr\/wp-json\/wp\/v2\/pages\/10431\/revisions"}],"predecessor-version":[{"id":11330,"href":"https:\/\/kamboo-project.ngo\/fr\/wp-json\/wp\/v2\/pages\/10431\/revisions\/11330"}],"up":[{"embeddable":true,"href":"https:\/\/kamboo-project.ngo\/fr\/wp-json\/wp\/v2\/pages\/10077"}],"wp:attachment":[{"href":"https:\/\/kamboo-project.ngo\/fr\/wp-json\/wp\/v2\/media?parent=10431"}],"curies":[{"name":"wp","href":"https:\/\/api.w.org\/{rel}","templated":true}]}}