{"id":10432,"date":"2017-03-19T14:39:42","date_gmt":"2017-03-19T13:39:42","guid":{"rendered":"https:\/\/kamboo-project.ngo\/staging\/?page_id=10432"},"modified":"2023-06-23T09:44:01","modified_gmt":"2023-06-23T07:44:01","slug":"eau-sanitaire","status":"publish","type":"page","link":"https:\/\/kamboo-project.ngo\/fr\/projets\/eau-sanitaire\/","title":{"rendered":"Eau &#038; sanitaire"},"content":{"rendered":"\t\t<div data-elementor-type=\"wp-page\" data-elementor-id=\"10432\" class=\"elementor elementor-10432 elementor-6616\" data-elementor-post-type=\"page\">\n\t\t\t\t\t\t<section class=\"elementor-section elementor-top-section elementor-element elementor-element-70208697 elementor-section-height-min-height elementor-section-boxed elementor-section-height-default elementor-section-items-middle\" data-id=\"70208697\" data-element_type=\"section\" data-e-type=\"section\" data-settings=\"{&quot;background_background&quot;:&quot;classic&quot;}\">\n\t\t\t\t\t\t<div class=\"elementor-container elementor-column-gap-default\">\n\t\t\t\t\t<div class=\"elementor-column elementor-col-100 elementor-top-column elementor-element elementor-element-7747d8aa\" data-id=\"7747d8aa\" data-element_type=\"column\" data-e-type=\"column\">\n\t\t\t<div class=\"elementor-widget-wrap elementor-element-populated\">\n\t\t\t\t\t\t\t<\/div>\n\t\t<\/div>\n\t\t\t\t\t<\/div>\n\t\t<\/section>\n\t\t\t\t<section class=\"elementor-section elementor-top-section elementor-element elementor-element-725a10e7 elementor-section-boxed elementor-section-height-default elementor-section-height-default\" data-id=\"725a10e7\" data-element_type=\"section\" data-e-type=\"section\">\n\t\t\t\t\t\t<div class=\"elementor-container elementor-column-gap-default\">\n\t\t\t\t\t<div class=\"elementor-column elementor-col-100 elementor-top-column elementor-element elementor-element-50dba048\" data-id=\"50dba048\" data-element_type=\"column\" data-e-type=\"column\">\n\t\t\t<div class=\"elementor-widget-wrap elementor-element-populated\">\n\t\t\t\t\t\t<div class=\"elementor-element elementor-element-609490cd elementor-grid-4 pp-posts-thumbnail-ratio elementor-grid-tablet-2 elementor-grid-mobile-1 elementor-widget elementor-widget-pp-posts\" data-id=\"609490cd\" data-element_type=\"widget\" data-e-type=\"widget\" data-widget_type=\"pp-posts.classic\">\n\t\t\t\t<div class=\"elementor-widget-container\">\n\t\t\t\t\t\t\t<div class=\"pp-posts-container\">\n\t\t\t\n\t\t\t\t\t\t\t\t\t\t\n\t\t\t<div class=\"pp-posts pp-posts-skin-classic elementor-grid pp-posts-grid\" data-query-type=\"custom\" data-layout=\"grid\" data-page=\"10432\" data-skin=\"classic\">\n\t\t\t\t\t\t\t\t\t\t\t<div class=\"pp-post-wrap pp-grid-item-wrap elementor-grid-item post-18787 koehn_project type-koehn_project status-publish has-post-thumbnail hentry category-eau-sanitaire\">\n\t\t\t\t\t\t<div class=\"pp-post pp-grid-item\">\n\t\t\t\t\t\t<div class=\"pp-post-thumbnail\">\n\t\t\t<a class=\"pp-post-thumbnail-wrap\" href=\"https:\/\/kamboo-project.ngo\/fr\/projet\/%f0%9f%92%a7-systemes-deau-propre-pour-les-ecoles-arranh-rangsey-et-wat-roka\/\" title=\"&#x1f4a7; Syst\u00e8mes d&rsquo;eau propre pour les \u00e9coles Arranh Rangsey et Wat Roka\">\n\t\t\t\t<img fetchpriority=\"high\" decoding=\"async\" width=\"683\" height=\"1024\" src=\"https:\/\/kamboo-project.ngo\/wp-content\/uploads\/2024\/11\/7d021d6d-3e64-4c5d-ab5f-bf1254da3ed1-683x1024.jpg\" class=\"attachment-large size-large wp-image-15269\" alt=\"\" srcset=\"https:\/\/kamboo-project.ngo\/wp-content\/uploads\/2024\/11\/7d021d6d-3e64-4c5d-ab5f-bf1254da3ed1-683x1024.jpg 683w, https:\/\/kamboo-project.ngo\/wp-content\/uploads\/2024\/11\/7d021d6d-3e64-4c5d-ab5f-bf1254da3ed1-200x300.jpg 200w, https:\/\/kamboo-project.ngo\/wp-content\/uploads\/2024\/11\/7d021d6d-3e64-4c5d-ab5f-bf1254da3ed1-768x1152.jpg 768w, https:\/\/kamboo-project.ngo\/wp-content\/uploads\/2024\/11\/7d021d6d-3e64-4c5d-ab5f-bf1254da3ed1-1024x1536.jpg 1024w, https:\/\/kamboo-project.ngo\/wp-content\/uploads\/2024\/11\/7d021d6d-3e64-4c5d-ab5f-bf1254da3ed1.JPG 1067w\" sizes=\"(max-width: 683px) 100vw, 683px\" \/>\t\t\t<\/a>\n\t\t<\/div>\n\t\t\n\t\t\t\t\n\t\t\t\t<div class=\"pp-post-content-wrap\">\n\t\t\t\t\t<div class=\"pp-post-content\">\n\t\t\t\t\t\t\t\t\t\t\t\t<h2 class=\"pp-post-title\">\n\t\t\t\t<a href=\"https:\/\/kamboo-project.ngo\/fr\/projet\/%f0%9f%92%a7-systemes-deau-propre-pour-les-ecoles-arranh-rangsey-et-wat-roka\/\">&#x1f4a7; Syst\u00e8mes d&rsquo;eau propre pour les \u00e9coles Arranh Rangsey et Wat Roka<\/a>\t\t\t<\/h2>\n\t\t\t\t\t\t\t\t<\/div>\n\t\t\t\t\t\t\t\t\t<\/div>\n\n\t\t\t\t\t\t\t<\/div>\n\t\t\t\t\t<\/div>\n\t\t\t\t<div class=\"pp-post-wrap pp-grid-item-wrap elementor-grid-item post-17570 koehn_project type-koehn_project status-publish has-post-thumbnail hentry category-eau-sanitaire\">\n\t\t\t\t\t\t<div class=\"pp-post pp-grid-item\">\n\t\t\t\t\t\t<div class=\"pp-post-thumbnail\">\n\t\t\t<a class=\"pp-post-thumbnail-wrap\" href=\"https:\/\/kamboo-project.ngo\/fr\/projet\/education-a-lhygiene-des-mains-propres-des-visages-heureux\/\" title=\"\u00c9ducation \u00e0 l&rsquo;hygi\u00e8ne : Des mains propres, des visages heureux\">\n\t\t\t\t<img decoding=\"async\" width=\"768\" height=\"1024\" src=\"https:\/\/kamboo-project.ngo\/wp-content\/uploads\/2024\/12\/Hand-Washing-at-PoPel-768x1024.jpg\" class=\"attachment-large size-large wp-image-17261\" alt=\"\" srcset=\"https:\/\/kamboo-project.ngo\/wp-content\/uploads\/2024\/12\/Hand-Washing-at-PoPel-768x1024.jpg 768w, https:\/\/kamboo-project.ngo\/wp-content\/uploads\/2024\/12\/Hand-Washing-at-PoPel-225x300.jpg 225w, https:\/\/kamboo-project.ngo\/wp-content\/uploads\/2024\/12\/Hand-Washing-at-PoPel.jpg 960w\" sizes=\"(max-width: 768px) 100vw, 768px\" \/>\t\t\t<\/a>\n\t\t<\/div>\n\t\t\n\t\t\t\t\n\t\t\t\t<div class=\"pp-post-content-wrap\">\n\t\t\t\t\t<div class=\"pp-post-content\">\n\t\t\t\t\t\t\t\t\t\t\t\t<h2 class=\"pp-post-title\">\n\t\t\t\t<a href=\"https:\/\/kamboo-project.ngo\/fr\/projet\/education-a-lhygiene-des-mains-propres-des-visages-heureux\/\">\u00c9ducation \u00e0 l&rsquo;hygi\u00e8ne : Des mains propres, des visages heureux<\/a>\t\t\t<\/h2>\n\t\t\t\t\t\t\t\t<\/div>\n\t\t\t\t\t\t\t\t\t<\/div>\n\n\t\t\t\t\t\t\t<\/div>\n\t\t\t\t\t<\/div>\n\t\t\t\t<div class=\"pp-post-wrap pp-grid-item-wrap elementor-grid-item post-17571 koehn_project type-koehn_project status-publish has-post-thumbnail hentry category-eau-sanitaire\">\n\t\t\t\t\t\t<div class=\"pp-post pp-grid-item\">\n\t\t\t\t\t\t<div class=\"pp-post-thumbnail\">\n\t\t\t<a class=\"pp-post-thumbnail-wrap\" href=\"https:\/\/kamboo-project.ngo\/fr\/projet\/projet-dentretien-des-equipements-deau-potable\/\" title=\"Projet d&rsquo;entretien des \u00e9quipements d&rsquo;eau potable\">\n\t\t\t\t<img decoding=\"async\" width=\"800\" height=\"600\" src=\"https:\/\/kamboo-project.ngo\/wp-content\/uploads\/2024\/12\/photo_2024-08-28_13-49-02-1024x768.jpg\" class=\"attachment-large size-large wp-image-17279\" alt=\"\" srcset=\"https:\/\/kamboo-project.ngo\/wp-content\/uploads\/2024\/12\/photo_2024-08-28_13-49-02-1024x768.jpg 1024w, https:\/\/kamboo-project.ngo\/wp-content\/uploads\/2024\/12\/photo_2024-08-28_13-49-02-300x225.jpg 300w, https:\/\/kamboo-project.ngo\/wp-content\/uploads\/2024\/12\/photo_2024-08-28_13-49-02-768x576.jpg 768w, https:\/\/kamboo-project.ngo\/wp-content\/uploads\/2024\/12\/photo_2024-08-28_13-49-02.jpg 1280w\" sizes=\"(max-width: 800px) 100vw, 800px\" \/>\t\t\t<\/a>\n\t\t<\/div>\n\t\t\n\t\t\t\t\n\t\t\t\t<div class=\"pp-post-content-wrap\">\n\t\t\t\t\t<div class=\"pp-post-content\">\n\t\t\t\t\t\t\t\t\t\t\t\t<h2 class=\"pp-post-title\">\n\t\t\t\t<a href=\"https:\/\/kamboo-project.ngo\/fr\/projet\/projet-dentretien-des-equipements-deau-potable\/\">Projet d&rsquo;entretien des \u00e9quipements d&rsquo;eau potable<\/a>\t\t\t<\/h2>\n\t\t\t\t\t\t\t\t<\/div>\n\t\t\t\t\t\t\t\t\t<\/div>\n\n\t\t\t\t\t\t\t<\/div>\n\t\t\t\t\t<\/div>\n\t\t\t\t<div class=\"pp-post-wrap pp-grid-item-wrap elementor-grid-item post-15287 koehn_project type-koehn_project status-publish has-post-thumbnail hentry category-construction-renovation-fr category-eau-sanitaire\">\n\t\t\t\t\t\t<div class=\"pp-post pp-grid-item\">\n\t\t\t\t\t\t<div class=\"pp-post-thumbnail\">\n\t\t\t<a class=\"pp-post-thumbnail-wrap\" href=\"https:\/\/kamboo-project.ngo\/fr\/projet\/geberit-et-kamboo-project-realisent-le-projet-social-2024-dans-le-respect-des-delais-et-du-budget\/\" title=\"Geberit et Kamboo Project r\u00e9alisent le \u00ab\u00a0Projet social 2024\u00a0\u00bb dans le respect des d\u00e9lais et du budget.\">\n\t\t\t\t<img loading=\"lazy\" decoding=\"async\" width=\"800\" height=\"600\" src=\"https:\/\/kamboo-project.ngo\/wp-content\/uploads\/2024\/11\/cef526e7-cc4f-4768-acc5-23758255f622-1024x768.jpg\" class=\"attachment-large size-large wp-image-15245\" alt=\"\" srcset=\"https:\/\/kamboo-project.ngo\/wp-content\/uploads\/2024\/11\/cef526e7-cc4f-4768-acc5-23758255f622-1024x768.jpg 1024w, https:\/\/kamboo-project.ngo\/wp-content\/uploads\/2024\/11\/cef526e7-cc4f-4768-acc5-23758255f622-300x225.jpg 300w, https:\/\/kamboo-project.ngo\/wp-content\/uploads\/2024\/11\/cef526e7-cc4f-4768-acc5-23758255f622-768x576.jpg 768w, https:\/\/kamboo-project.ngo\/wp-content\/uploads\/2024\/11\/cef526e7-cc4f-4768-acc5-23758255f622-1536x1152.jpg 1536w, https:\/\/kamboo-project.ngo\/wp-content\/uploads\/2024\/11\/cef526e7-cc4f-4768-acc5-23758255f622.JPG 1600w\" sizes=\"(max-width: 800px) 100vw, 800px\" \/>\t\t\t<\/a>\n\t\t<\/div>\n\t\t\n\t\t\t\t\n\t\t\t\t<div class=\"pp-post-content-wrap\">\n\t\t\t\t\t<div class=\"pp-post-content\">\n\t\t\t\t\t\t\t\t\t\t\t\t<h2 class=\"pp-post-title\">\n\t\t\t\t<a href=\"https:\/\/kamboo-project.ngo\/fr\/projet\/geberit-et-kamboo-project-realisent-le-projet-social-2024-dans-le-respect-des-delais-et-du-budget\/\">Geberit et Kamboo Project r\u00e9alisent le \u00ab\u00a0Projet social 2024\u00a0\u00bb dans le respect des d\u00e9lais et du budget.<\/a>\t\t\t<\/h2>\n\t\t\t\t\t\t\t\t<\/div>\n\t\t\t\t\t\t\t\t\t<\/div>\n\n\t\t\t\t\t\t\t<\/div>\n\t\t\t\t\t<\/div>\n\t\t\t\t<div class=\"pp-post-wrap pp-grid-item-wrap elementor-grid-item post-12768 koehn_project type-koehn_project status-publish has-post-thumbnail hentry category-eau-sanitaire category-projets\">\n\t\t\t\t\t\t<div class=\"pp-post pp-grid-item\">\n\t\t\t\t\t\t<div class=\"pp-post-thumbnail\">\n\t\t\t<a class=\"pp-post-thumbnail-wrap\" href=\"https:\/\/kamboo-project.ngo\/fr\/projet\/school-hygiene-improvement-project\/\" title=\"Programme d&rsquo;am\u00e9lioration de l&rsquo;hygi\u00e8ne scolaire (\u00ab\u00a0SHIP\u00a0\u00bb)\">\n\t\t\t\t<img loading=\"lazy\" decoding=\"async\" width=\"768\" height=\"1024\" src=\"https:\/\/kamboo-project.ngo\/wp-content\/uploads\/2023\/09\/photo_2022-06-14_10-53-29-768x1024.jpg\" class=\"attachment-large size-large wp-image-12718\" alt=\"\" srcset=\"https:\/\/kamboo-project.ngo\/wp-content\/uploads\/2023\/09\/photo_2022-06-14_10-53-29-768x1024.jpg 768w, https:\/\/kamboo-project.ngo\/wp-content\/uploads\/2023\/09\/photo_2022-06-14_10-53-29-225x300.jpg 225w, https:\/\/kamboo-project.ngo\/wp-content\/uploads\/2023\/09\/photo_2022-06-14_10-53-29.jpg 960w\" sizes=\"(max-width: 768px) 100vw, 768px\" \/>\t\t\t<\/a>\n\t\t<\/div>\n\t\t\n\t\t\t\t\n\t\t\t\t<div class=\"pp-post-content-wrap\">\n\t\t\t\t\t<div class=\"pp-post-content\">\n\t\t\t\t\t\t\t\t\t\t\t\t<h2 class=\"pp-post-title\">\n\t\t\t\t<a href=\"https:\/\/kamboo-project.ngo\/fr\/projet\/school-hygiene-improvement-project\/\">Programme d&rsquo;am\u00e9lioration de l&rsquo;hygi\u00e8ne scolaire (\u00ab\u00a0SHIP\u00a0\u00bb)<\/a>\t\t\t<\/h2>\n\t\t\t\t\t\t\t\t<\/div>\n\t\t\t\t\t\t\t\t\t<\/div>\n\n\t\t\t\t\t\t\t<\/div>\n\t\t\t\t\t<\/div>\n\t\t\t\t<div class=\"pp-post-wrap pp-grid-item-wrap elementor-grid-item post-11786 koehn_project type-koehn_project status-publish has-post-thumbnail hentry category-eau-sanitaire\">\n\t\t\t\t\t\t<div class=\"pp-post pp-grid-item\">\n\t\t\t\t\t\t<div class=\"pp-post-thumbnail\">\n\t\t\t<a class=\"pp-post-thumbnail-wrap\" href=\"https:\/\/kamboo-project.ngo\/fr\/projet\/programme-damelioration-de-lhygiene-scolaire\/\" title=\"Programme d&rsquo;am\u00e9lioration de l&rsquo;hygi\u00e8ne scolaire\">\n\t\t\t\t<img loading=\"lazy\" decoding=\"async\" width=\"800\" height=\"800\" src=\"https:\/\/kamboo-project.ngo\/wp-content\/uploads\/2020\/11\/127107424_202597088043671_7343688593797610221_n.jpg\" class=\"attachment-large size-large wp-image-8478\" alt=\"\" srcset=\"https:\/\/kamboo-project.ngo\/wp-content\/uploads\/2020\/11\/127107424_202597088043671_7343688593797610221_n.jpg 868w, https:\/\/kamboo-project.ngo\/wp-content\/uploads\/2020\/11\/127107424_202597088043671_7343688593797610221_n-300x300.jpg 300w, https:\/\/kamboo-project.ngo\/wp-content\/uploads\/2020\/11\/127107424_202597088043671_7343688593797610221_n-768x768.jpg 768w, https:\/\/kamboo-project.ngo\/wp-content\/uploads\/2020\/11\/127107424_202597088043671_7343688593797610221_n-100x100.jpg 100w, https:\/\/kamboo-project.ngo\/wp-content\/uploads\/2020\/11\/127107424_202597088043671_7343688593797610221_n-555x555.jpg 555w\" sizes=\"(max-width: 800px) 100vw, 800px\" \/>\t\t\t<\/a>\n\t\t<\/div>\n\t\t\n\t\t\t\t\n\t\t\t\t<div class=\"pp-post-content-wrap\">\n\t\t\t\t\t<div class=\"pp-post-content\">\n\t\t\t\t\t\t\t\t\t\t\t\t<h2 class=\"pp-post-title\">\n\t\t\t\t<a href=\"https:\/\/kamboo-project.ngo\/fr\/projet\/programme-damelioration-de-lhygiene-scolaire\/\">Programme d&rsquo;am\u00e9lioration de l&rsquo;hygi\u00e8ne scolaire<\/a>\t\t\t<\/h2>\n\t\t\t\t\t\t\t\t<\/div>\n\t\t\t\t\t\t\t\t\t<\/div>\n\n\t\t\t\t\t\t\t<\/div>\n\t\t\t\t\t<\/div>\n\t\t\t\t<div class=\"pp-post-wrap pp-grid-item-wrap elementor-grid-item post-9315 koehn_project type-koehn_project status-publish has-post-thumbnail hentry category-eau-sanitaire\">\n\t\t\t\t\t\t<div class=\"pp-post pp-grid-item\">\n\t\t\t\t\t\t<div class=\"pp-post-thumbnail\">\n\t\t\t<a class=\"pp-post-thumbnail-wrap\" href=\"https:\/\/kamboo-project.ngo\/fr\/projet\/programme-damelioration-de-lhygiene-scolaire-ship\/\" title=\"Programme WASH dans six \u00e9coles primaires\">\n\t\t\t\t<img loading=\"lazy\" decoding=\"async\" width=\"800\" height=\"534\" src=\"https:\/\/kamboo-project.ngo\/wp-content\/uploads\/2020\/09\/IMG_4942_1-1-1024x683.jpg\" class=\"attachment-large size-large wp-image-8410\" alt=\"\" srcset=\"https:\/\/kamboo-project.ngo\/wp-content\/uploads\/2020\/09\/IMG_4942_1-1-1024x683.jpg 1024w, https:\/\/kamboo-project.ngo\/wp-content\/uploads\/2020\/09\/IMG_4942_1-1-300x200.jpg 300w, https:\/\/kamboo-project.ngo\/wp-content\/uploads\/2020\/09\/IMG_4942_1-1-768x512.jpg 768w, https:\/\/kamboo-project.ngo\/wp-content\/uploads\/2020\/09\/IMG_4942_1-1-1536x1024.jpg 1536w, https:\/\/kamboo-project.ngo\/wp-content\/uploads\/2020\/09\/IMG_4942_1-1-750x500.jpg 750w, https:\/\/kamboo-project.ngo\/wp-content\/uploads\/2020\/09\/IMG_4942_1-1-555x370.jpg 555w, https:\/\/kamboo-project.ngo\/wp-content\/uploads\/2020\/09\/IMG_4942_1-1-272x182.jpg 272w, https:\/\/kamboo-project.ngo\/wp-content\/uploads\/2020\/09\/IMG_4942_1-1.jpg 2048w\" sizes=\"(max-width: 800px) 100vw, 800px\" \/>\t\t\t<\/a>\n\t\t<\/div>\n\t\t\n\t\t\t\t\n\t\t\t\t<div class=\"pp-post-content-wrap\">\n\t\t\t\t\t<div class=\"pp-post-content\">\n\t\t\t\t\t\t\t\t\t\t\t\t<h2 class=\"pp-post-title\">\n\t\t\t\t<a href=\"https:\/\/kamboo-project.ngo\/fr\/projet\/programme-damelioration-de-lhygiene-scolaire-ship\/\">Programme WASH dans six \u00e9coles primaires<\/a>\t\t\t<\/h2>\n\t\t\t\t\t\t\t\t<\/div>\n\t\t\t\t\t\t\t\t\t<\/div>\n\n\t\t\t\t\t\t\t<\/div>\n\t\t\t\t\t<\/div>\n\t\t\t\t<div class=\"pp-post-wrap pp-grid-item-wrap elementor-grid-item post-9330 koehn_project type-koehn_project status-publish has-post-thumbnail hentry category-eau-sanitaire category-education\">\n\t\t\t\t\t\t<div class=\"pp-post pp-grid-item\">\n\t\t\t\t\t\t<div class=\"pp-post-thumbnail\">\n\t\t\t<a class=\"pp-post-thumbnail-wrap\" href=\"https:\/\/kamboo-project.ngo\/fr\/projet\/infrastructure-scolaire-ecole-primaire-arranh-rangsey\/\" title=\"Infrastructure scolaire: \u00c9cole primaire Arranh Rangsey\">\n\t\t\t\t<img loading=\"lazy\" decoding=\"async\" width=\"800\" height=\"487\" src=\"https:\/\/kamboo-project.ngo\/wp-content\/uploads\/2019\/11\/DSC00594-1024x623.jpg\" class=\"attachment-large size-large wp-image-8124\" alt=\"\" srcset=\"https:\/\/kamboo-project.ngo\/wp-content\/uploads\/2019\/11\/DSC00594-1024x623.jpg 1024w, https:\/\/kamboo-project.ngo\/wp-content\/uploads\/2019\/11\/DSC00594-300x183.jpg 300w, https:\/\/kamboo-project.ngo\/wp-content\/uploads\/2019\/11\/DSC00594-768x467.jpg 768w, https:\/\/kamboo-project.ngo\/wp-content\/uploads\/2019\/11\/DSC00594-1536x935.jpg 1536w, https:\/\/kamboo-project.ngo\/wp-content\/uploads\/2019\/11\/DSC00594-555x338.jpg 555w, https:\/\/kamboo-project.ngo\/wp-content\/uploads\/2019\/11\/DSC00594.jpg 2048w\" sizes=\"(max-width: 800px) 100vw, 800px\" \/>\t\t\t<\/a>\n\t\t<\/div>\n\t\t\n\t\t\t\t\n\t\t\t\t<div class=\"pp-post-content-wrap\">\n\t\t\t\t\t<div class=\"pp-post-content\">\n\t\t\t\t\t\t\t\t\t\t\t\t<h2 class=\"pp-post-title\">\n\t\t\t\t<a href=\"https:\/\/kamboo-project.ngo\/fr\/projet\/infrastructure-scolaire-ecole-primaire-arranh-rangsey\/\">Infrastructure scolaire: \u00c9cole primaire Arranh Rangsey<\/a>\t\t\t<\/h2>\n\t\t\t\t\t\t\t\t<\/div>\n\t\t\t\t\t\t\t\t\t<\/div>\n\n\t\t\t\t\t\t\t<\/div>\n\t\t\t\t\t<\/div>\n\t\t\t\t<div class=\"pp-post-wrap pp-grid-item-wrap elementor-grid-item post-9335 koehn_project type-koehn_project status-publish has-post-thumbnail hentry category-construction-renovation-fr category-eau-sanitaire category-education\">\n\t\t\t\t\t\t<div class=\"pp-post pp-grid-item\">\n\t\t\t\t\t\t<div class=\"pp-post-thumbnail\">\n\t\t\t<a class=\"pp-post-thumbnail-wrap\" href=\"https:\/\/kamboo-project.ngo\/fr\/projet\/infrastructure-pour-lecole-primaire-de-wat-roka\/\" title=\"Infrastructure pour l&rsquo;\u00e9cole primaire de Wat Roka\">\n\t\t\t\t<img loading=\"lazy\" decoding=\"async\" width=\"686\" height=\"1024\" src=\"https:\/\/kamboo-project.ngo\/wp-content\/uploads\/2019\/11\/DSC00553-686x1024.jpg\" class=\"attachment-large size-large wp-image-8116\" alt=\"\" srcset=\"https:\/\/kamboo-project.ngo\/wp-content\/uploads\/2019\/11\/DSC00553-686x1024.jpg 686w, https:\/\/kamboo-project.ngo\/wp-content\/uploads\/2019\/11\/DSC00553-201x300.jpg 201w, https:\/\/kamboo-project.ngo\/wp-content\/uploads\/2019\/11\/DSC00553-768x1147.jpg 768w, https:\/\/kamboo-project.ngo\/wp-content\/uploads\/2019\/11\/DSC00553-1028x1536.jpg 1028w, https:\/\/kamboo-project.ngo\/wp-content\/uploads\/2019\/11\/DSC00553-555x829.jpg 555w, https:\/\/kamboo-project.ngo\/wp-content\/uploads\/2019\/11\/DSC00553.jpg 1371w\" sizes=\"(max-width: 686px) 100vw, 686px\" \/>\t\t\t<\/a>\n\t\t<\/div>\n\t\t\n\t\t\t\t\n\t\t\t\t<div class=\"pp-post-content-wrap\">\n\t\t\t\t\t<div class=\"pp-post-content\">\n\t\t\t\t\t\t\t\t\t\t\t\t<h2 class=\"pp-post-title\">\n\t\t\t\t<a href=\"https:\/\/kamboo-project.ngo\/fr\/projet\/infrastructure-pour-lecole-primaire-de-wat-roka\/\">Infrastructure pour l&rsquo;\u00e9cole primaire de Wat Roka<\/a>\t\t\t<\/h2>\n\t\t\t\t\t\t\t\t<\/div>\n\t\t\t\t\t\t\t\t\t<\/div>\n\n\t\t\t\t\t\t\t<\/div>\n\t\t\t\t\t<\/div>\n\t\t\t\t<div class=\"pp-post-wrap pp-grid-item-wrap elementor-grid-item post-9337 koehn_project type-koehn_project status-publish has-post-thumbnail hentry category-eau-sanitaire\">\n\t\t\t\t\t\t<div class=\"pp-post pp-grid-item\">\n\t\t\t\t\t\t<div class=\"pp-post-thumbnail\">\n\t\t\t<a class=\"pp-post-thumbnail-wrap\" href=\"https:\/\/kamboo-project.ngo\/fr\/projet\/batiment-de-toilettes-pour-lecole-primaire-de-ta-ei\/\" title=\"B\u00e2timent de toilettes pour l&rsquo;\u00e9cole primaire de Ta Ei\">\n\t\t\t\t<img loading=\"lazy\" decoding=\"async\" width=\"800\" height=\"534\" src=\"https:\/\/kamboo-project.ngo\/wp-content\/uploads\/2019\/12\/IMG_3697-1024x683.jpg\" class=\"attachment-large size-large wp-image-8192\" alt=\"\" srcset=\"https:\/\/kamboo-project.ngo\/wp-content\/uploads\/2019\/12\/IMG_3697-1024x683.jpg 1024w, https:\/\/kamboo-project.ngo\/wp-content\/uploads\/2019\/12\/IMG_3697-300x200.jpg 300w, https:\/\/kamboo-project.ngo\/wp-content\/uploads\/2019\/12\/IMG_3697-768x512.jpg 768w, https:\/\/kamboo-project.ngo\/wp-content\/uploads\/2019\/12\/IMG_3697-1536x1024.jpg 1536w, https:\/\/kamboo-project.ngo\/wp-content\/uploads\/2019\/12\/IMG_3697-750x500.jpg 750w, https:\/\/kamboo-project.ngo\/wp-content\/uploads\/2019\/12\/IMG_3697-555x370.jpg 555w, https:\/\/kamboo-project.ngo\/wp-content\/uploads\/2019\/12\/IMG_3697-272x182.jpg 272w, https:\/\/kamboo-project.ngo\/wp-content\/uploads\/2019\/12\/IMG_3697.jpg 2048w\" sizes=\"(max-width: 800px) 100vw, 800px\" \/>\t\t\t<\/a>\n\t\t<\/div>\n\t\t\n\t\t\t\t\n\t\t\t\t<div class=\"pp-post-content-wrap\">\n\t\t\t\t\t<div class=\"pp-post-content\">\n\t\t\t\t\t\t\t\t\t\t\t\t<h2 class=\"pp-post-title\">\n\t\t\t\t<a href=\"https:\/\/kamboo-project.ngo\/fr\/projet\/batiment-de-toilettes-pour-lecole-primaire-de-ta-ei\/\">B\u00e2timent de toilettes pour l&rsquo;\u00e9cole primaire de Ta Ei<\/a>\t\t\t<\/h2>\n\t\t\t\t\t\t\t\t<\/div>\n\t\t\t\t\t\t\t\t\t<\/div>\n\n\t\t\t\t\t\t\t<\/div>\n\t\t\t\t\t<\/div>\n\t\t\t\t<div class=\"pp-post-wrap pp-grid-item-wrap elementor-grid-item post-9342 koehn_project type-koehn_project status-publish has-post-thumbnail hentry category-eau-sanitaire\">\n\t\t\t\t\t\t<div class=\"pp-post pp-grid-item\">\n\t\t\t\t\t\t<div class=\"pp-post-thumbnail\">\n\t\t\t<a class=\"pp-post-thumbnail-wrap\" href=\"https:\/\/kamboo-project.ngo\/fr\/projet\/maison-de-toilette-pour-une-famille-decente-mais-defavorisee\/\" title=\"Maison de toilette pour une famille d\u00e9cente mais d\u00e9favoris\u00e9e\">\n\t\t\t\t<img loading=\"lazy\" decoding=\"async\" width=\"768\" height=\"1024\" src=\"https:\/\/kamboo-project.ngo\/wp-content\/uploads\/2019\/08\/68989571_534129057325638_4026208514861957120_n-768x1024.jpg\" class=\"attachment-large size-large wp-image-8078\" alt=\"\" srcset=\"https:\/\/kamboo-project.ngo\/wp-content\/uploads\/2019\/08\/68989571_534129057325638_4026208514861957120_n-768x1024.jpg 768w, https:\/\/kamboo-project.ngo\/wp-content\/uploads\/2019\/08\/68989571_534129057325638_4026208514861957120_n-225x300.jpg 225w, https:\/\/kamboo-project.ngo\/wp-content\/uploads\/2019\/08\/68989571_534129057325638_4026208514861957120_n-555x740.jpg 555w, https:\/\/kamboo-project.ngo\/wp-content\/uploads\/2019\/08\/68989571_534129057325638_4026208514861957120_n.jpg 1536w\" sizes=\"(max-width: 768px) 100vw, 768px\" \/>\t\t\t<\/a>\n\t\t<\/div>\n\t\t\n\t\t\t\t\n\t\t\t\t<div class=\"pp-post-content-wrap\">\n\t\t\t\t\t<div class=\"pp-post-content\">\n\t\t\t\t\t\t\t\t\t\t\t\t<h2 class=\"pp-post-title\">\n\t\t\t\t<a href=\"https:\/\/kamboo-project.ngo\/fr\/projet\/maison-de-toilette-pour-une-famille-decente-mais-defavorisee\/\">Maison de toilette pour une famille d\u00e9cente mais d\u00e9favoris\u00e9e<\/a>\t\t\t<\/h2>\n\t\t\t\t\t\t\t\t<\/div>\n\t\t\t\t\t\t\t\t\t<\/div>\n\n\t\t\t\t\t\t\t<\/div>\n\t\t\t\t\t<\/div>\n\t\t\t\t<div class=\"pp-post-wrap pp-grid-item-wrap elementor-grid-item post-9356 koehn_project type-koehn_project status-publish has-post-thumbnail hentry category-eau-sanitaire\">\n\t\t\t\t\t\t<div class=\"pp-post pp-grid-item\">\n\t\t\t\t\t\t<div class=\"pp-post-thumbnail\">\n\t\t\t<a class=\"pp-post-thumbnail-wrap\" href=\"https:\/\/kamboo-project.ngo\/fr\/projet\/renovation-des-toilettes-de-lecole-primaire-de-svay-thom\/\" title=\"R\u00e9novation des toilettes de l&rsquo;\u00e9cole primaire de Svay Thom\">\n\t\t\t\t<img loading=\"lazy\" decoding=\"async\" width=\"800\" height=\"534\" src=\"https:\/\/kamboo-project.ngo\/wp-content\/uploads\/2019\/03\/IMG_1623-1024x683.jpg\" class=\"attachment-large size-large wp-image-7986\" alt=\"\" srcset=\"https:\/\/kamboo-project.ngo\/wp-content\/uploads\/2019\/03\/IMG_1623-1024x683.jpg 1024w, https:\/\/kamboo-project.ngo\/wp-content\/uploads\/2019\/03\/IMG_1623-300x200.jpg 300w, https:\/\/kamboo-project.ngo\/wp-content\/uploads\/2019\/03\/IMG_1623-768x512.jpg 768w, https:\/\/kamboo-project.ngo\/wp-content\/uploads\/2019\/03\/IMG_1623-750x500.jpg 750w, https:\/\/kamboo-project.ngo\/wp-content\/uploads\/2019\/03\/IMG_1623-555x370.jpg 555w, https:\/\/kamboo-project.ngo\/wp-content\/uploads\/2019\/03\/IMG_1623-272x182.jpg 272w, https:\/\/kamboo-project.ngo\/wp-content\/uploads\/2019\/03\/IMG_1623.jpg 2048w\" sizes=\"(max-width: 800px) 100vw, 800px\" \/>\t\t\t<\/a>\n\t\t<\/div>\n\t\t\n\t\t\t\t\n\t\t\t\t<div class=\"pp-post-content-wrap\">\n\t\t\t\t\t<div class=\"pp-post-content\">\n\t\t\t\t\t\t\t\t\t\t\t\t<h2 class=\"pp-post-title\">\n\t\t\t\t<a href=\"https:\/\/kamboo-project.ngo\/fr\/projet\/renovation-des-toilettes-de-lecole-primaire-de-svay-thom\/\">R\u00e9novation des toilettes de l&rsquo;\u00e9cole primaire de Svay Thom<\/a>\t\t\t<\/h2>\n\t\t\t\t\t\t\t\t<\/div>\n\t\t\t\t\t\t\t\t\t<\/div>\n\n\t\t\t\t\t\t\t<\/div>\n\t\t\t\t\t<\/div>\n\t\t\t\t\t\t\t\t\t<\/div>\n\t\t\t\n\t\t\t\n\t\t\t\n\t\t\t\n\t\t\t\t\t\t\t\t\t\t\t<div class=\"pp-posts-pagination-wrap pp-posts-pagination-bottom\">\n\t\t\t\t\t\t\t\t<nav class=\"pp-posts-pagination pp-posts-pagination-ajax elementor-pagination\" role=\"navigation\" aria-label=\"Pagination\" data-total=\"2\">\n\t\t\t\t<span aria-current=\"page\" class=\"page-numbers current\">1<\/span>\n<a class=\"page-numbers\" href=\"https:\/\/kamboo-project.ngo\/fr\/wp-json\/wp\/v2\/pages\/10432\/page\/2\/\">2<\/a>\n<a class=\"next page-numbers\" href=\"https:\/\/kamboo-project.ngo\/fr\/wp-json\/wp\/v2\/pages\/10432\/page\/2\/\">Next &raquo;<\/a>\t\t\t<\/nav>\n\t\t\t\t\t\t\t<\/div>\n\t\t\t\t\t\t\t\t\t<\/div>\n\n\t\t\n\t\t\t\t\t\t<\/div>\n\t\t\t\t<\/div>\n\t\t\t\t\t<\/div>\n\t\t<\/div>\n\t\t\t\t\t<\/div>\n\t\t<\/section>\n\t\t\t\t<\/div>\n\t\t","protected":false},"excerpt":{"rendered":"<p>WASH Programm an sechs Primarschulen Schulinfrastruktur: Arranh Rangsey Grundschule Schulinfrastruktur: Wat Roka Grundschule Toilettenanlage f\u00fcr die Ta Ei Grundschule WC-H\u00e4uschen f\u00fcr fleissige, benachteiligte Familie Sanierung der Toilettenh\u00e4user an der Svay Thom Grundschule Instandsetzung der Schule Anlong Pir Renovation WC-Komplex f\u00fcr Familien mit verwitwetem Familienoberhaupt Sichere WC-Anlagen zur Reduktion von bakteriellen Infektionen Bau einer Toilette f\u00fcr [&hellip;]<\/p>\n","protected":false},"author":1,"featured_media":0,"parent":10077,"menu_order":0,"comment_status":"closed","ping_status":"closed","template":"","meta":{"_acf_changed":false,"footnotes":""},"class_list":["post-10432","page","type-page","status-publish","hentry"],"acf":[],"aioseo_notices":[],"_links":{"self":[{"href":"https:\/\/kamboo-project.ngo\/fr\/wp-json\/wp\/v2\/pages\/10432","targetHints":{"allow":["GET"]}}],"collection":[{"href":"https:\/\/kamboo-project.ngo\/fr\/wp-json\/wp\/v2\/pages"}],"about":[{"href":"https:\/\/kamboo-project.ngo\/fr\/wp-json\/wp\/v2\/types\/page"}],"author":[{"embeddable":true,"href":"https:\/\/kamboo-project.ngo\/fr\/wp-json\/wp\/v2\/users\/1"}],"replies":[{"embeddable":true,"href":"https:\/\/kamboo-project.ngo\/fr\/wp-json\/wp\/v2\/comments?post=10432"}],"version-history":[{"count":10,"href":"https:\/\/kamboo-project.ngo\/fr\/wp-json\/wp\/v2\/pages\/10432\/revisions"}],"predecessor-version":[{"id":11327,"href":"https:\/\/kamboo-project.ngo\/fr\/wp-json\/wp\/v2\/pages\/10432\/revisions\/11327"}],"up":[{"embeddable":true,"href":"https:\/\/kamboo-project.ngo\/fr\/wp-json\/wp\/v2\/pages\/10077"}],"wp:attachment":[{"href":"https:\/\/kamboo-project.ngo\/fr\/wp-json\/wp\/v2\/media?parent=10432"}],"curies":[{"name":"wp","href":"https:\/\/api.w.org\/{rel}","templated":true}]}}