{"id":10654,"date":"2020-05-20T10:35:28","date_gmt":"2020-05-20T08:35:28","guid":{"rendered":"https:\/\/kamboo-project.ngo\/staging\/le-benevolat\/"},"modified":"2024-12-18T22:27:33","modified_gmt":"2024-12-18T21:27:33","slug":"le-benevolat","status":"publish","type":"page","link":"https:\/\/kamboo-project.ngo\/fr\/le-benevolat\/","title":{"rendered":"Le b\u00e9n\u00e9volat"},"content":{"rendered":"<h2>Super ! &#8211; Nous serions ravis de vous rencontrer !<\/h2>\n<p>T\u00e9l\u00e9charger le formulaire de <a href=\"https:\/\/kamboo-project.ngo\/wp-content\/uploads\/2020\/06\/Kamboo-Volunteer-Application.pdf\">demande de b\u00e9n\u00e9volat Kamboo<\/a>.<\/p>\n<p>Vous participerez \u00e0 nos efforts continus pour soutenir les populations locales, tout en vous immergeant dans une partie de la culture de l&rsquo;Asie du Sud-Est. \u00c0 premi\u00e8re vue, il est parfois difficile de mesurer la diff\u00e9rence qu&rsquo;un b\u00e9n\u00e9vole peut faire en quelques semaines. Mais lorsque des milliers de personnes consacrent un peu de temps aux m\u00eames objectifs \u00e0 long terme, nous r\u00e9alisons ensemble des progr\u00e8s consid\u00e9rables.<\/p>\n<p>Nous ne laissons pas notre impact positif au hasard. Chacun de nos projets est soigneusement planifi\u00e9 et contr\u00f4l\u00e9 afin que nous sachions que nous apportons le changement positif que nous nous sommes engag\u00e9s \u00e0 r\u00e9aliser.<\/p>\n<p><strong>Nous proposons plusieurs possibilit\u00e9s de volontariat \u00e0 Siem Reap, au Cambodge :<\/strong><\/p>\n<p><strong>Travail sur le terrain<\/strong>: am\u00e9liorer les \u00e9coles rurales en apportant un soutien dans nos domaines de pr\u00e9dilection : Travaux de construction et de r\u00e9paration (toits, sols, murs, peinture&#8230;), organisation et conduite d&rsquo;ateliers sur l&rsquo;hygi\u00e8ne, formation des enseignants, approvisionnement en eau, analyse de l&rsquo;eau, soutien aux soins de sant\u00e9 pour les communaut\u00e9s voisines de nos \u00e9coles.<\/p>\n<p><strong>Soutien \u00e0 l&rsquo;\u00e9quipe<\/strong>: soutenir notre bureau en formant le personnel dans un ou plusieurs domaines : anglais, comptabilit\u00e9, gestion de projet, gestion des technologies de l&rsquo;information, am\u00e9lioration des processus, d\u00e9veloppement d&rsquo;\u00e9quipe, ressources humaines.<\/p>\n<p>Nos projets de volontariat \u00e0 l&rsquo;\u00e9tranger conviennent parfaitement\u00a0<strong><u>pour tout le monde.<\/u>\u00a0<\/strong>Nos projets de volontariat \u00e0 l&rsquo;\u00e9tranger conviennent \u00e0 tout le monde, des \u00e9tudiants universitaires int\u00e9ress\u00e9s par un travail b\u00e9n\u00e9vole au Cambodge aux familles, en passant par les volontaires \u00e0 court terme, les voyageurs en ann\u00e9e sabbatique, les professionnels et les personnes en rupture de carri\u00e8re, ainsi que les voyageurs \u00e2g\u00e9s d\u00e9sireux de faire quelque chose de diff\u00e9rent pendant leurs vacances.<\/p>\n<h3>O\u00f9 vais-je faire du b\u00e9n\u00e9volat au Cambodge ?<\/h3>\n<p>En faisant du volontariat au Cambodge avec nous, vous vivrez et travaillerez au c\u0153ur de Siem Reap. Siem Reap est la capitale de la province de Siem Reap, dans le nord-ouest du Cambodge. Siem Reap pr\u00e9sente une architecture coloniale et chinoise dans le vieux quartier fran\u00e7ais et autour du vieux march\u00e9. Quel que soit le travail b\u00e9n\u00e9vole que vous choisissez de faire, nous vous encourageons \u00e0 profiter au maximum de la vie \u00e0 Siem Reap. Pendant votre temps libre, vous pourrez explorer la ville et la campagne, manger de d\u00e9licieux plats de rue et faire du shopping sur les march\u00e9s.<\/p>\n<p>Votre s\u00e9curit\u00e9 est notre priorit\u00e9 \u00e0 tout moment, c&rsquo;est pourquoi nous disposons d&rsquo;un personnel form\u00e9 \u00e0 plein temps pour soutenir nos b\u00e9n\u00e9voles 24 heures sur 24 et 7 jours sur 7. Ils r\u00e9pondront \u00e0 toutes vos questions et seront l\u00e0 pour vous aider et vous guider.<\/p>\n<p>Au Cambodge, les gens sont sympathiques et accueillants, et le pays est extr\u00eamement beau. Siem Reap, qui signifie litt\u00e9ralement la \u00ab\u00a0d\u00e9faite du Siam\u00a0\u00bb, est la r\u00e9gion la plus prosp\u00e8re du Cambodge contemporain. Sa proximit\u00e9 avec le complexe des temples d&rsquo;Angkor Wat a fait de la ville l&rsquo;une des premi\u00e8res destinations touristiques au monde. Plus d&rsquo;un million de voyageurs se rendent chaque ann\u00e9e \u00e0 Siem Reap pour d\u00e9couvrir plus de mille ans d&rsquo;h\u00e9ritage khmer construit pr\u00e8s du lac Tonle Sap, fondement de la puissance \u00e9conomique de l&rsquo;ancien empire cambodgien. Profitez au maximum de votre temps avec Kamboo Project en Asie du Sud-Est pour voir et faire le plus de choses possible !<\/p>\n<h3>Puis-je me porter volontaire pour le projet Kamboo gratuitement ?<\/h3>\n<p>On nous demande souvent s&rsquo;il est possible de faire du b\u00e9n\u00e9volat pour le projet Kamboo gratuitement ?<\/p>\n<p>M\u00eame si nous offrons une exp\u00e9rience s\u00fbre et sans tracas, avec des projets construits autour d&rsquo;objectifs \u00e0 long terme et durables, nous acceptons toujours les volontaires directement et NON<strong>,<\/strong> nous <strong>ne<\/strong> facturons <strong>pas<\/strong> de frais !<\/p>\n<p>Cependant, d&rsquo;autres co\u00fbts importants li\u00e9s au b\u00e9n\u00e9volat sont \u00e0 la charge du b\u00e9n\u00e9vole :<\/p>\n<ul>\n<li><strong>Vols &#8211; <\/strong>L&rsquo;a\u00e9roport de destination est l&rsquo;a\u00e9roport international de Siem Reap (REP). Vous \u00eates responsable de la r\u00e9servation et du paiement de votre voyage \u00e0 l&rsquo;a\u00e9roport.<\/li>\n<li><strong>Transferts de l&rsquo;a\u00e9roport<\/strong> &#8211; peuvent \u00eatre organis\u00e9s avec notre bureau ou vous pouvez t\u00e9l\u00e9charger des applications telles que Pass App ou Grab.<\/li>\n<li><strong>H\u00e9bergement<\/strong> &#8211; entre 25 et 35 USD par jour pour une chambre simple avec climatisation dans une maison d&rsquo;h\u00f4tes ou un h\u00f4tel de charme.<\/li>\n<li><strong>Carte t\u00e9l\u00e9phonique<\/strong> &#8211; 1USD vous donne droit \u00e0 une semaine d&rsquo;utilisation. Notre \u00e9quipe peut vous aider \u00e0 acheter une carte SIM.<\/li>\n<li><strong>Repas<\/strong> Nous disposons d&rsquo;une cuisine dans le bureau, ce qui vous permet de pr\u00e9parer vos propres petits repas entre les heures de travail.<\/li>\n<li><strong>Transport<\/strong> &#8211; dans le cas o\u00f9 vous d\u00e9cidez de s\u00e9journer dans un h\u00f4tel, nous pouvons organiser le transfert de et vers le bureau de et vers votre lieu de r\u00e9sidence, mais \u00e0 vos propres frais.<\/li>\n<li><strong>Assurance voyage &#8211; <\/strong>Votre s\u00e9curit\u00e9 est importante pour nous. C&rsquo;est pourquoi vous \u00eates tenu de souscrire une assurance voyage et m\u00e9dicale appropri\u00e9e qui vous couvrira pendant toute la dur\u00e9e de votre projet et de vos voyages \u00e0 l&rsquo;\u00e9tranger. Votre police d&rsquo;assurance voyage doit inclure les soins m\u00e9dicaux d&rsquo;urgence, y compris le rapatriement, les accidents personnels, la responsabilit\u00e9 civile et la perte de bagages.<\/li>\n<li><strong>Visas &#8211; <\/strong>Certains pays exigent des citoyens qu&rsquo;ils ach\u00e8tent un visa, quelle que soit la dur\u00e9e de leur s\u00e9jour. D&rsquo;autres destinations peuvent imposer des frais de visa pour les s\u00e9jours d\u00e9passant une p\u00e9riode d\u00e9termin\u00e9e. Actuellement, le prix d&rsquo;un visa pour une p\u00e9riode d&rsquo;un mois est de 37 USD. Notre \u00e9quipe peut vous aider pour les s\u00e9jours de plus d&rsquo;un mois.<\/li>\n<li><strong>Vaccinations &#8211; <\/strong>Nous vous conseillons de consulter votre m\u00e9decin g\u00e9n\u00e9raliste ou votre centre de sant\u00e9 pour obtenir des informations actualis\u00e9es sur les vaccinations. Comme nous ne sommes pas des experts m\u00e9dicaux, nos conseils sur les vaccinations et autres questions m\u00e9dicales ne peuvent \u00eatre qu&rsquo;informels.<\/li>\n<\/ul>\n<h3>Accueil \u00e0 l&rsquo;a\u00e9roport, vols et visas<\/h3>\n<p>A votre arriv\u00e9e \u00e0 l&rsquo;a\u00e9roport, un membre de notre personnel d&rsquo;accueil sera l\u00e0 pour vous recevoir. Nous disposons de toutes les informations dont vous avez besoin pour votre voyage, qu&rsquo;il s&rsquo;agisse de r\u00e9pondre \u00e0 vos questions sur les visas ou de vous accompagner lors de l&rsquo;accueil de votre premier jour au Cambodge. Notre approche sans tracas vous permet de vous concentrer sur ce qui compte vraiment, \u00e0 savoir faire la diff\u00e9rence gr\u00e2ce \u00e0 votre mission de volontariat.<\/p>\n<p><strong>Arriv\u00e9e \u00e0 l&rsquo;a\u00e9roport et prise en charge au Cambodge<\/strong><\/p>\n<p>Vous arriverez \u00e0 l&rsquo;a\u00e9roport international de Siem Reap (REP). Un membre du projet Kamboo vous accueillera dans l&rsquo;aire d&rsquo;arriv\u00e9e principale. Ils porteront un t-shirt du projet Kamboo et seront munis d&rsquo;une pi\u00e8ce d&rsquo;identit\u00e9. Ils tiendront un panneau indiquant votre nom.<\/p>\n<p>Apr\u00e8s votre arriv\u00e9e \u00e0 l&rsquo;a\u00e9roport, le chauffeur vous conduira \u00e0 votre h\u00e9bergement. Il s&rsquo;agit d&rsquo;un trajet d&rsquo;environ 35 minutes depuis l&rsquo;a\u00e9roport jusqu&rsquo;\u00e0 la sortie du centre-ville de Siem Reap. Notre bureau du projet Kamboo est situ\u00e9 pr\u00e8s du centre de Siem Reap, \u00e0 proximit\u00e9 de la rivi\u00e8re Seam Reap.<\/p>\n<p>Lorsque vous arriverez \u00e0 votre logement, un autre membre du personnel du projet Kamboo vous attendra. Si vous arrivez le soir, un membre du personnel vous contactera \u00e0 votre arriv\u00e9e pour s&rsquo;assurer que votre transfert vers votre logement se d\u00e9roule sans encombre.<\/p>\n<p><strong>Visas n\u00e9cessaires pour votre projet de volontariat ou de stage au Cambodge<\/strong><\/p>\n<p>L&rsquo;un des avantages d&rsquo;\u00eatre volontaire chez nous est l&rsquo;aide \u00e0 l&rsquo;obtention d&rsquo;un visa que nous vous offrons. Notre \u00e9quipe sp\u00e9cialis\u00e9e dans les visas dispose d&rsquo;informations actualis\u00e9es sur les conditions d&rsquo;obtention des visas pour toutes nos destinations dans le monde. Vous pouvez nous contacter si vous avez des questions sur les visas, qu&rsquo;elles soient petites ou grandes, et nous vous guiderons tout au long de la proc\u00e9dure. Il vous incombe d&rsquo;obtenir et de conserver votre propre visa.<\/p>\n<h3>L&rsquo;accueil et l&rsquo;orientation au Cambodge<\/h3>\n<p>L&rsquo;accueil a lieu le lendemain de votre arriv\u00e9e. Si vous arrivez pendant le week-end, votre int\u00e9gration commencera normalement le lundi. Il y aura beaucoup de choses \u00e0 faire pendant le week-end. Nous vous pr\u00e9senterons aux autres volontaires si nous le pouvons, et vous pourrez passer du temps \u00e0 faire connaissance avec les v\u00f4tres.<\/p>\n<p>Pour votre initiation, nous viendrons vous chercher \u00e0 votre h\u00e9bergement et nous vous emm\u00e8nerons au bureau principal de Kamboo. Au bureau, nous examinerons avec vous le manuel du projet Kamboo et vous pourrez nous poser toutes les questions que vous souhaitez. Nous partagerons \u00e9galement avec vous des informations sur la mani\u00e8re dont nous g\u00e9rons nos projets au Cambodge.<\/p>\n<p>Vous recevrez un dossier d&rsquo;initiation. Il contient toutes les informations dont vous avez besoin, comme une carte de Siem Reap avec les lieux importants mis en \u00e9vidence. Il contient \u00e9galement les coordonn\u00e9es de tous les membres du personnel local de Kamboo.<\/p>\n<p>On vous montrera ensuite les lieux importants de la ville. Nous vous indiquerons les points de rep\u00e8re et vous montrerons les caf\u00e9s Internet, le bureau de poste et l&rsquo;endroit o\u00f9 changer de l&rsquo;argent. Nous veillerons \u00e9galement \u00e0 vous indiquer exactement comment vous rendre \u00e0 ces endroits depuis votre logement. Vous pouvez \u00e9galement acheter une carte SIM locale si vous en avez besoin.<\/p>\n<h3>Votre premier jour sur votre lieu de stage ou de b\u00e9n\u00e9volat<\/h3>\n<p>Vous vous rendrez \u00e0 votre stage le jour suivant l&rsquo;induction. Nous vous montrerons exactement comment vous rendre \u00e0 votre stage depuis votre logement le premier jour de travail. Votre mode de transport d\u00e9pendra de la distance qui s\u00e9pare le stage de votre logement. Vous pouvez marcher ou prendre un taxi-moto ou le bus. Nous vous aiderons \u00e0 choisir la meilleure option.<\/p>\n<p>Tous les frais de transport li\u00e9s au travail seront couverts par Kamboo Project, \u00e0 l&rsquo;exception du trajet entre votre logement et le bureau. Nous mettons des v\u00e9los \u00e0 votre disposition si vous avez envie de faire du v\u00e9lo.<\/p>\n<p>Lors de votre stage, vous rencontrerez votre superviseur local et vos nouveaux coll\u00e8gues. Nous vous ferons visiter le site et vous expliquerons comment tout fonctionne et ce que l&rsquo;on attend de vous. Vous ne commencerez \u00e0 travailler sur des projets qu&rsquo;\u00e0 partir de votre deuxi\u00e8me jour de travail.<\/p>\n<h3>Soutien, s\u00e9curit\u00e9 et sauvegarde<\/h3>\n<p>Votre s\u00e9curit\u00e9 est notre premi\u00e8re pr\u00e9occupation. Nous avons mis en place de nombreuses proc\u00e9dures et syst\u00e8mes pour vous assurer le soutien dont vous avez besoin pour profiter de votre voyage en toute s\u00e9r\u00e9nit\u00e9. Le personnel du projet Kamboo est disponible 24 heures sur 24 pour vous aider et s&rsquo;assurer que vous vous int\u00e9grez bien dans votre logement et votre stage. Si vous rencontrez des probl\u00e8mes, ils seront disponibles pour vous aider \u00e0 tout moment.<\/p>\n<h3>Sensibilisation culturelle<\/h3>\n<p>Lorsque vous choisissez de faire du volontariat \u00e0 l&rsquo;\u00e9tranger, vous savez que le pays dans lequel vous vous rendez est diff\u00e9rent du v\u00f4tre. Pour vous pr\u00e9parer \u00e0 cette exp\u00e9rience dans un nouveau pays avec une culture diff\u00e9rente, Kamboo Project a mis en place une formation de sensibilisation culturelle approfondie sur le Cambodge, car nous voulons que vous vous sentiez bien et que vous soyez pr\u00e9par\u00e9s avant votre arriv\u00e9e. A la fin, vous signerez notre\u00a0<a href=\"https:\/\/kamboo-project.ngo\/wp-content\/uploads\/2018\/09\/Code-of-Conduct_Kamboo-Project-1.pdf\"><strong>Code de conduite<\/strong><\/a><strong>.<\/strong><\/p>\n<p><strong>Qu&rsquo;est-ce que la sensibilit\u00e9 et la prise de conscience culturelles ?<\/strong><\/p>\n<p>La sensibilit\u00e9 culturelle consiste \u00e0 savoir et \u00e0 comprendre que les cultures sont diff\u00e9rentes et \u00e0 accepter cette diff\u00e9rence. Chaque pays a ses propres traditions et cultures. Le fait d&rsquo;\u00eatre sensible \u00e0 la culture et ouvert aux diff\u00e9rences culturelles rendra votre s\u00e9jour \u00e0 l&rsquo;\u00e9tranger plus int\u00e9ressant. Vous pourrez explorer et d\u00e9couvrir une culture diff\u00e9rente de la v\u00f4tre tout en acqu\u00e9rant une nouvelle perspective.<\/p>\n<p><strong>Pourquoi avez-vous besoin d&rsquo;une formation \u00e0 la sensibilit\u00e9 et \u00e0 la prise de conscience culturelles ?<\/strong><\/p>\n<p>Se rendre dans un nouveau pays peut parfois \u00eatre un choc. Vous ne vous attendiez peut-\u00eatre pas \u00e0 ce que les choses soient aussi diff\u00e9rentes qu&rsquo;elles le sont. Il se peut que vous ne vous sentiez pas \u00e0 votre place ou que vous ne sachiez pas ce que vous faites l\u00e0. C&rsquo;est ce qu&rsquo;on appelle le choc culturel.<\/p>\n<p>La formation des volontaires \u00e0 la sensibilit\u00e9 culturelle peut transformer le choc culturel en curiosit\u00e9 culturelle. Et bien s\u00fbr, nous voulons tous \u00eatre curieux de notre nouvelle destination sans \u00eatre frein\u00e9s par le sentiment \u00e9crasant de la nouveaut\u00e9.<\/p>\n<p>C&rsquo;est pourquoi nous faisons tout notre possible pour que vous soyez pr\u00e9par\u00e9 et que vous connaissiez le mieux possible votre destination. De cette fa\u00e7on, vous pouvez vous concentrer sur un impact positif d\u00e8s le d\u00e9but. Vous pourrez apprendre et explorer pleinement votre maison loin de chez vous.<\/p>\n<p><strong>Comment fonctionne notre formation gratuite \u00e0 la sensibilisation culturelle au sein de Kamboo Project ?<\/strong><\/p>\n<p>Gr\u00e2ce \u00e0 notre formation gratuite \u00e0 la sensibilisation culturelle des b\u00e9n\u00e9voles, vous n&rsquo;aurez pas \u00e0 vous inqui\u00e9ter de ne pas vous sentir \u00e0 votre place lorsque vous arriverez et commencerez votre projet de b\u00e9n\u00e9volat. Nous vous pr\u00e9parons \u00e0 votre destination de mani\u00e8re ludique et interactive \u00e0 l&rsquo;aide d&rsquo;un carnet de voyage num\u00e9rique. Une fois que vous avez acc\u00e8s \u00e0 votre agenda, nous vous proposons un programme en ligne en cinq \u00e9tapes pour vous aider \u00e0 vous familiariser avec la culture du pays concern\u00e9 avant votre d\u00e9part. Ce sont :<\/p>\n<ul>\n<li>L&rsquo;\u00e9tat d&rsquo;esprit du voyageur &#8211; Nous vous pr\u00e9sentons ici l&rsquo;ouverture d&rsquo;esprit indispensable pour voyager au Cambodge&#8230;&#8230;<\/li>\n<li>Choc culturel &#8211; Cette partie explique pourquoi le choc culturel se produit et comment il peut vous affecter&#8230;<\/li>\n<li>Journal culturel &#8211; Le journal culturel vous permet de conna\u00eetre les normes sociales et les traditions du Cambodge et de comprendre en quoi votre projet est diff\u00e9rent. C\u00e9l\u00e9brations ayant lieu au cours de l&rsquo;ann\u00e9e.<\/li>\n<li>Sensibilisation culturelle &#8211; Dans cette section, vous am\u00e9liorerez votre compr\u00e9hension du Cambodge et des diff\u00e9rences culturelles que vous venez d&rsquo;apprendre.<\/li>\n<li>Avant de partir &#8211; Dans cette derni\u00e8re section, vous r\u00e9fl\u00e9chissez aux nouvelles connaissances que vous avez acquises et \u00e0 la mani\u00e8re de les mettre en pratique. Que mettre dans sa valise ? Une liste des v\u00eatements et des m\u00e9dicaments essentiels.<\/li>\n<\/ul>\n<p><strong>En savoir plus sur notre formation gratuite \u00e0 la sensibilisation culturelle<\/strong><\/p>\n<p>Nous esp\u00e9rons que notre accroche vous a enthousiasm\u00e9 pour le voyage b\u00e9n\u00e9vole qui vous attend. En \u00e9tudiant ce <a href=\"https:\/\/www.tourismcambodia.com\/tripplanner\/essential-information.htm\"><br \/>\n<strong>Guide des \u00e9l\u00e9ments essentiels \u00ab\u00a0Bienvenue au Cambodge!<\/strong><\/a>\u00a0vous recevrez une bonne introduction \u00e0 la culture du pays ainsi que des informations essentielles. Vous serez m\u00eame familiaris\u00e9 avec quelques expressions de base de la langue locale et quelques interactions.<\/p>\n<p>Vous vous sentirez ainsi particuli\u00e8rement inclus pendant votre s\u00e9jour. Vous pourrez interagir avec la population locale et notre personnel parce que vous comprenez d\u00e9j\u00e0 leur culture. Il se peut m\u00eame que vous reconnaissiez certaines choses qu&rsquo;ils font ou disent gr\u00e2ce \u00e0 votre formation \u00e0 la sensibilisation culturelle. Cela rendra votre s\u00e9jour plus agr\u00e9able.<\/p>\n<p>Voyager dans un nouveau pays peut parfois \u00eatre effrayant. Avec le soutien\u00a0<a href=\"https:\/\/kamboo-project.ngo\/fr\/le-benevolat\/#StaffContact\"><strong>soutien de notre personnel<\/strong><\/a>\u00a0ainsi que la formation \u00e0 la culture et \u00e0 la sensibilit\u00e9 que nous proposons, vous vous sentirez transform\u00e9 pendant votre s\u00e9jour parmi nous.<\/p>\n<h3>Soutien de notre personnel<\/h3>\n<p>La s\u00e9curit\u00e9 des volontaires et des stagiaires est au c\u0153ur de toutes nos activit\u00e9s. Chacun de nos projets fait l&rsquo;objet d&rsquo;une \u00e9valuation approfondie des risques. Chaque membre du personnel est form\u00e9 selon nos normes \u00e9lev\u00e9es. La s\u00e9curit\u00e9 et le soutien sont au c\u0153ur de tout ce que nous faisons.<\/p>\n<ul>\n<li>Nous employons directement tout notre personnel &#8211; nous ne faisons jamais appel \u00e0 des tiers ou \u00e0 des sous-traitants.<\/li>\n<li>Nous choisissons soigneusement nos familles d&rsquo;accueil, afin de garantir la s\u00e9curit\u00e9, le confort et la convivialit\u00e9.<\/li>\n<li>Nous avons des \u00e9quipes enti\u00e8res dans chaque destination, de sorte qu&rsquo;en cas de probl\u00e8me ou de maladie, il y aura toujours quelqu&rsquo;un de disponible pour assurer votre s\u00e9curit\u00e9.<\/li>\n<li>Nous proc\u00e9dons \u00e0 des \u00e9valuations approfondies des risques afin de nous assurer que toutes les destinations de nos projets sont s\u00fbres et politiquement stables.<\/li>\n<li>Nous disposons d&rsquo;un conseiller m\u00e9dical interne qui peut vous consulter, ainsi que votre m\u00e9decin traitant, avant votre d\u00e9part. Vous pouvez ainsi discuter de tout probl\u00e8me de sant\u00e9 et vous assurer que vous abordez votre voyage en toute confiance.<\/li>\n<\/ul>\n<h3>Vous ne trouvez pas ce que vous cherchez ?<\/h3>\n<p>Nous disposons de l&rsquo;expertise et du personnel sur le terrain pour cr\u00e9er un projet sur mesure ou simplement vous aider \u00e0 trouver la meilleure option.<\/p>\n<p>Parlez \u00e0 l&rsquo;un de nos experts &#8211; nous serons ravis de discuter avec vous !<\/p>\n<p><strong>appeler :<br \/>\n<\/strong><a href=\"tel:+41%2079%20708%205552\">+41 79 708 5552<\/a><\/p>\n<p><strong>ou \u00e9crivez un courriel :<br \/>\n<\/strong><a href=\"mailto:info@kamboo-project.ngo\">Prendre contact<\/a><\/p>\n<p>pour commencer \u00e0 planifier votre projet.<br \/>\nSi vous \u00eates pr\u00eat, il vous suffit de t\u00e9l\u00e9charger le <strong><br \/>\n<a href=\"https:\/\/kamboo-project.ngo\/wp-content\/uploads\/2020\/06\/Kamboo-Volunteer-Application.pdf\">Formulaire de candidature pour le b\u00e9n\u00e9volat Kamboo<\/a><br \/>\n<\/strong> de Kamboo, de le remplir et de nous l&rsquo;envoyer \u00e0 l&rsquo;adresse <a href=\"mailto:info@kamboo-project.ngo\">info@kamboo-project.ngo.<\/a><\/p>\n<h3>SOUTIEN DU PERSONNEL :<\/h3>\n<p>Note : Contact au bureau du Cambodge :<\/p>\n<p>Parlez \u00e0 l&rsquo;un de nos experts &#8211; nous serons ravis de discuter avec vous !<\/p>\n<table>\n<tbody>\n<tr>\n<td>1 &#8211; Keo Somalita<\/td>\n<td>Country Manager<\/td>\n<td>Tel +855 17 709 345<\/td>\n<\/tr>\n<tr>\n<td><\/td>\n<td><\/td>\n<td><\/td>\n<\/tr>\n<tr>\n<td><\/td>\n<td><\/td>\n<td><\/td>\n<\/tr>\n<\/tbody>\n<\/table>\n<p>Cette page est le fruit du travail b\u00e9n\u00e9vole des personnes suivantes<br \/>\n<strong>Alison Finch<\/strong>.<\/p>\n","protected":false},"excerpt":{"rendered":"<p>Super ! &#8211; Nous serions ravis de vous rencontrer ! T\u00e9l\u00e9charger le formulaire de demande de b\u00e9n\u00e9volat Kamboo. Vous participerez \u00e0 nos efforts continus pour soutenir les populations locales, tout en vous immergeant dans une partie de la culture de l&rsquo;Asie du Sud-Est. \u00c0 premi\u00e8re vue, il est parfois difficile de mesurer la diff\u00e9rence qu&rsquo;un [&hellip;]<\/p>\n","protected":false},"author":1,"featured_media":0,"parent":0,"menu_order":0,"comment_status":"closed","ping_status":"closed","template":"","meta":{"_acf_changed":false,"footnotes":""},"class_list":["post-10654","page","type-page","status-publish","hentry"],"acf":[],"aioseo_notices":[],"_links":{"self":[{"href":"https:\/\/kamboo-project.ngo\/fr\/wp-json\/wp\/v2\/pages\/10654","targetHints":{"allow":["GET"]}}],"collection":[{"href":"https:\/\/kamboo-project.ngo\/fr\/wp-json\/wp\/v2\/pages"}],"about":[{"href":"https:\/\/kamboo-project.ngo\/fr\/wp-json\/wp\/v2\/types\/page"}],"author":[{"embeddable":true,"href":"https:\/\/kamboo-project.ngo\/fr\/wp-json\/wp\/v2\/users\/1"}],"replies":[{"embeddable":true,"href":"https:\/\/kamboo-project.ngo\/fr\/wp-json\/wp\/v2\/comments?post=10654"}],"version-history":[{"count":12,"href":"https:\/\/kamboo-project.ngo\/fr\/wp-json\/wp\/v2\/pages\/10654\/revisions"}],"predecessor-version":[{"id":15514,"href":"https:\/\/kamboo-project.ngo\/fr\/wp-json\/wp\/v2\/pages\/10654\/revisions\/15514"}],"wp:attachment":[{"href":"https:\/\/kamboo-project.ngo\/fr\/wp-json\/wp\/v2\/media?parent=10654"}],"curies":[{"name":"wp","href":"https:\/\/api.w.org\/{rel}","templated":true}]}}