{"id":9095,"date":"2017-04-20T13:28:15","date_gmt":"2017-04-20T11:28:15","guid":{"rendered":"https:\/\/kamboo-project.ngo\/staging\/merci\/"},"modified":"2023-01-24T14:48:46","modified_gmt":"2023-01-24T13:48:46","slug":"merci","status":"publish","type":"page","link":"https:\/\/kamboo-project.ngo\/fr\/merci\/","title":{"rendered":"Merci"},"content":{"rendered":"\t\t<div data-elementor-type=\"wp-page\" data-elementor-id=\"9095\" class=\"elementor elementor-9095 elementor-6498\" data-elementor-post-type=\"page\">\n\t\t\t\t\t\t<section class=\"elementor-section elementor-top-section elementor-element elementor-element-942eb66 elementor-section-height-min-height elementor-section-boxed elementor-section-height-default elementor-section-items-middle\" data-id=\"942eb66\" data-element_type=\"section\" data-e-type=\"section\" data-settings=\"{&quot;background_background&quot;:&quot;classic&quot;}\">\n\t\t\t\t\t\t<div class=\"elementor-container elementor-column-gap-default\">\n\t\t\t\t\t<div class=\"elementor-column elementor-col-100 elementor-top-column elementor-element elementor-element-5ca66fc\" data-id=\"5ca66fc\" data-element_type=\"column\" data-e-type=\"column\">\n\t\t\t<div class=\"elementor-widget-wrap elementor-element-populated\">\n\t\t\t\t\t\t<div class=\"elementor-element elementor-element-8a65b1b elementor-widget elementor-widget-heading\" data-id=\"8a65b1b\" data-element_type=\"widget\" data-e-type=\"widget\" data-widget_type=\"heading.default\">\n\t\t\t\t<div class=\"elementor-widget-container\">\n\t\t\t\t\t<h2 class=\"elementor-heading-title elementor-size-default\"><div style=\"padding: 90px 0px;font-family: Roboto, sans-serif;font-size: 16px;white-space: normal\"><div style=\"margin-left: auto;margin-right: auto;padding-left: 15px;padding-right: 15px;max-width: 1170px\"><div style=\"margin-left: -15px;margin-right: -15px\"><div style=\"position: relative;min-height: 1px;padding-right: 15px;padding-left: 15px;float: left;width: 1170px\"><h1 style=\"font-size: 44px;margin: 0px;line-height: normal;font-weight: 700;letter-spacing: -0.025em;background-position: center top;background-repeat: no-repeat;background-size: cover\">Merci<\/h1><\/div><\/div><\/div><\/div><\/h2>\t\t\t\t<\/div>\n\t\t\t\t<\/div>\n\t\t\t\t\t<\/div>\n\t\t<\/div>\n\t\t\t\t\t<\/div>\n\t\t<\/section>\n\t\t\t\t<section class=\"elementor-section elementor-top-section elementor-element elementor-element-921d9e6 elementor-section-boxed elementor-section-height-default elementor-section-height-default\" data-id=\"921d9e6\" data-element_type=\"section\" data-e-type=\"section\">\n\t\t\t\t\t\t<div class=\"elementor-container elementor-column-gap-default\">\n\t\t\t\t\t<div class=\"elementor-column elementor-col-100 elementor-top-column elementor-element elementor-element-4e940cc\" data-id=\"4e940cc\" data-element_type=\"column\" data-e-type=\"column\">\n\t\t\t<div class=\"elementor-widget-wrap elementor-element-populated\">\n\t\t\t\t\t\t<div class=\"elementor-element elementor-element-6f8ff58 elementor-widget elementor-widget-text-editor\" data-id=\"6f8ff58\" data-element_type=\"widget\" data-e-type=\"widget\" data-widget_type=\"text-editor.default\">\n\t\t\t\t<div class=\"elementor-widget-container\">\n\t\t\t\t\t\t\t\t\t<p style=\"box-sizing: inherit; margin-right: 0px; margin-bottom: 30px; margin-left: 0px; color: rgb(104, 104, 104); font-family: Roboto, sans-serif; font-size: 20px;\">Nous tenons \u00e0 vous remercier chaleureusement pour cet acte de confiance g\u00e9n\u00e9reux. N&rsquo;h\u00e9sitez pas \u00e0 nous contacter si vous avez des questions concernant les projets.<\/p>\n<p style=\"box-sizing: inherit; margin-right: 0px; margin-bottom: 30px; margin-left: 0px; color: rgb(104, 104, 104); font-family: Roboto, sans-serif; font-size: 20px;\">Encore une fois, merci beaucoup !<\/p>\n<p style=\"box-sizing: inherit; margin-right: 0px; margin-bottom: 0px; margin-left: 0px; color: rgb(104, 104, 104); font-family: Roboto, sans-serif; font-size: 20px;\">Si vous avez besoin d&rsquo;un re\u00e7u de don, veuillez nous contacter en indiquant vos nom, adresse et e-mail et nous nous ferons un plaisir de vous l&rsquo;envoyer.<\/p>\n\t\t\t\t\t\t\t\t<\/div>\n\t\t\t\t<\/div>\n\t\t\t\t\t<\/div>\n\t\t<\/div>\n\t\t\t\t\t<\/div>\n\t\t<\/section>\n\t\t\t\t<\/div>\n\t\t","protected":false},"excerpt":{"rendered":"<p>Merci Nous tenons \u00e0 vous remercier chaleureusement pour cet acte de confiance g\u00e9n\u00e9reux. N&rsquo;h\u00e9sitez pas \u00e0 nous contacter si vous avez des questions concernant les projets. Encore une fois, merci beaucoup ! Si vous avez besoin d&rsquo;un re\u00e7u de don, veuillez nous contacter en indiquant vos nom, adresse et e-mail et nous nous ferons un [&hellip;]<\/p>\n","protected":false},"author":1,"featured_media":0,"parent":0,"menu_order":0,"comment_status":"closed","ping_status":"closed","template":"","meta":{"_acf_changed":false,"footnotes":""},"class_list":["post-9095","page","type-page","status-publish","hentry"],"acf":[],"aioseo_notices":[],"_links":{"self":[{"href":"https:\/\/kamboo-project.ngo\/fr\/wp-json\/wp\/v2\/pages\/9095","targetHints":{"allow":["GET"]}}],"collection":[{"href":"https:\/\/kamboo-project.ngo\/fr\/wp-json\/wp\/v2\/pages"}],"about":[{"href":"https:\/\/kamboo-project.ngo\/fr\/wp-json\/wp\/v2\/types\/page"}],"author":[{"embeddable":true,"href":"https:\/\/kamboo-project.ngo\/fr\/wp-json\/wp\/v2\/users\/1"}],"replies":[{"embeddable":true,"href":"https:\/\/kamboo-project.ngo\/fr\/wp-json\/wp\/v2\/comments?post=9095"}],"version-history":[{"count":1,"href":"https:\/\/kamboo-project.ngo\/fr\/wp-json\/wp\/v2\/pages\/9095\/revisions"}],"predecessor-version":[{"id":9096,"href":"https:\/\/kamboo-project.ngo\/fr\/wp-json\/wp\/v2\/pages\/9095\/revisions\/9096"}],"wp:attachment":[{"href":"https:\/\/kamboo-project.ngo\/fr\/wp-json\/wp\/v2\/media?parent=9095"}],"curies":[{"name":"wp","href":"https:\/\/api.w.org\/{rel}","templated":true}]}}