{"id":9135,"date":"2017-02-19T11:01:31","date_gmt":"2017-02-19T10:01:31","guid":{"rendered":"https:\/\/kamboo-project.ngo\/staging\/soutien-monetaire-aux-projets\/"},"modified":"2023-11-30T22:50:20","modified_gmt":"2023-11-30T21:50:20","slug":"soutien-monetaire-aux-projets","status":"publish","type":"page","link":"https:\/\/kamboo-project.ngo\/fr\/soutien-monetaire-aux-projets\/","title":{"rendered":"Soutien mon\u00e9taire aux projets"},"content":{"rendered":"\t\t<div data-elementor-type=\"wp-page\" data-elementor-id=\"9135\" class=\"elementor elementor-9135 elementor-6329\" data-elementor-post-type=\"page\">\n\t\t\t\t\t\t<section class=\"elementor-section elementor-top-section elementor-element elementor-element-3a213a1 elementor-section-height-min-height elementor-section-boxed elementor-section-height-default elementor-section-items-middle\" data-id=\"3a213a1\" data-element_type=\"section\" data-e-type=\"section\" data-settings=\"{&quot;background_background&quot;:&quot;classic&quot;}\">\n\t\t\t\t\t\t<div class=\"elementor-container elementor-column-gap-default\">\n\t\t\t\t\t<div class=\"elementor-column elementor-col-100 elementor-top-column elementor-element elementor-element-d00b7bb\" data-id=\"d00b7bb\" data-element_type=\"column\" data-e-type=\"column\">\n\t\t\t<div class=\"elementor-widget-wrap elementor-element-populated\">\n\t\t\t\t\t\t<div class=\"elementor-element elementor-element-5dfc6e8 elementor-widget elementor-widget-heading\" data-id=\"5dfc6e8\" data-element_type=\"widget\" data-e-type=\"widget\" data-widget_type=\"heading.default\">\n\t\t\t\t<div class=\"elementor-widget-container\">\n\t\t\t\t\t<h2 class=\"elementor-heading-title elementor-size-default\">Soutien mon\u00e9taire aux projets<\/h2>\t\t\t\t<\/div>\n\t\t\t\t<\/div>\n\t\t\t\t\t<\/div>\n\t\t<\/div>\n\t\t\t\t\t<\/div>\n\t\t<\/section>\n\t\t\t\t<section class=\"elementor-section elementor-top-section elementor-element elementor-element-b43c81a elementor-section-boxed elementor-section-height-default elementor-section-height-default\" data-id=\"b43c81a\" data-element_type=\"section\" data-e-type=\"section\">\n\t\t\t\t\t\t<div class=\"elementor-container elementor-column-gap-default\">\n\t\t\t\t\t<div class=\"elementor-column elementor-col-100 elementor-top-column elementor-element elementor-element-ff891ab\" data-id=\"ff891ab\" data-element_type=\"column\" data-e-type=\"column\">\n\t\t\t<div class=\"elementor-widget-wrap elementor-element-populated\">\n\t\t\t\t\t\t<div class=\"elementor-element elementor-element-347b52e elementor-widget elementor-widget-text-editor\" data-id=\"347b52e\" data-element_type=\"widget\" data-e-type=\"widget\" data-widget_type=\"text-editor.default\">\n\t\t\t\t<div class=\"elementor-widget-container\">\n\t\t\t\t\t\t\t\t\t<p>Faites un don avec l&rsquo;un des processus de paiement ci-dessous. Nous appr\u00e9cions et appr\u00e9cions votre contribution, encore plus si vous souhaitez sp\u00e9cifier le projet ou le type de projet que vous souhaitez que nous soutenions en votre nom!<\/p>\n\t\t\t\t\t\t\t\t<\/div>\n\t\t\t\t<\/div>\n\t\t\t\t\t<\/div>\n\t\t<\/div>\n\t\t\t\t\t<\/div>\n\t\t<\/section>\n\t\t\t\t<section class=\"elementor-section elementor-top-section elementor-element elementor-element-3c21d42 elementor-section-boxed elementor-section-height-default elementor-section-height-default\" data-id=\"3c21d42\" data-element_type=\"section\" data-e-type=\"section\">\n\t\t\t\t\t\t<div class=\"elementor-container elementor-column-gap-default\">\n\t\t\t\t\t<div class=\"elementor-column elementor-col-20 elementor-top-column elementor-element elementor-element-8f3832c\" data-id=\"8f3832c\" data-element_type=\"column\" data-e-type=\"column\">\n\t\t\t<div class=\"elementor-widget-wrap\">\n\t\t\t\t\t\t\t<\/div>\n\t\t<\/div>\n\t\t\t\t<div class=\"elementor-column elementor-col-20 elementor-top-column elementor-element elementor-element-9545016\" data-id=\"9545016\" data-element_type=\"column\" data-e-type=\"column\">\n\t\t\t<div class=\"elementor-widget-wrap elementor-element-populated\">\n\t\t\t\t\t\t<div class=\"elementor-element elementor-element-e914f7e elementor-widget elementor-widget-image\" data-id=\"e914f7e\" data-element_type=\"widget\" data-e-type=\"widget\" data-widget_type=\"image.default\">\n\t\t\t\t<div class=\"elementor-widget-container\">\n\t\t\t\t\t\t\t\t\t\t\t\t\t\t\t\t<a href=\"#elementor-action%3Aaction%3Dpopup%3Aopen%26settings%3DeyJpZCI6MTAwNTgsInRvZ2dsZSI6ZmFsc2V9\">\n\t\t\t\t\t\t\t<img decoding=\"async\" width=\"300\" height=\"150\" src=\"https:\/\/kamboo-project.ngo\/wp-content\/uploads\/2023\/03\/bankwire-1.png\" class=\"attachment-large size-large wp-image-10610\" alt=\"\" \/>\t\t\t\t\t\t\t\t<\/a>\n\t\t\t\t\t\t\t\t\t\t\t\t\t\t\t<\/div>\n\t\t\t\t<\/div>\n\t\t\t\t\t<\/div>\n\t\t<\/div>\n\t\t\t\t<div class=\"elementor-column elementor-col-20 elementor-top-column elementor-element elementor-element-3b8c046\" data-id=\"3b8c046\" data-element_type=\"column\" data-e-type=\"column\">\n\t\t\t<div class=\"elementor-widget-wrap elementor-element-populated\">\n\t\t\t\t\t\t<div class=\"elementor-element elementor-element-342fc7e elementor-widget elementor-widget-image\" data-id=\"342fc7e\" data-element_type=\"widget\" data-e-type=\"widget\" data-widget_type=\"image.default\">\n\t\t\t\t<div class=\"elementor-widget-container\">\n\t\t\t\t\t\t\t\t\t\t\t\t\t\t\t\t<a href=\"https:\/\/donate.raisenow.io\/tmtms\" target=\"_blank\">\n\t\t\t\t\t\t\t<img fetchpriority=\"high\" decoding=\"async\" width=\"500\" height=\"316\" src=\"https:\/\/kamboo-project.ngo\/wp-content\/uploads\/2023\/11\/twint_logo-1.png\" class=\"attachment-large size-large wp-image-13100\" alt=\"\" srcset=\"https:\/\/kamboo-project.ngo\/wp-content\/uploads\/2023\/11\/twint_logo-1.png 500w, https:\/\/kamboo-project.ngo\/wp-content\/uploads\/2023\/11\/twint_logo-1-300x190.png 300w\" sizes=\"(max-width: 500px) 100vw, 500px\" \/>\t\t\t\t\t\t\t\t<\/a>\n\t\t\t\t\t\t\t\t\t\t\t\t\t\t\t<\/div>\n\t\t\t\t<\/div>\n\t\t\t\t\t<\/div>\n\t\t<\/div>\n\t\t\t\t<div class=\"elementor-column elementor-col-20 elementor-top-column elementor-element elementor-element-ae8b49f\" data-id=\"ae8b49f\" data-element_type=\"column\" data-e-type=\"column\">\n\t\t\t<div class=\"elementor-widget-wrap elementor-element-populated\">\n\t\t\t\t\t\t<div class=\"elementor-element elementor-element-775e83b elementor-widget elementor-widget-image\" data-id=\"775e83b\" data-element_type=\"widget\" data-e-type=\"widget\" data-widget_type=\"image.default\">\n\t\t\t\t<div class=\"elementor-widget-container\">\n\t\t\t\t\t\t\t\t\t\t\t\t\t\t\t\t<a href=\"https:\/\/kamboo-project.ngo\/fr\/soutien-monetaire-aux-projets\/carte-de-credit\/\">\n\t\t\t\t\t\t\t<img decoding=\"async\" width=\"700\" height=\"350\" src=\"https:\/\/kamboo-project.ngo\/wp-content\/uploads\/2023\/03\/stripe_credit-card-logos-1.png\" class=\"attachment-large size-large wp-image-10284\" alt=\"\" srcset=\"https:\/\/kamboo-project.ngo\/wp-content\/uploads\/2023\/03\/stripe_credit-card-logos-1.png 700w, https:\/\/kamboo-project.ngo\/wp-content\/uploads\/2023\/03\/stripe_credit-card-logos-1-300x150.png 300w\" sizes=\"(max-width: 700px) 100vw, 700px\" \/>\t\t\t\t\t\t\t\t<\/a>\n\t\t\t\t\t\t\t\t\t\t\t\t\t\t\t<\/div>\n\t\t\t\t<\/div>\n\t\t\t\t\t<\/div>\n\t\t<\/div>\n\t\t\t\t<div class=\"elementor-column elementor-col-20 elementor-top-column elementor-element elementor-element-062bfe7\" data-id=\"062bfe7\" data-element_type=\"column\" data-e-type=\"column\">\n\t\t\t<div class=\"elementor-widget-wrap\">\n\t\t\t\t\t\t\t<\/div>\n\t\t<\/div>\n\t\t\t\t\t<\/div>\n\t\t<\/section>\n\t\t\t\t<section class=\"elementor-section elementor-top-section elementor-element elementor-element-b2fc247 elementor-section-boxed elementor-section-height-default elementor-section-height-default\" data-id=\"b2fc247\" data-element_type=\"section\" data-e-type=\"section\">\n\t\t\t\t\t\t<div class=\"elementor-container elementor-column-gap-default\">\n\t\t\t\t\t<div class=\"elementor-column elementor-col-25 elementor-top-column elementor-element elementor-element-4508c68\" data-id=\"4508c68\" data-element_type=\"column\" data-e-type=\"column\">\n\t\t\t<div class=\"elementor-widget-wrap\">\n\t\t\t\t\t\t\t<\/div>\n\t\t<\/div>\n\t\t\t\t<div class=\"elementor-column elementor-col-25 elementor-top-column elementor-element elementor-element-cebc647\" data-id=\"cebc647\" data-element_type=\"column\" data-e-type=\"column\">\n\t\t\t<div class=\"elementor-widget-wrap elementor-element-populated\">\n\t\t\t\t\t\t<div class=\"elementor-element elementor-element-5eda5a4 elementor-widget elementor-widget-image\" data-id=\"5eda5a4\" data-element_type=\"widget\" data-e-type=\"widget\" data-widget_type=\"image.default\">\n\t\t\t\t<div class=\"elementor-widget-container\">\n\t\t\t\t\t\t\t\t\t\t\t\t\t\t\t\t<a href=\"#elementor-action%3Aaction%3Dpopup%3Aopen%26settings%3DeyJpZCI6MTAwNjAsInRvZ2dsZSI6ZmFsc2V9\">\n\t\t\t\t\t\t\t<img loading=\"lazy\" decoding=\"async\" width=\"800\" height=\"400\" src=\"https:\/\/kamboo-project.ngo\/wp-content\/uploads\/2023\/03\/Paypal.png\" class=\"attachment-large size-large wp-image-10281\" alt=\"\" srcset=\"https:\/\/kamboo-project.ngo\/wp-content\/uploads\/2023\/03\/Paypal.png 900w, https:\/\/kamboo-project.ngo\/wp-content\/uploads\/2023\/03\/Paypal-300x150.png 300w, https:\/\/kamboo-project.ngo\/wp-content\/uploads\/2023\/03\/Paypal-768x384.png 768w\" sizes=\"(max-width: 800px) 100vw, 800px\" \/>\t\t\t\t\t\t\t\t<\/a>\n\t\t\t\t\t\t\t\t\t\t\t\t\t\t\t<\/div>\n\t\t\t\t<\/div>\n\t\t\t\t\t<\/div>\n\t\t<\/div>\n\t\t\t\t<div class=\"elementor-column elementor-col-25 elementor-top-column elementor-element elementor-element-dd416b3\" data-id=\"dd416b3\" data-element_type=\"column\" data-e-type=\"column\">\n\t\t\t<div class=\"elementor-widget-wrap elementor-element-populated\">\n\t\t\t\t\t\t<div class=\"elementor-element elementor-element-ad85d9f elementor-widget elementor-widget-image\" data-id=\"ad85d9f\" data-element_type=\"widget\" data-e-type=\"widget\" data-widget_type=\"image.default\">\n\t\t\t\t<div class=\"elementor-widget-container\">\n\t\t\t\t\t\t\t\t\t\t\t\t\t\t\t\t<a href=\"#elementor-action%3Aaction%3Dpopup%3Aopen%26settings%3DeyJpZCI6MTAwNjgsInRvZ2dsZSI6ZmFsc2V9\">\n\t\t\t\t\t\t\t<img loading=\"lazy\" decoding=\"async\" width=\"900\" height=\"450\" src=\"https:\/\/kamboo-project.ngo\/wp-content\/uploads\/2023\/03\/PFEF_logo.png\" class=\"attachment-full size-full wp-image-10275\" alt=\"\" srcset=\"https:\/\/kamboo-project.ngo\/wp-content\/uploads\/2023\/03\/PFEF_logo.png 900w, https:\/\/kamboo-project.ngo\/wp-content\/uploads\/2023\/03\/PFEF_logo-300x150.png 300w, https:\/\/kamboo-project.ngo\/wp-content\/uploads\/2023\/03\/PFEF_logo-768x384.png 768w\" sizes=\"(max-width: 900px) 100vw, 900px\" \/>\t\t\t\t\t\t\t\t<\/a>\n\t\t\t\t\t\t\t\t\t\t\t\t\t\t\t<\/div>\n\t\t\t\t<\/div>\n\t\t\t\t\t<\/div>\n\t\t<\/div>\n\t\t\t\t<div class=\"elementor-column elementor-col-25 elementor-top-column elementor-element elementor-element-7537260\" data-id=\"7537260\" data-element_type=\"column\" data-e-type=\"column\">\n\t\t\t<div class=\"elementor-widget-wrap\">\n\t\t\t\t\t\t\t<\/div>\n\t\t<\/div>\n\t\t\t\t\t<\/div>\n\t\t<\/section>\n\t\t\t\t<\/div>\n\t\t","protected":false},"excerpt":{"rendered":"<p>Soutien mon\u00e9taire aux projets Faites un don avec l&rsquo;un des processus de paiement ci-dessous. Nous appr\u00e9cions et appr\u00e9cions votre contribution, encore plus si vous souhaitez sp\u00e9cifier le projet ou le type de projet que vous souhaitez que nous soutenions en votre nom!<\/p>\n","protected":false},"author":1,"featured_media":0,"parent":0,"menu_order":0,"comment_status":"closed","ping_status":"closed","template":"","meta":{"_acf_changed":false,"footnotes":""},"class_list":["post-9135","page","type-page","status-publish","hentry"],"acf":[],"aioseo_notices":[],"_links":{"self":[{"href":"https:\/\/kamboo-project.ngo\/fr\/wp-json\/wp\/v2\/pages\/9135","targetHints":{"allow":["GET"]}}],"collection":[{"href":"https:\/\/kamboo-project.ngo\/fr\/wp-json\/wp\/v2\/pages"}],"about":[{"href":"https:\/\/kamboo-project.ngo\/fr\/wp-json\/wp\/v2\/types\/page"}],"author":[{"embeddable":true,"href":"https:\/\/kamboo-project.ngo\/fr\/wp-json\/wp\/v2\/users\/1"}],"replies":[{"embeddable":true,"href":"https:\/\/kamboo-project.ngo\/fr\/wp-json\/wp\/v2\/comments?post=9135"}],"version-history":[{"count":19,"href":"https:\/\/kamboo-project.ngo\/fr\/wp-json\/wp\/v2\/pages\/9135\/revisions"}],"predecessor-version":[{"id":13107,"href":"https:\/\/kamboo-project.ngo\/fr\/wp-json\/wp\/v2\/pages\/9135\/revisions\/13107"}],"wp:attachment":[{"href":"https:\/\/kamboo-project.ngo\/fr\/wp-json\/wp\/v2\/media?parent=9135"}],"curies":[{"name":"wp","href":"https:\/\/api.w.org\/{rel}","templated":true}]}}