{"id":9137,"date":"2017-04-21T11:05:13","date_gmt":"2017-04-21T09:05:13","guid":{"rendered":"https:\/\/kamboo-project.ngo\/staging\/visites-de-donateurs\/"},"modified":"2023-06-23T10:45:13","modified_gmt":"2023-06-23T08:45:13","slug":"visites-de-donateurs","status":"publish","type":"page","link":"https:\/\/kamboo-project.ngo\/fr\/visites-de-donateurs\/","title":{"rendered":"Visites de donateurs"},"content":{"rendered":"\t\t<div data-elementor-type=\"wp-page\" data-elementor-id=\"9137\" class=\"elementor elementor-9137 elementor-6349\" data-elementor-post-type=\"page\">\n\t\t\t\t\t\t<section class=\"elementor-section elementor-top-section elementor-element elementor-element-b8c60c8 elementor-section-height-min-height elementor-section-boxed elementor-section-height-default elementor-section-items-middle\" data-id=\"b8c60c8\" data-element_type=\"section\" data-e-type=\"section\" data-settings=\"{&quot;background_background&quot;:&quot;classic&quot;}\">\n\t\t\t\t\t\t<div class=\"elementor-container elementor-column-gap-default\">\n\t\t\t\t\t<div class=\"elementor-column elementor-col-100 elementor-top-column elementor-element elementor-element-b63ea99\" data-id=\"b63ea99\" data-element_type=\"column\" data-e-type=\"column\">\n\t\t\t<div class=\"elementor-widget-wrap elementor-element-populated\">\n\t\t\t\t\t\t\t<\/div>\n\t\t<\/div>\n\t\t\t\t\t<\/div>\n\t\t<\/section>\n\t\t\t\t<section class=\"elementor-section elementor-top-section elementor-element elementor-element-792375f elementor-section-height-min-height elementor-section-boxed elementor-section-height-default elementor-section-items-middle\" data-id=\"792375f\" data-element_type=\"section\" data-e-type=\"section\">\n\t\t\t\t\t\t<div class=\"elementor-container elementor-column-gap-default\">\n\t\t\t\t\t<div class=\"elementor-column elementor-col-16 elementor-top-column elementor-element elementor-element-4a5652c\" data-id=\"4a5652c\" data-element_type=\"column\" data-e-type=\"column\">\n\t\t\t<div class=\"elementor-widget-wrap elementor-element-populated\">\n\t\t\t\t\t\t<div class=\"elementor-element elementor-element-df16dd1 elementor-widget elementor-widget-image\" data-id=\"df16dd1\" data-element_type=\"widget\" data-e-type=\"widget\" data-widget_type=\"image.default\">\n\t\t\t\t<div class=\"elementor-widget-container\">\n\t\t\t\t\t\t\t\t\t\t\t\t\t\t\t<img fetchpriority=\"high\" decoding=\"async\" width=\"300\" height=\"300\" src=\"https:\/\/kamboo-project.ngo\/wp-content\/uploads\/2023\/01\/IMG_6135-e1490459780352-300x300-1.jpg\" class=\"attachment-large size-large wp-image-6367\" alt=\"\" title=\"IMG_6135-e1490459780352-300x300 - Kamboo Project\" \/>\t\t\t\t\t\t\t\t\t\t\t\t\t\t\t<\/div>\n\t\t\t\t<\/div>\n\t\t\t\t\t<\/div>\n\t\t<\/div>\n\t\t\t\t<div class=\"elementor-column elementor-col-16 elementor-top-column elementor-element elementor-element-298f31b\" data-id=\"298f31b\" data-element_type=\"column\" data-e-type=\"column\">\n\t\t\t<div class=\"elementor-widget-wrap elementor-element-populated\">\n\t\t\t\t\t\t<div class=\"elementor-element elementor-element-51755c7 elementor-widget elementor-widget-image\" data-id=\"51755c7\" data-element_type=\"widget\" data-e-type=\"widget\" data-widget_type=\"image.default\">\n\t\t\t\t<div class=\"elementor-widget-container\">\n\t\t\t\t\t\t\t\t\t\t\t\t\t\t\t<img decoding=\"async\" width=\"800\" height=\"800\" src=\"https:\/\/kamboo-project.ngo\/wp-content\/uploads\/2023\/01\/IMG_5865-1-1024x1024.jpg\" class=\"attachment-large size-large wp-image-6366\" alt=\"\" srcset=\"https:\/\/kamboo-project.ngo\/wp-content\/uploads\/2023\/01\/IMG_5865-1-1024x1024.jpg 1024w, https:\/\/kamboo-project.ngo\/wp-content\/uploads\/2023\/01\/IMG_5865-1-300x300.jpg 300w, https:\/\/kamboo-project.ngo\/wp-content\/uploads\/2023\/01\/IMG_5865-1-768x768.jpg 768w, https:\/\/kamboo-project.ngo\/wp-content\/uploads\/2023\/01\/IMG_5865-1.jpg 1080w\" sizes=\"(max-width: 800px) 100vw, 800px\" title=\"IMG_5865-1 - Kamboo Project\" \/>\t\t\t\t\t\t\t\t\t\t\t\t\t\t\t<\/div>\n\t\t\t\t<\/div>\n\t\t\t\t\t<\/div>\n\t\t<\/div>\n\t\t\t\t<div class=\"elementor-column elementor-col-16 elementor-top-column elementor-element elementor-element-c71ddc3\" data-id=\"c71ddc3\" data-element_type=\"column\" data-e-type=\"column\">\n\t\t\t<div class=\"elementor-widget-wrap elementor-element-populated\">\n\t\t\t\t\t\t<div class=\"elementor-element elementor-element-6ef3d8f elementor-widget elementor-widget-image\" data-id=\"6ef3d8f\" data-element_type=\"widget\" data-e-type=\"widget\" data-widget_type=\"image.default\">\n\t\t\t\t<div class=\"elementor-widget-container\">\n\t\t\t\t\t\t\t\t\t\t\t\t\t\t\t<img decoding=\"async\" width=\"300\" height=\"300\" src=\"https:\/\/kamboo-project.ngo\/wp-content\/uploads\/2023\/01\/DSC_0031-1-300x300-1.jpg\" class=\"attachment-large size-large wp-image-6365\" alt=\"\" title=\"DSC_0031-1-300x300 - Kamboo Project\" \/>\t\t\t\t\t\t\t\t\t\t\t\t\t\t\t<\/div>\n\t\t\t\t<\/div>\n\t\t\t\t\t<\/div>\n\t\t<\/div>\n\t\t\t\t<div class=\"elementor-column elementor-col-16 elementor-top-column elementor-element elementor-element-713bd11\" data-id=\"713bd11\" data-element_type=\"column\" data-e-type=\"column\">\n\t\t\t<div class=\"elementor-widget-wrap elementor-element-populated\">\n\t\t\t\t\t\t<div class=\"elementor-element elementor-element-0a6c53f elementor-widget elementor-widget-image\" data-id=\"0a6c53f\" data-element_type=\"widget\" data-e-type=\"widget\" data-widget_type=\"image.default\">\n\t\t\t\t<div class=\"elementor-widget-container\">\n\t\t\t\t\t\t\t\t\t\t\t\t\t\t\t<img loading=\"lazy\" decoding=\"async\" width=\"300\" height=\"300\" src=\"https:\/\/kamboo-project.ngo\/wp-content\/uploads\/2023\/01\/DSC_0022-300x300-1.jpg\" class=\"attachment-large size-large wp-image-6364\" alt=\"\" title=\"DSC_0022-300x300 - Kamboo Project\" \/>\t\t\t\t\t\t\t\t\t\t\t\t\t\t\t<\/div>\n\t\t\t\t<\/div>\n\t\t\t\t\t<\/div>\n\t\t<\/div>\n\t\t\t\t<div class=\"elementor-column elementor-col-16 elementor-top-column elementor-element elementor-element-9956d80\" data-id=\"9956d80\" data-element_type=\"column\" data-e-type=\"column\">\n\t\t\t<div class=\"elementor-widget-wrap elementor-element-populated\">\n\t\t\t\t\t\t<div class=\"elementor-element elementor-element-5d4e5d3 elementor-widget elementor-widget-image\" data-id=\"5d4e5d3\" data-element_type=\"widget\" data-e-type=\"widget\" data-widget_type=\"image.default\">\n\t\t\t\t<div class=\"elementor-widget-container\">\n\t\t\t\t\t\t\t\t\t\t\t\t\t\t\t<img loading=\"lazy\" decoding=\"async\" width=\"300\" height=\"300\" src=\"https:\/\/kamboo-project.ngo\/wp-content\/uploads\/2023\/01\/DSC_0013-300x300-1.jpg\" class=\"attachment-large size-large wp-image-6363\" alt=\"\" title=\"DSC_0013-300x300 - Kamboo Project\" \/>\t\t\t\t\t\t\t\t\t\t\t\t\t\t\t<\/div>\n\t\t\t\t<\/div>\n\t\t\t\t\t<\/div>\n\t\t<\/div>\n\t\t\t\t<div class=\"elementor-column elementor-col-16 elementor-top-column elementor-element elementor-element-d3a3359\" data-id=\"d3a3359\" data-element_type=\"column\" data-e-type=\"column\">\n\t\t\t<div class=\"elementor-widget-wrap elementor-element-populated\">\n\t\t\t\t\t\t<div class=\"elementor-element elementor-element-c6edfb1 elementor-widget elementor-widget-image\" data-id=\"c6edfb1\" data-element_type=\"widget\" data-e-type=\"widget\" data-widget_type=\"image.default\">\n\t\t\t\t<div class=\"elementor-widget-container\">\n\t\t\t\t\t\t\t\t\t\t\t\t\t\t\t<img loading=\"lazy\" decoding=\"async\" width=\"300\" height=\"300\" src=\"https:\/\/kamboo-project.ngo\/wp-content\/uploads\/2023\/01\/DSC_0008-1-300x300-1.jpg\" class=\"attachment-large size-large wp-image-6362\" alt=\"\" title=\"DSC_0008-1-300x300 - Kamboo Project\" \/>\t\t\t\t\t\t\t\t\t\t\t\t\t\t\t<\/div>\n\t\t\t\t<\/div>\n\t\t\t\t\t<\/div>\n\t\t<\/div>\n\t\t\t\t\t<\/div>\n\t\t<\/section>\n\t\t\t\t<section class=\"elementor-section elementor-top-section elementor-element elementor-element-5eb2640 elementor-section-boxed elementor-section-height-default elementor-section-height-default\" data-id=\"5eb2640\" data-element_type=\"section\" data-e-type=\"section\">\n\t\t\t\t\t\t<div class=\"elementor-container elementor-column-gap-default\">\n\t\t\t\t\t<div class=\"elementor-column elementor-col-100 elementor-top-column elementor-element elementor-element-c11641b\" data-id=\"c11641b\" data-element_type=\"column\" data-e-type=\"column\">\n\t\t\t<div class=\"elementor-widget-wrap elementor-element-populated\">\n\t\t\t\t\t\t<div class=\"elementor-element elementor-element-2362a04 elementor-widget elementor-widget-text-editor\" data-id=\"2362a04\" data-element_type=\"widget\" data-e-type=\"widget\" data-widget_type=\"text-editor.default\">\n\t\t\t\t<div class=\"elementor-widget-container\">\n\t\t\t\t\t\t\t\t\t<p style=\"box-sizing: inherit; margin-right: 0px; margin-bottom: 30px; margin-left: 0px; color: #686868; font-family: Roboto, sans-serif; font-size: 20px;\">Pensez aux clients qui font un don, mais qui fournissent en m\u00eame temps une aide pratique. Les donateurs qui pr\u00e9f\u00e8rent coordonner la mani\u00e8re dont leur contribution est utilis\u00e9e et en apprendre davantage sur la culture d\u2019une r\u00e9gion passionnante et m\u00e9connue de l\u2019Asie. Il vous est \u00e9galement possible de visiter notre site \u00e0 tout moment, de visiter nos travaux, et m\u00eame de soutenir des projets. De cette fa\u00e7on, vous pouvez voir en action comment et o\u00f9 les fonds circulent.<\/p>\n<p style=\"box-sizing: inherit; margin-right: 0px; margin-bottom: 30px; margin-left: 0px; color: #686868; font-family: Roboto, sans-serif; font-size: 20px;\">Si vous avez de la chance, vous pouvez aller avec \u00ab Sister Khan Ra \u00bb ou \u00ab Bong Pisey \u00bb et travailler avec eux directement sur un projet de r\u00e9novation, un projet d\u2019eau, une de leurs inspections inlassables de projets \u00ab achev\u00e9s \u00bb ou m\u00eame sur un voyage adhoc salvateur. Surtout pour ceux d\u2019entre vous qui aspirent \u00e0 une balade en \u00abT\u00f6ff\u00bb ou en TukTuk!<\/p>\n<p style=\"box-sizing: inherit; margin-right: 0px; margin-bottom: 0px; margin-left: 0px; color: #686868; font-family: Roboto, sans-serif; font-size: 20px;\">On se voit au Cambodge!<\/p>\n\t\t\t\t\t\t\t\t<\/div>\n\t\t\t\t<\/div>\n\t\t\t\t\t<\/div>\n\t\t<\/div>\n\t\t\t\t\t<\/div>\n\t\t<\/section>\n\t\t\t\t<\/div>\n\t\t","protected":false},"excerpt":{"rendered":"<p>Pensez aux clients qui font un don, mais qui fournissent en m\u00eame temps une aide pratique. Les donateurs qui pr\u00e9f\u00e8rent coordonner la mani\u00e8re dont leur contribution est utilis\u00e9e et en apprendre davantage sur la culture d\u2019une r\u00e9gion passionnante et m\u00e9connue de l\u2019Asie. Il vous est \u00e9galement possible de visiter notre site \u00e0 tout moment, de [&hellip;]<\/p>\n","protected":false},"author":1,"featured_media":0,"parent":0,"menu_order":0,"comment_status":"closed","ping_status":"closed","template":"","meta":{"_acf_changed":false,"footnotes":""},"class_list":["post-9137","page","type-page","status-publish","hentry"],"acf":[],"aioseo_notices":[],"_links":{"self":[{"href":"https:\/\/kamboo-project.ngo\/fr\/wp-json\/wp\/v2\/pages\/9137","targetHints":{"allow":["GET"]}}],"collection":[{"href":"https:\/\/kamboo-project.ngo\/fr\/wp-json\/wp\/v2\/pages"}],"about":[{"href":"https:\/\/kamboo-project.ngo\/fr\/wp-json\/wp\/v2\/types\/page"}],"author":[{"embeddable":true,"href":"https:\/\/kamboo-project.ngo\/fr\/wp-json\/wp\/v2\/users\/1"}],"replies":[{"embeddable":true,"href":"https:\/\/kamboo-project.ngo\/fr\/wp-json\/wp\/v2\/comments?post=9137"}],"version-history":[{"count":4,"href":"https:\/\/kamboo-project.ngo\/fr\/wp-json\/wp\/v2\/pages\/9137\/revisions"}],"predecessor-version":[{"id":11399,"href":"https:\/\/kamboo-project.ngo\/fr\/wp-json\/wp\/v2\/pages\/9137\/revisions\/11399"}],"wp:attachment":[{"href":"https:\/\/kamboo-project.ngo\/fr\/wp-json\/wp\/v2\/media?parent=9137"}],"curies":[{"name":"wp","href":"https:\/\/api.w.org\/{rel}","templated":true}]}}