{"id":9161,"date":"2017-02-28T16:12:16","date_gmt":"2017-02-28T15:12:16","guid":{"rendered":"https:\/\/kamboo-project.ngo\/staging\/volontariat\/"},"modified":"2025-05-27T22:46:45","modified_gmt":"2025-05-27T20:46:45","slug":"volontariat","status":"publish","type":"page","link":"https:\/\/kamboo-project.ngo\/fr\/volontariat\/","title":{"rendered":"Volontariat"},"content":{"rendered":"\t\t<div data-elementor-type=\"wp-page\" data-elementor-id=\"9161\" class=\"elementor elementor-9161 elementor-6188\" data-elementor-post-type=\"page\">\n\t\t\t\t\t\t<section class=\"elementor-section elementor-top-section elementor-element elementor-element-5c5e841 elementor-section-height-min-height elementor-section-boxed elementor-section-height-default elementor-section-items-middle\" data-id=\"5c5e841\" data-element_type=\"section\" data-e-type=\"section\" data-settings=\"{&quot;background_background&quot;:&quot;classic&quot;}\">\n\t\t\t\t\t\t<div class=\"elementor-container elementor-column-gap-default\">\n\t\t\t\t\t<div class=\"elementor-column elementor-col-100 elementor-top-column elementor-element elementor-element-f588481\" data-id=\"f588481\" data-element_type=\"column\" data-e-type=\"column\">\n\t\t\t<div class=\"elementor-widget-wrap elementor-element-populated\">\n\t\t\t\t\t\t<div class=\"elementor-element elementor-element-03e61b7 elementor-widget elementor-widget-heading\" data-id=\"03e61b7\" data-element_type=\"widget\" data-e-type=\"widget\" data-widget_type=\"heading.default\">\n\t\t\t\t<div class=\"elementor-widget-container\">\n\t\t\t\t\t<h2 class=\"elementor-heading-title elementor-size-default\">Participer<\/h2>\t\t\t\t<\/div>\n\t\t\t\t<\/div>\n\t\t\t\t\t<\/div>\n\t\t<\/div>\n\t\t\t\t\t<\/div>\n\t\t<\/section>\n\t\t\t\t<section class=\"elementor-section elementor-top-section elementor-element elementor-element-540771d elementor-section-boxed elementor-section-height-default elementor-section-height-default\" data-id=\"540771d\" data-element_type=\"section\" data-e-type=\"section\">\n\t\t\t\t\t\t<div class=\"elementor-container elementor-column-gap-default\">\n\t\t\t\t\t<div class=\"elementor-column elementor-col-100 elementor-top-column elementor-element elementor-element-044a74e\" data-id=\"044a74e\" data-element_type=\"column\" data-e-type=\"column\">\n\t\t\t<div class=\"elementor-widget-wrap elementor-element-populated\">\n\t\t\t\t\t\t<div class=\"elementor-element elementor-element-43cbbbc elementor-widget elementor-widget-heading\" data-id=\"43cbbbc\" data-element_type=\"widget\" data-e-type=\"widget\" data-widget_type=\"heading.default\">\n\t\t\t\t<div class=\"elementor-widget-container\">\n\t\t\t\t\t<h2 class=\"elementor-heading-title elementor-size-default\">Soutenez-nous<\/h2>\t\t\t\t<\/div>\n\t\t\t\t<\/div>\n\t\t\t\t\t<\/div>\n\t\t<\/div>\n\t\t\t\t\t<\/div>\n\t\t<\/section>\n\t\t\t\t<section class=\"elementor-section elementor-top-section elementor-element elementor-element-86b3958 elementor-section-boxed elementor-section-height-default elementor-section-height-default\" data-id=\"86b3958\" data-element_type=\"section\" data-e-type=\"section\">\n\t\t\t\t\t\t<div class=\"elementor-container elementor-column-gap-default\">\n\t\t\t\t\t<div class=\"elementor-column elementor-col-100 elementor-top-column elementor-element elementor-element-0ed13d3\" data-id=\"0ed13d3\" data-element_type=\"column\" data-e-type=\"column\">\n\t\t\t<div class=\"elementor-widget-wrap elementor-element-populated\">\n\t\t\t\t\t\t<div class=\"elementor-element elementor-element-f8afdc2 elementor-blockquote--skin-border elementor-widget elementor-widget-blockquote\" data-id=\"f8afdc2\" data-element_type=\"widget\" data-e-type=\"widget\" data-widget_type=\"blockquote.default\">\n\t\t\t\t<div class=\"elementor-widget-container\">\n\t\t\t\t\t\t\t<blockquote class=\"elementor-blockquote\">\n\t\t\t<p class=\"elementor-blockquote__content\">\n\t\t\t\tConstruction? Eau? Hygi\u00e8ne? Des cours de langue ? Des notions p\u00e9dagogiques ? Programmes \u00e9ducatifs? Couvrir un toit ? Planter un jardin? Pr\u00e9parer un terrain de volley ? Donner des cours d'anglais \u00e0 notre \u00e9quipe ? Connaissez-vous au moins quelque chose en comptabilit\u00e9 ? Vous souhaitez \u00e9quiper une \u00e9cole en ordinateurs portables et le mettre en \u0153uvre vous-m\u00eame ? Il existe de nombreuses fa\u00e7ons de soutenir notre organisation. Votre participation \u00e0 un ou plusieurs de nos trois programmes devrait \u00eatre un \u00e9l\u00e9ment important pour nous permettre de poursuivre notre travail engag\u00e9.\t\t\t<\/p>\n\t\t\t\t\t<\/blockquote>\n\t\t\t\t\t\t<\/div>\n\t\t\t\t<\/div>\n\t\t\t\t\t<\/div>\n\t\t<\/div>\n\t\t\t\t\t<\/div>\n\t\t<\/section>\n\t\t\t\t<section class=\"elementor-section elementor-top-section elementor-element elementor-element-e57bf12 elementor-section-boxed elementor-section-height-default elementor-section-height-default\" data-id=\"e57bf12\" data-element_type=\"section\" data-e-type=\"section\">\n\t\t\t\t\t\t<div class=\"elementor-container elementor-column-gap-default\">\n\t\t\t\t\t<div class=\"elementor-column elementor-col-100 elementor-top-column elementor-element elementor-element-f82aca9\" data-id=\"f82aca9\" data-element_type=\"column\" data-e-type=\"column\">\n\t\t\t<div class=\"elementor-widget-wrap elementor-element-populated\">\n\t\t\t\t\t\t<div class=\"elementor-element elementor-element-824d7f0 elementor-widget elementor-widget-heading\" data-id=\"824d7f0\" data-element_type=\"widget\" data-e-type=\"widget\" data-widget_type=\"heading.default\">\n\t\t\t\t<div class=\"elementor-widget-container\">\n\t\t\t\t\t<h2 class=\"elementor-heading-title elementor-size-default\">Comment pouvez-vous aider ?<\/h2>\t\t\t\t<\/div>\n\t\t\t\t<\/div>\n\t\t\t\t\t<\/div>\n\t\t<\/div>\n\t\t\t\t\t<\/div>\n\t\t<\/section>\n\t\t\t\t<section class=\"elementor-section elementor-top-section elementor-element elementor-element-4cd91d5 elementor-section-boxed elementor-section-height-default elementor-section-height-default\" data-id=\"4cd91d5\" data-element_type=\"section\" data-e-type=\"section\">\n\t\t\t\t\t\t<div class=\"elementor-container elementor-column-gap-default\">\n\t\t\t\t\t<div class=\"elementor-column elementor-col-100 elementor-top-column elementor-element elementor-element-0ef1395\" data-id=\"0ef1395\" data-element_type=\"column\" data-e-type=\"column\" data-settings=\"{&quot;background_background&quot;:&quot;classic&quot;}\">\n\t\t\t<div class=\"elementor-widget-wrap elementor-element-populated\">\n\t\t\t\t\t\t<div class=\"elementor-element elementor-element-691bd0c elementor-widget elementor-widget-text-editor\" data-id=\"691bd0c\" data-element_type=\"widget\" data-e-type=\"widget\" data-widget_type=\"text-editor.default\">\n\t\t\t\t<div class=\"elementor-widget-container\">\n\t\t\t\t\t\t\t\t\t<p><a href=\"https:\/\/kamboo-project.ngo\/fr\/le-benevolat\/\">J&rsquo;aimerais me rendre \u00e0 Siem Reap et faire du b\u00e9n\u00e9volat travailler au Cambodge pour aider les communaut\u00e9s dans le besoin<\/a><\/p>\t\t\t\t\t\t\t\t<\/div>\n\t\t\t\t<\/div>\n\t\t\t\t\t<\/div>\n\t\t<\/div>\n\t\t\t\t\t<\/div>\n\t\t<\/section>\n\t\t\t\t<section class=\"elementor-section elementor-top-section elementor-element elementor-element-7428797 elementor-section-boxed elementor-section-height-default elementor-section-height-default\" data-id=\"7428797\" data-element_type=\"section\" data-e-type=\"section\">\n\t\t\t\t\t\t<div class=\"elementor-container elementor-column-gap-default\">\n\t\t\t\t\t<div class=\"elementor-column elementor-col-100 elementor-top-column elementor-element elementor-element-5128f5d\" data-id=\"5128f5d\" data-element_type=\"column\" data-e-type=\"column\" data-settings=\"{&quot;background_background&quot;:&quot;classic&quot;}\">\n\t\t\t<div class=\"elementor-widget-wrap elementor-element-populated\">\n\t\t\t\t\t\t<div class=\"elementor-element elementor-element-6d5f249 elementor-widget elementor-widget-text-editor\" data-id=\"6d5f249\" data-element_type=\"widget\" data-e-type=\"widget\" data-widget_type=\"text-editor.default\">\n\t\t\t\t<div class=\"elementor-widget-container\">\n\t\t\t\t\t\t\t\t\t<p><a href=\"mailto:info@kamboo-project.ngo\">J&rsquo;aimerais collaborer \u00e0 distance et aider dans les t\u00e2ches administratives et organisationnelles<\/a><\/p>\t\t\t\t\t\t\t\t<\/div>\n\t\t\t\t<\/div>\n\t\t\t\t\t<\/div>\n\t\t<\/div>\n\t\t\t\t\t<\/div>\n\t\t<\/section>\n\t\t\t\t<section class=\"elementor-section elementor-top-section elementor-element elementor-element-3f41541 elementor-section-boxed elementor-section-height-default elementor-section-height-default\" data-id=\"3f41541\" data-element_type=\"section\" data-e-type=\"section\">\n\t\t\t\t\t\t<div class=\"elementor-container elementor-column-gap-default\">\n\t\t\t\t\t<div class=\"elementor-column elementor-col-100 elementor-top-column elementor-element elementor-element-ede61dd\" data-id=\"ede61dd\" data-element_type=\"column\" data-e-type=\"column\">\n\t\t\t<div class=\"elementor-widget-wrap elementor-element-populated\">\n\t\t\t\t\t\t<div class=\"elementor-element elementor-element-604ad8b elementor-widget elementor-widget-pp-video\" data-id=\"604ad8b\" data-element_type=\"widget\" data-e-type=\"widget\" data-widget_type=\"pp-video.default\">\n\t\t\t\t<div class=\"elementor-widget-container\">\n\t\t\t\t\t\t\t<div class=\"pp-video pp-video-type-youtube\" data-settings=\"{&quot;post_id&quot;:9161,&quot;widget_id&quot;:&quot;604ad8b&quot;}\">\n\t\t\t\t\t<div class=\"pp-video-container\">\n\t\t\t<div class=\"pp-video-play\" data-autoplay=\"0\">\n\t\t\t\t<div class=\"pp-media-overlay pp-video-overlay\"><\/div>\t\t\t\t<div class=\"pp-video-player\" data-src=\"https:\/\/www.youtube.com\/embed\/7i5kDFTFOQs?feature=oembed&amp;autoplay=1&amp;wmode=opaque&amp;start=0&amp;end=0&amp;loop=0&amp;controls=1&amp;mute=0&amp;rel=0&amp;cc_load_policy=0\">\n\t\t\t\t\t\t\t\t\t\t\t\t\t<img decoding=\"async\" class=\"pp-video-thumb\" src=\"https:\/\/i.ytimg.com\/vi\/7i5kDFTFOQs\/maxresdefault.jpg\" alt=\"\">\n\t\t\t\t\t\t\t\t\t\t\t<span class=\"pp-video-play-icon\">\n\t\t\t\t<i aria-hidden=\"true\" class=\"fas fa-play-circle\"><\/i>\t\t\t<\/span>\n\t\t\t\t\t\t\t<\/div>\n\t\t\t<\/div>\n\t\t<\/div>\n\t\t\t\t<\/div>\n\t\t\t\t\t\t<\/div>\n\t\t\t\t<\/div>\n\t\t\t\t<div class=\"elementor-element elementor-element-1dfd02e elementor-blockquote--skin-border elementor-widget elementor-widget-blockquote\" data-id=\"1dfd02e\" data-element_type=\"widget\" data-e-type=\"widget\" data-widget_type=\"blockquote.default\">\n\t\t\t\t<div class=\"elementor-widget-container\">\n\t\t\t\t\t\t\t<blockquote class=\"elementor-blockquote\">\n\t\t\t<p class=\"elementor-blockquote__content\">\n\t\t\t\t<b>Une semaine dans la vie d'un b\u00e9n\u00e9vole du projet Kamboo<\/b><br>Je voulais raconter la journ\u00e9e d'un b\u00e9n\u00e9vole de Kamboo, mais je me suis vite rendu compte que c'\u00e9tait impossible ! Chaque jour est unique. Et c'est l\u00e0 toute la beaut\u00e9 de la chose. Chaque lundi matin, toute l'\u00e9quipe se r\u00e9unit pour planifier la semaine \u00e0 venir. C'est l'occasion de se retrouver, de discuter des priorit\u00e9s et de r\u00e9partir les t\u00e2ches des b\u00e9n\u00e9voles. C'est l\u00e0 que tout commence!<br><br>Chaque journ\u00e9e commence vers 8h ou 8h30, heure \u00e0 laquelle les b\u00e9n\u00e9voles se rendent g\u00e9n\u00e9ralement avec l'\u00e9quipe de Kamboo sur les diff\u00e9rents sites du projet. Un jour, vous pouvez peindre une biblioth\u00e8que, le lendemain, vous aider \u00e0 construire une \u00e9cole, suivre l'avancement de la construction de nouvelles toilettes, soutenir des activit\u00e9s de lecture, intervenir lors d'ateliers sur le mariage pr\u00e9coce ou rendre visite \u00e0 des familles \u00e0 domicile pour comprendre leurs difficult\u00e9s et leurs besoins. Et souvent, vous travaillerez aux c\u00f4t\u00e9s de b\u00e9n\u00e9voles cambodgiens d'autres ONG, partageant des id\u00e9es, donnant un coup de main et nouant des amiti\u00e9s qui s'\u00e9tendent au-del\u00e0 des organisations.<br><br>La vari\u00e9t\u00e9 est infinie, tout comme les histoires que vous recueillerez en chemin. Bien s\u00fbr, les projets \u00e9voluent au gr\u00e9 des saisons \u2013 les travaux de construction et de jardinage ralentissent naturellement pendant les mois chauds et secs, mais il y a toujours quelque chose d'important \u00e0 faire. Se rendre sur les chantiers est un plaisir en soi \u2013 la plupart du temps, on s'installe \u00e0 l'arri\u00e8re d'une mobylette conduite par un membre de l'\u00e9quipe Kamboo, ou on monte dans un tuk-tuk pour les longs trajets, tout en profitant des paysages authentiques du Cambodge.<br><br>Nous rentrons g\u00e9n\u00e9ralement au bureau vers 11h30, pr\u00eats pour un d\u00e9jeuner bien m\u00e9rit\u00e9, soit \u00e0 notre h\u00e9bergement, soit au bureau. Les apr\u00e8s-midis peuvent \u00eatre un peu plus calmes, mais tout aussi enrichissants. C'est le moment de la r\u00e9flexion et du compte-rendu&nbsp;: prise de notes sur le terrain, documentation des progr\u00e8s et partage d'id\u00e9es. Je me suis beaucoup investie dans la r\u00e9daction de rapports et d'\u00e9tudes de cas, ainsi que dans la planification et l'animation de cours d'anglais pour l'\u00e9quipe de Kamboo, une exp\u00e9rience enrichissante.<br><br>Ce qui m'a le plus marqu\u00e9, cependant, c'est l'accueil, l'inclusion et la collaboration de l'\u00e9quipe Kamboo. Ils appr\u00e9cient v\u00e9ritablement les id\u00e9es nouvelles et encouragent les b\u00e9n\u00e9voles \u00e0 proposer des suggestions pour les projets futurs. C'est un espace o\u00f9 votre contribution, qu'elle soit concr\u00e8te ou en coulisses, a un r\u00e9el impact et est valoris\u00e9e.<br>Une semaine avec Kamboo ne se r\u00e9sume pas \u00e0 ce que vous faites&nbsp;; c'est aussi les rencontres, les apprentissages et la fa\u00e7on dont vous \u00e9voluez. Il y en a pour tous les go\u00fbts, quel que soit votre \u00e2ge ou votre origine. Et croyez-moi, une fois que vous l\u2019aurez v\u00e9cu, vous aurez envie de revenir et de tout recommencer.\t\t\t<\/p>\n\t\t\t\t\t\t\t<div class=\"e-q-footer\">\n\t\t\t\t\t\t\t\t\t\t\t<cite class=\"elementor-blockquote__author\">Paolo, 2025<\/cite>\n\t\t\t\t\t\t\t\t\t\t\t\t\t\t<\/div>\n\t\t\t\t\t<\/blockquote>\n\t\t\t\t\t\t<\/div>\n\t\t\t\t<\/div>\n\t\t\t\t<div class=\"elementor-element elementor-element-c164b75 elementor-blockquote--skin-border elementor-widget elementor-widget-blockquote\" data-id=\"c164b75\" data-element_type=\"widget\" data-e-type=\"widget\" data-widget_type=\"blockquote.default\">\n\t\t\t\t<div class=\"elementor-widget-container\">\n\t\t\t\t\t\t\t<blockquote class=\"elementor-blockquote\">\n\t\t\t<p class=\"elementor-blockquote__content\">\n\t\t\t\tMon stage de deux mois chez Kamboo Project m'a permis de contribuer au travail important de l'organisation dans un grand pays. Travailler avec l'\u00e9quipe locale \u00e9tait amusant. C'\u00e9tait impressionnant de voir \u00e0 quel point les gens s'entraident, \u00e0 quel point ils sont fiers de leur culture et de leur pays et veulent le pr\u00e9server. Gr\u00e2ce au travail de l'\u00e9quipe, de nombreux progr\u00e8s ont d\u00e9j\u00e0 \u00e9t\u00e9 r\u00e9alis\u00e9s dans les \u00e9coles et aupr\u00e8s des enfants, et de nouvelles am\u00e9liorations sont constamment apport\u00e9es.\nLe travail est divers et vari\u00e9. L'accent est mis sur les domaines o\u00f9 une aide est n\u00e9cessaire. J'ai pu apporter mes propres forces et connaissances.\nLe s\u00e9jour au Cambodge restera toujours inoubliable pour moi. J'ai collect\u00e9 beaucoup d'impressions et d'\u00e9motions et trouv\u00e9 de nouveaux amis.\t\t\t<\/p>\n\t\t\t\t\t\t\t<div class=\"e-q-footer\">\n\t\t\t\t\t\t\t\t\t\t\t<cite class=\"elementor-blockquote__author\">Vera, 2023<\/cite>\n\t\t\t\t\t\t\t\t\t\t\t\t\t\t<\/div>\n\t\t\t\t\t<\/blockquote>\n\t\t\t\t\t\t<\/div>\n\t\t\t\t<\/div>\n\t\t\t\t\t<\/div>\n\t\t<\/div>\n\t\t\t\t\t<\/div>\n\t\t<\/section>\n\t\t\t\t<section class=\"elementor-section elementor-top-section elementor-element elementor-element-03363b2 elementor-section-boxed elementor-section-height-default elementor-section-height-default\" data-id=\"03363b2\" data-element_type=\"section\" data-e-type=\"section\">\n\t\t\t\t\t\t<div class=\"elementor-container elementor-column-gap-default\">\n\t\t\t\t\t<div class=\"elementor-column elementor-col-100 elementor-top-column elementor-element elementor-element-84741a4\" data-id=\"84741a4\" data-element_type=\"column\" data-e-type=\"column\">\n\t\t\t<div class=\"elementor-widget-wrap elementor-element-populated\">\n\t\t\t\t\t\t<section class=\"elementor-section elementor-inner-section elementor-element elementor-element-c086586 elementor-section-boxed elementor-section-height-default elementor-section-height-default\" data-id=\"c086586\" data-element_type=\"section\" data-e-type=\"section\">\n\t\t\t\t\t\t<div class=\"elementor-container elementor-column-gap-default\">\n\t\t\t\t\t<div class=\"elementor-column elementor-col-50 elementor-inner-column elementor-element elementor-element-23f16db\" data-id=\"23f16db\" data-element_type=\"column\" data-e-type=\"column\">\n\t\t\t<div class=\"elementor-widget-wrap elementor-element-populated\">\n\t\t\t\t\t\t<div class=\"elementor-element elementor-element-85e1009 elementor-widget elementor-widget-image\" data-id=\"85e1009\" data-element_type=\"widget\" data-e-type=\"widget\" data-widget_type=\"image.default\">\n\t\t\t\t<div class=\"elementor-widget-container\">\n\t\t\t\t\t\t\t\t\t\t\t\t\t\t\t<img fetchpriority=\"high\" decoding=\"async\" width=\"768\" height=\"1024\" src=\"https:\/\/kamboo-project.ngo\/wp-content\/uploads\/2023\/09\/f1b0f37d-2bbc-4c24-a74c-0c07e9f5145a-768x1024.jpg\" class=\"attachment-large size-large wp-image-12749\" alt=\"\" srcset=\"https:\/\/kamboo-project.ngo\/wp-content\/uploads\/2023\/09\/f1b0f37d-2bbc-4c24-a74c-0c07e9f5145a-768x1024.jpg 768w, https:\/\/kamboo-project.ngo\/wp-content\/uploads\/2023\/09\/f1b0f37d-2bbc-4c24-a74c-0c07e9f5145a-225x300.jpg 225w, https:\/\/kamboo-project.ngo\/wp-content\/uploads\/2023\/09\/f1b0f37d-2bbc-4c24-a74c-0c07e9f5145a.JPG 960w\" sizes=\"(max-width: 768px) 100vw, 768px\" \/>\t\t\t\t\t\t\t\t\t\t\t\t\t\t\t<\/div>\n\t\t\t\t<\/div>\n\t\t\t\t<div class=\"elementor-element elementor-element-ea8e9e9 elementor-widget elementor-widget-image\" data-id=\"ea8e9e9\" data-element_type=\"widget\" data-e-type=\"widget\" data-widget_type=\"image.default\">\n\t\t\t\t<div class=\"elementor-widget-container\">\n\t\t\t\t\t\t\t\t\t\t\t\t\t\t\t<img decoding=\"async\" width=\"800\" height=\"600\" src=\"https:\/\/kamboo-project.ngo\/wp-content\/uploads\/2023\/09\/ea620560-1d21-4107-83f9-c7f2602734de-1024x768.jpg\" class=\"attachment-large size-large wp-image-12746\" alt=\"\" srcset=\"https:\/\/kamboo-project.ngo\/wp-content\/uploads\/2023\/09\/ea620560-1d21-4107-83f9-c7f2602734de-1024x768.jpg 1024w, https:\/\/kamboo-project.ngo\/wp-content\/uploads\/2023\/09\/ea620560-1d21-4107-83f9-c7f2602734de-300x225.jpg 300w, https:\/\/kamboo-project.ngo\/wp-content\/uploads\/2023\/09\/ea620560-1d21-4107-83f9-c7f2602734de-768x576.jpg 768w, https:\/\/kamboo-project.ngo\/wp-content\/uploads\/2023\/09\/ea620560-1d21-4107-83f9-c7f2602734de.JPG 1280w\" sizes=\"(max-width: 800px) 100vw, 800px\" \/>\t\t\t\t\t\t\t\t\t\t\t\t\t\t\t<\/div>\n\t\t\t\t<\/div>\n\t\t\t\t\t<\/div>\n\t\t<\/div>\n\t\t\t\t<div class=\"elementor-column elementor-col-50 elementor-inner-column elementor-element elementor-element-245cd8f\" data-id=\"245cd8f\" data-element_type=\"column\" data-e-type=\"column\">\n\t\t\t<div class=\"elementor-widget-wrap elementor-element-populated\">\n\t\t\t\t\t\t<div class=\"elementor-element elementor-element-0d927f3 elementor-widget elementor-widget-image\" data-id=\"0d927f3\" data-element_type=\"widget\" data-e-type=\"widget\" data-widget_type=\"image.default\">\n\t\t\t\t<div class=\"elementor-widget-container\">\n\t\t\t\t\t\t\t\t\t\t\t\t\t\t\t<img decoding=\"async\" width=\"800\" height=\"600\" src=\"https:\/\/kamboo-project.ngo\/wp-content\/uploads\/2023\/09\/8740c464-e7f6-46df-b9d6-4b487ddf079a-1024x768.jpg\" class=\"attachment-large size-large wp-image-12743\" alt=\"\" srcset=\"https:\/\/kamboo-project.ngo\/wp-content\/uploads\/2023\/09\/8740c464-e7f6-46df-b9d6-4b487ddf079a-1024x768.jpg 1024w, https:\/\/kamboo-project.ngo\/wp-content\/uploads\/2023\/09\/8740c464-e7f6-46df-b9d6-4b487ddf079a-300x225.jpg 300w, https:\/\/kamboo-project.ngo\/wp-content\/uploads\/2023\/09\/8740c464-e7f6-46df-b9d6-4b487ddf079a-768x576.jpg 768w, https:\/\/kamboo-project.ngo\/wp-content\/uploads\/2023\/09\/8740c464-e7f6-46df-b9d6-4b487ddf079a.JPG 1280w\" sizes=\"(max-width: 800px) 100vw, 800px\" \/>\t\t\t\t\t\t\t\t\t\t\t\t\t\t\t<\/div>\n\t\t\t\t<\/div>\n\t\t\t\t<div class=\"elementor-element elementor-element-055b4c7 elementor-widget elementor-widget-image\" data-id=\"055b4c7\" data-element_type=\"widget\" data-e-type=\"widget\" data-widget_type=\"image.default\">\n\t\t\t\t<div class=\"elementor-widget-container\">\n\t\t\t\t\t\t\t\t\t\t\t\t\t\t\t<img loading=\"lazy\" decoding=\"async\" width=\"800\" height=\"600\" src=\"https:\/\/kamboo-project.ngo\/wp-content\/uploads\/2023\/09\/9c02b328-0f26-46f5-abf2-a502341adf4b-1024x768.jpg\" class=\"attachment-large size-large wp-image-12740\" alt=\"\" srcset=\"https:\/\/kamboo-project.ngo\/wp-content\/uploads\/2023\/09\/9c02b328-0f26-46f5-abf2-a502341adf4b-1024x768.jpg 1024w, https:\/\/kamboo-project.ngo\/wp-content\/uploads\/2023\/09\/9c02b328-0f26-46f5-abf2-a502341adf4b-300x225.jpg 300w, https:\/\/kamboo-project.ngo\/wp-content\/uploads\/2023\/09\/9c02b328-0f26-46f5-abf2-a502341adf4b-768x576.jpg 768w, https:\/\/kamboo-project.ngo\/wp-content\/uploads\/2023\/09\/9c02b328-0f26-46f5-abf2-a502341adf4b.JPG 1280w\" sizes=\"(max-width: 800px) 100vw, 800px\" \/>\t\t\t\t\t\t\t\t\t\t\t\t\t\t\t<\/div>\n\t\t\t\t<\/div>\n\t\t\t\t\t<\/div>\n\t\t<\/div>\n\t\t\t\t\t<\/div>\n\t\t<\/section>\n\t\t\t\t\t<\/div>\n\t\t<\/div>\n\t\t\t\t\t<\/div>\n\t\t<\/section>\n\t\t\t\t<\/div>\n\t\t","protected":false},"excerpt":{"rendered":"<p>Participer Soutenez-nous Construction? Eau? Hygi\u00e8ne? Des cours de langue ? Des notions p\u00e9dagogiques ? Programmes \u00e9ducatifs? Couvrir un toit ? Planter un jardin? Pr\u00e9parer un terrain de volley ? Donner des cours d&rsquo;anglais \u00e0 notre \u00e9quipe ? Connaissez-vous au moins quelque chose en comptabilit\u00e9 ? Vous souhaitez \u00e9quiper une \u00e9cole en ordinateurs portables et le [&hellip;]<\/p>\n","protected":false},"author":1,"featured_media":0,"parent":0,"menu_order":0,"comment_status":"closed","ping_status":"closed","template":"","meta":{"_acf_changed":false,"footnotes":""},"class_list":["post-9161","page","type-page","status-publish","hentry"],"acf":[],"aioseo_notices":[],"_links":{"self":[{"href":"https:\/\/kamboo-project.ngo\/fr\/wp-json\/wp\/v2\/pages\/9161","targetHints":{"allow":["GET"]}}],"collection":[{"href":"https:\/\/kamboo-project.ngo\/fr\/wp-json\/wp\/v2\/pages"}],"about":[{"href":"https:\/\/kamboo-project.ngo\/fr\/wp-json\/wp\/v2\/types\/page"}],"author":[{"embeddable":true,"href":"https:\/\/kamboo-project.ngo\/fr\/wp-json\/wp\/v2\/users\/1"}],"replies":[{"embeddable":true,"href":"https:\/\/kamboo-project.ngo\/fr\/wp-json\/wp\/v2\/comments?post=9161"}],"version-history":[{"count":38,"href":"https:\/\/kamboo-project.ngo\/fr\/wp-json\/wp\/v2\/pages\/9161\/revisions"}],"predecessor-version":[{"id":18052,"href":"https:\/\/kamboo-project.ngo\/fr\/wp-json\/wp\/v2\/pages\/9161\/revisions\/18052"}],"wp:attachment":[{"href":"https:\/\/kamboo-project.ngo\/fr\/wp-json\/wp\/v2\/media?parent=9161"}],"curies":[{"name":"wp","href":"https:\/\/api.w.org\/{rel}","templated":true}]}}