{"id":9169,"date":"2017-03-23T14:53:35","date_gmt":"2017-03-23T13:53:35","guid":{"rendered":"https:\/\/kamboo-project.ngo\/staging\/charities-aid-foundation-pour-les-dons-du-r-u\/"},"modified":"2023-06-23T12:59:05","modified_gmt":"2023-06-23T10:59:05","slug":"charities-aid-foundation-pour-les-dons-du-r-u","status":"publish","type":"page","link":"https:\/\/kamboo-project.ngo\/fr\/soutien-monetaire-aux-projets\/charities-aid-foundation-pour-les-dons-du-r-u\/","title":{"rendered":"Charities Aid Foundation (pour les dons du R.U.)"},"content":{"rendered":"\t\t<div data-elementor-type=\"wp-page\" data-elementor-id=\"9169\" class=\"elementor elementor-9169 elementor-6382\" data-elementor-post-type=\"page\">\n\t\t\t\t\t\t<section class=\"elementor-section elementor-top-section elementor-element elementor-element-9702c32 elementor-section-height-min-height elementor-section-boxed elementor-section-height-default elementor-section-items-middle\" data-id=\"9702c32\" data-element_type=\"section\" data-e-type=\"section\" data-settings=\"{&quot;background_background&quot;:&quot;classic&quot;}\">\n\t\t\t\t\t\t<div class=\"elementor-container elementor-column-gap-default\">\n\t\t\t\t\t<div class=\"elementor-column elementor-col-100 elementor-top-column elementor-element elementor-element-994e907\" data-id=\"994e907\" data-element_type=\"column\" data-e-type=\"column\">\n\t\t\t<div class=\"elementor-widget-wrap elementor-element-populated\">\n\t\t\t\t\t\t\t<\/div>\n\t\t<\/div>\n\t\t\t\t\t<\/div>\n\t\t<\/section>\n\t\t\t\t<section class=\"elementor-section elementor-top-section elementor-element elementor-element-8c470dd elementor-section-boxed elementor-section-height-default elementor-section-height-default\" data-id=\"8c470dd\" data-element_type=\"section\" data-e-type=\"section\">\n\t\t\t\t\t\t<div class=\"elementor-container elementor-column-gap-default\">\n\t\t\t\t\t<div class=\"elementor-column elementor-col-50 elementor-top-column elementor-element elementor-element-a054494\" data-id=\"a054494\" data-element_type=\"column\" data-e-type=\"column\">\n\t\t\t<div class=\"elementor-widget-wrap elementor-element-populated\">\n\t\t\t\t\t\t<div class=\"elementor-element elementor-element-fe2a151 elementor-widget elementor-widget-image\" data-id=\"fe2a151\" data-element_type=\"widget\" data-e-type=\"widget\" data-widget_type=\"image.default\">\n\t\t\t\t<div class=\"elementor-widget-container\">\n\t\t\t\t\t\t\t\t\t\t\t\t\t\t\t<img decoding=\"async\" width=\"300\" height=\"107\" src=\"https:\/\/kamboo-project.ngo\/wp-content\/uploads\/2023\/01\/image003.jpg\" class=\"attachment-large size-large wp-image-9000\" alt=\"\" \/>\t\t\t\t\t\t\t\t\t\t\t\t\t\t\t<\/div>\n\t\t\t\t<\/div>\n\t\t\t\t\t<\/div>\n\t\t<\/div>\n\t\t\t\t<div class=\"elementor-column elementor-col-50 elementor-top-column elementor-element elementor-element-0f3ee7c\" data-id=\"0f3ee7c\" data-element_type=\"column\" data-e-type=\"column\">\n\t\t\t<div class=\"elementor-widget-wrap\">\n\t\t\t\t\t\t\t<\/div>\n\t\t<\/div>\n\t\t\t\t\t<\/div>\n\t\t<\/section>\n\t\t\t\t<section class=\"elementor-section elementor-top-section elementor-element elementor-element-54574c8 elementor-section-boxed elementor-section-height-default elementor-section-height-default\" data-id=\"54574c8\" data-element_type=\"section\" data-e-type=\"section\">\n\t\t\t\t\t\t<div class=\"elementor-container elementor-column-gap-default\">\n\t\t\t\t\t<div class=\"elementor-column elementor-col-100 elementor-top-column elementor-element elementor-element-4064615\" data-id=\"4064615\" data-element_type=\"column\" data-e-type=\"column\">\n\t\t\t<div class=\"elementor-widget-wrap elementor-element-populated\">\n\t\t\t\t\t\t<div class=\"elementor-element elementor-element-96f18ff elementor-widget elementor-widget-text-editor\" data-id=\"96f18ff\" data-element_type=\"widget\" data-e-type=\"widget\" data-widget_type=\"text-editor.default\">\n\t\t\t\t<div class=\"elementor-widget-container\">\n\t\t\t\t\t\t\t\t\t<p class=\"bodytext\" style=\"box-sizing: inherit; margin-right: 0px; margin-bottom: 30px; margin-left: 0px; color: #686868; font-family: Roboto, sans-serif; font-size: 20px;\"><a style=\"box-sizing: inherit; background-image: initial; background-position: initial; background-size: initial; background-repeat: initial; background-attachment: initial; background-origin: initial; background-clip: initial; outline: none; color: #006699; transition: color 0.18s ease 0s, background-color 0.18s ease 0s, border-color 0.18s ease 0s;\" href=\"http:\/\/www.cafonline.org\/\" target=\"_blank\" rel=\"noopener noreferrer\">CAF UK<\/a> est le partenaire de Kamboo Project pour les dons fiscalement avantageux des donateurs domicili\u00e9s au Royaume-Uni. La CAF attribue des labels de qualit\u00e9 aux ONG nationales et \u00e9trang\u00e8res gr\u00e2ce \u00e0 un processus de v\u00e9rification strict que nous avons adopt\u00e9 en 2016. Les dons minimums trait\u00e9s par la CAF sont de 250 livres sterling. Malheureusement, la CAF ne permet pas \u00e0 l\u2019organisation caritative de g\u00e9rer le don au nom du donateur. Afin de faire un don et de recevoir un re\u00e7u fiscal, veuillez contacter directement CAF UK. G\u00e9n\u00e9ralement, la CAF vous fournira une d\u00e9claration d\u2019aide-cadeau, que vous leur retournez. Veuillez nous tenir au courant par e-mail afin que nous puissions vous aider \u00e0 suivre votre cadeau. Merci beaucoup!<\/p>\n<p class=\"bodytext\" style=\"box-sizing: inherit; margin-right: 0px; margin-bottom: 30px; margin-left: 0px; color: #686868; font-family: Roboto, sans-serif; font-size: 20px;\">D\u00e9tails du contact:<\/p>\n<p class=\"bodytext\" style=\"box-sizing: inherit; margin-right: 0px; margin-bottom: 30px; margin-left: 0px; color: #686868; font-family: Roboto, sans-serif; font-size: 20px;\">Courriel g\u00e9n\u00e9ral: <a style=\"box-sizing: inherit; background-image: initial; background-position: initial; background-size: initial; background-repeat: initial; background-attachment: initial; background-origin: initial; background-clip: initial; outline: none; color: #006699; transition: color 0.18s ease 0s, background-color 0.18s ease 0s, border-color 0.18s ease 0s;\" href=\"mailto:cafov@cafonline.org\">cafov@cafonline.org<\/a><\/p>\n<p class=\"bodytext\" style=\"box-sizing: inherit; margin-right: 0px; margin-bottom: 30px; margin-left: 0px; color: #686868; font-family: Roboto, sans-serif; font-size: 20px;\">Ms P. Lawrence<br style=\"box-sizing: inherit;\">Charities Aid Foundation United Kingdom<br style=\"box-sizing: inherit;\">Email: <a style=\"box-sizing: inherit; background-image: initial; background-position: initial; background-size: initial; background-repeat: initial; background-attachment: initial; background-origin: initial; background-clip: initial; outline: none; color: #006699; transition: color 0.18s ease 0s, background-color 0.18s ease 0s, border-color 0.18s ease 0s;\" href=\"mailto:plawrence@cafonline.org\">plawrence<wbr style=\"box-sizing: inherit;\"><\/wbr>@cafonline.org<\/a><\/p>\n\t\t\t\t\t\t\t\t<\/div>\n\t\t\t\t<\/div>\n\t\t\t\t\t<\/div>\n\t\t<\/div>\n\t\t\t\t\t<\/div>\n\t\t<\/section>\n\t\t\t\t<\/div>\n\t\t","protected":false},"excerpt":{"rendered":"<p>CAF UK est le partenaire de Kamboo Project pour les dons fiscalement avantageux des donateurs domicili\u00e9s au Royaume-Uni. La CAF attribue des labels de qualit\u00e9 aux ONG nationales et \u00e9trang\u00e8res gr\u00e2ce \u00e0 un processus de v\u00e9rification strict que nous avons adopt\u00e9 en 2016. Les dons minimums trait\u00e9s par la CAF sont de 250 livres sterling. [&hellip;]<\/p>\n","protected":false},"author":1,"featured_media":0,"parent":9135,"menu_order":0,"comment_status":"closed","ping_status":"closed","template":"","meta":{"_acf_changed":false,"footnotes":""},"class_list":["post-9169","page","type-page","status-publish","hentry"],"acf":[],"aioseo_notices":[],"_links":{"self":[{"href":"https:\/\/kamboo-project.ngo\/fr\/wp-json\/wp\/v2\/pages\/9169","targetHints":{"allow":["GET"]}}],"collection":[{"href":"https:\/\/kamboo-project.ngo\/fr\/wp-json\/wp\/v2\/pages"}],"about":[{"href":"https:\/\/kamboo-project.ngo\/fr\/wp-json\/wp\/v2\/types\/page"}],"author":[{"embeddable":true,"href":"https:\/\/kamboo-project.ngo\/fr\/wp-json\/wp\/v2\/users\/1"}],"replies":[{"embeddable":true,"href":"https:\/\/kamboo-project.ngo\/fr\/wp-json\/wp\/v2\/comments?post=9169"}],"version-history":[{"count":4,"href":"https:\/\/kamboo-project.ngo\/fr\/wp-json\/wp\/v2\/pages\/9169\/revisions"}],"predecessor-version":[{"id":11365,"href":"https:\/\/kamboo-project.ngo\/fr\/wp-json\/wp\/v2\/pages\/9169\/revisions\/11365"}],"up":[{"embeddable":true,"href":"https:\/\/kamboo-project.ngo\/fr\/wp-json\/wp\/v2\/pages\/9135"}],"wp:attachment":[{"href":"https:\/\/kamboo-project.ngo\/fr\/wp-json\/wp\/v2\/media?parent=9169"}],"curies":[{"name":"wp","href":"https:\/\/api.w.org\/{rel}","templated":true}]}}