{"id":9251,"date":"2017-03-12T13:54:34","date_gmt":"2017-03-12T12:54:34","guid":{"rendered":"https:\/\/kamboo-project.ngo\/staging\/mentions-legales\/"},"modified":"2023-06-23T10:30:21","modified_gmt":"2023-06-23T08:30:21","slug":"mentions-legales","status":"publish","type":"page","link":"https:\/\/kamboo-project.ngo\/fr\/mentions-legales\/","title":{"rendered":"Mentions l\u00e9gales"},"content":{"rendered":"\t\t<div data-elementor-type=\"wp-page\" data-elementor-id=\"9251\" class=\"elementor elementor-9251 elementor-6529\" data-elementor-post-type=\"page\">\n\t\t\t\t\t\t<section class=\"elementor-section elementor-top-section elementor-element elementor-element-edece76 elementor-section-height-min-height elementor-section-boxed elementor-section-height-default elementor-section-items-middle\" data-id=\"edece76\" data-element_type=\"section\" data-e-type=\"section\" data-settings=\"{&quot;background_background&quot;:&quot;classic&quot;}\">\n\t\t\t\t\t\t<div class=\"elementor-container elementor-column-gap-default\">\n\t\t\t\t\t<div class=\"elementor-column elementor-col-100 elementor-top-column elementor-element elementor-element-022bda2\" data-id=\"022bda2\" data-element_type=\"column\" data-e-type=\"column\">\n\t\t\t<div class=\"elementor-widget-wrap elementor-element-populated\">\n\t\t\t\t\t\t\t<\/div>\n\t\t<\/div>\n\t\t\t\t\t<\/div>\n\t\t<\/section>\n\t\t\t\t<section class=\"elementor-section elementor-top-section elementor-element elementor-element-b512e96 elementor-section-boxed elementor-section-height-default elementor-section-height-default\" data-id=\"b512e96\" data-element_type=\"section\" data-e-type=\"section\">\n\t\t\t\t\t\t<div class=\"elementor-container elementor-column-gap-default\">\n\t\t\t\t\t<div class=\"elementor-column elementor-col-50 elementor-top-column elementor-element elementor-element-e02e14f\" data-id=\"e02e14f\" data-element_type=\"column\" data-e-type=\"column\">\n\t\t\t<div class=\"elementor-widget-wrap elementor-element-populated\">\n\t\t\t\t\t\t<div class=\"elementor-element elementor-element-667b63e elementor-widget elementor-widget-text-editor\" data-id=\"667b63e\" data-element_type=\"widget\" data-e-type=\"widget\" data-widget_type=\"text-editor.default\">\n\t\t\t\t<div class=\"elementor-widget-container\">\n\t\t\t\t\t\t\t\t\t<p style=\"box-sizing: inherit; margin-right: 0px; margin-bottom: 30px; margin-left: 0px; color: #686868; font-family: Roboto, sans-serif; font-size: 20px;\"><strong style=\"box-sizing: inherit; font-weight: bold;\">Adresse de contact<\/strong><\/p>\n<p style=\"box-sizing: inherit; margin-right: 0px; margin-bottom: 0px; margin-left: 0px; color: #686868; font-family: Roboto, sans-serif; font-size: 20px;\">Kamboo Project<br style=\"box-sizing: inherit;\">Auf der Mauer 2<br style=\"box-sizing: inherit;\">8001 Z\u00fcrich<br style=\"box-sizing: inherit;\">Schweiz<\/p>\n\t\t\t\t\t\t\t\t<\/div>\n\t\t\t\t<\/div>\n\t\t\t\t\t<\/div>\n\t\t<\/div>\n\t\t\t\t<div class=\"elementor-column elementor-col-50 elementor-top-column elementor-element elementor-element-9acb15a\" data-id=\"9acb15a\" data-element_type=\"column\" data-e-type=\"column\">\n\t\t\t<div class=\"elementor-widget-wrap elementor-element-populated\">\n\t\t\t\t\t\t<div class=\"elementor-element elementor-element-64b4913 elementor-widget elementor-widget-text-editor\" data-id=\"64b4913\" data-element_type=\"widget\" data-e-type=\"widget\" data-widget_type=\"text-editor.default\">\n\t\t\t\t<div class=\"elementor-widget-container\">\n\t\t\t\t\t\t\t\t\t<h6 style=\"box-sizing: inherit; line-height: 1.25; margin: 0px 0px 30px; overflow-wrap: break-word; text-rendering: optimizelegibility; color: #1f1f1f; font-size: 16px; font-family: Roboto, sans-serif;\">Personnes autoris\u00e9es \u00e0 repr\u00e9senter l&rsquo;association<\/h6>\n<p style=\"box-sizing: inherit; margin-right: 0px; margin-bottom: 30px; margin-left: 0px; color: #686868; font-family: Roboto, sans-serif; font-size: 20px;\">Pr\u00e9sident :<br style=\"box-sizing: inherit;\">Thomas Gilbert<\/p>\n<p style=\"box-sizing: inherit; margin-right: 0px; margin-bottom: 0px; margin-left: 0px; color: #686868; font-family: Roboto, sans-serif; font-size: 20px;\">Vice-pr\u00e9sident :<br style=\"box-sizing: inherit;\">Kim Thurnherr<\/p>\n\t\t\t\t\t\t\t\t<\/div>\n\t\t\t\t<\/div>\n\t\t\t\t\t<\/div>\n\t\t<\/div>\n\t\t\t\t\t<\/div>\n\t\t<\/section>\n\t\t\t\t<section class=\"elementor-section elementor-top-section elementor-element elementor-element-74477af elementor-section-boxed elementor-section-height-default elementor-section-height-default\" data-id=\"74477af\" data-element_type=\"section\" data-e-type=\"section\">\n\t\t\t\t\t\t<div class=\"elementor-container elementor-column-gap-default\">\n\t\t\t\t\t<div class=\"elementor-column elementor-col-100 elementor-top-column elementor-element elementor-element-231f96b\" data-id=\"231f96b\" data-element_type=\"column\" data-e-type=\"column\">\n\t\t\t<div class=\"elementor-widget-wrap elementor-element-populated\">\n\t\t\t\t\t\t<div class=\"elementor-element elementor-element-fd5f5a8 elementor-widget elementor-widget-text-editor\" data-id=\"fd5f5a8\" data-element_type=\"widget\" data-e-type=\"widget\" data-widget_type=\"text-editor.default\">\n\t\t\t\t<div class=\"elementor-widget-container\">\n\t\t\t\t\t\t\t\t\t<p style=\"box-sizing: inherit; margin-right: 0px; margin-bottom: 30px; margin-left: 0px; color: #686868; font-family: Roboto, sans-serif; font-size: 20px;\">Mentions l\u00e9gales<\/p>\n<p style=\"box-sizing: inherit; margin-right: 0px; margin-bottom: 30px; margin-left: 0px; color: #686868; font-family: Roboto, sans-serif; font-size: 20px;\">Contenu<br style=\"box-sizing: inherit;\">L&rsquo;association Kamboo Project (\u00ab\u00a0nous\u00a0\u00bb) veille avec le plus grand soin \u00e0 ce que le contenu de ses pages web soit actualis\u00e9, correct et appropri\u00e9. Nous ne pouvons toutefois pas offrir une telle garantie. Nous sommes en droit de modifier, de supprimer ou d&rsquo;\u00e9tendre le site web \u00e0 tout moment et sans pr\u00e9avis. Nous d\u00e9clinons toute responsabilit\u00e9 quant au contenu des sites web de Kamboo Project, qu&rsquo;il s&rsquo;agisse de dommages ou de d\u00e9sinformation, sauf si la loi en vigueur l&rsquo;impose.<\/p>\n<p style=\"box-sizing: inherit; margin-right: 0px; margin-bottom: 30px; margin-left: 0px; color: #686868; font-family: Roboto, sans-serif; font-size: 20px;\">Droits d&rsquo;auteur<br style=\"box-sizing: inherit;\">Tous les droits sont r\u00e9serv\u00e9s et d\u00e9tenus par Kamboo Project pour les informations publi\u00e9es sur nos sites web, telles que les textes, les images, les vid\u00e9os et autres. La reproduction, l&rsquo;exportation ou toute autre utilisation de telles informations n\u00e9cessite l&rsquo;autorisation \u00e9crite expresse de Kamboo Project. Si des informations sont utilis\u00e9es sans une telle autorisation, Kamboo Project est en droit de prendre des mesures juridiques pour r\u00e9tablir une situation l\u00e9gale. Une telle utilisation abusive des informations entra\u00eene la responsabilit\u00e9 de la personne qui utilise les donn\u00e9es en question pour tout type de dommage.<\/p>\n<p style=\"box-sizing: inherit; margin-right: 0px; margin-bottom: 30px; margin-left: 0px; color: #686868; font-family: Roboto, sans-serif; font-size: 20px;\">Consommation de donn\u00e9es<br style=\"box-sizing: inherit;\">Vos donn\u00e9es personnelles seront trait\u00e9es conform\u00e9ment aux dispositions de la l\u00e9gislation applicable en mati\u00e8re de protection des donn\u00e9es. Les dispositions suivantes d\u00e9crivent la nature, l&rsquo;\u00e9tendue et la finalit\u00e9 de la collecte, du traitement et de l&rsquo;utilisation des donn\u00e9es \u00e0 caract\u00e8re personnel.<br style=\"box-sizing: inherit;\">(1) La pr\u00e9sente d\u00e9claration de confidentialit\u00e9 s&rsquo;applique uniquement aux sites web de Kamboo Project. Si des liens sur nos pages vous renvoient \u00e0 d&rsquo;autres pages, veuillez vous renseigner aupr\u00e8s de celles-ci sur la mani\u00e8re dont vos donn\u00e9es sont trait\u00e9es dans de tels cas. Kamboo Project n&rsquo;assume aucune responsabilit\u00e9 pour les sites web qui ne sont pas mis \u00e0 disposition par Kamboo Project lui-m\u00eame.<br style=\"box-sizing: inherit;\">(2) Vos donn\u00e9es personnelles, dans la mesure o\u00f9 elles sont n\u00e9cessaires \u00e0 une relation contractuelle, sont utilis\u00e9es pour l&rsquo;ex\u00e9cution du contrat. Par exemple, pour les marchandises qui doivent \u00eatre livr\u00e9es, vous devez communiquer votre nom et votre adresse au fournisseur des marchandises.<br style=\"box-sizing: inherit;\">(3) Vos donn\u00e9es personnelles ne seront pas transmises \u00e0 des tiers sans votre consentement explicite ou sans base juridique, \u00e0 moins que cela ne soit n\u00e9cessaire \u00e0 l&rsquo;ex\u00e9cution d&rsquo;un contrat.<br style=\"box-sizing: inherit;\">(4) Kamboo Project est autoris\u00e9 \u00e0 utiliser les donn\u00e9es personnelles pour vous fournir tout type d&rsquo;information \u00e9troitement li\u00e9e \u00e0 Kamboo Project et \u00e0 ses activit\u00e9s, \u00e0 moins que vous ne communiquiez votre refus \u00e0 Kamboo Project.<br style=\"box-sizing: inherit;\">(5) Ce site web utilise Google Analytics, un service d&rsquo;analyse web de Google Inc. Google Analytics utilise des cookies, qui sont des fichiers texte plac\u00e9s sur votre ordinateur, pour aider le site internet \u00e0 analyser l&rsquo;utilisation du site par ses utilisateurs. Ce site utilise Google Analytics avec l&rsquo;extension \u00ab\u00a0anonymizeIP ()\u00a0\u00bb, les adresses IP \u00e9tant raccourcies avant tout traitement ult\u00e9rieur afin d&rsquo;exclure tout lien direct avec des personnes. Vous pouvez emp\u00eacher l&rsquo;enregistrement de cookies en configurant votre logiciel de navigation en cons\u00e9quence ; dans ce cas, veuillez noter que vous ne pourrez peut-\u00eatre pas utiliser toutes les fonctions de ce site web.<br style=\"box-sizing: inherit;\">(6) Afin d&rsquo;optimiser notre pr\u00e9sence sur le web, les pages web de Kamboo Project utilisent des cookies. Il s&rsquo;agit de petits fichiers texte stock\u00e9s dans la m\u00e9moire principale de votre ordinateur. Ces cookies sont supprim\u00e9s apr\u00e8s la fermeture du navigateur. D&rsquo;autres cookies restent sur votre ordinateur (cookies \u00e0 long terme) et vous permettent de les reconna\u00eetre lors de votre prochaine visite. Cela nous permet d&rsquo;am\u00e9liorer votre acc\u00e8s \u00e0 notre site web. Vous pouvez emp\u00eacher l&rsquo;enregistrement de cookies en s\u00e9lectionnant l&rsquo;option \u00ab\u00a0D\u00e9sactiver les cookies\u00a0\u00bb dans les param\u00e8tres de votre navigateur. Cela peut limiter la fonctionnalit\u00e9 de nos offres Internet.<br style=\"box-sizing: inherit;\">(7) Les pages web de Kamboo Project utilisent des plug-ins sociaux de facebook.com, exploit\u00e9 par Facebook Inc, 1601 S. California Ave, Palo Alto, CA 94304, USA. Les plugins sont reconnaissables au logo Facebook ou \u00e0 la mention \u00ab\u00a0Facebook Social Plug-in\u00a0\u00bb. Pour plus de d\u00e9tails sur le traitement de vos donn\u00e9es personnelles par Facebook et sur vos droits \u00e0 cet \u00e9gard, veuillez consulter la d\u00e9claration de confidentialit\u00e9 de Facebook : http:\/\/www.facebook.com\/policy.php<br style=\"box-sizing: inherit;\">(8) Les pages web de Kamboo Project utilisent des plug-ins sociaux de Twitter.com, exploit\u00e9 par Twitter Inc. 795 Folsom St., Suite 600, San Francisco, CA 94107. Lorsque vous utilisez Retweet, les sites web que vous visitez sont transmis \u00e0 des tiers et reli\u00e9s \u00e0 votre compte Twitter. Vous trouverez des d\u00e9tails sur l&rsquo;utilisation de vos donn\u00e9es par Twitter ainsi que sur vos droits et possibilit\u00e9s de param\u00e9trage pour la protection de vos donn\u00e9es personnelles dans la d\u00e9claration de confidentialit\u00e9 de Twitter : http:\/\/twitter.com\/privacy<br style=\"box-sizing: inherit;\">(9) Conform\u00e9ment \u00e0 la loi f\u00e9d\u00e9rale sur la protection des donn\u00e9es, vous avez le droit d&rsquo;obtenir gratuitement des informations sur vos donn\u00e9es enregistr\u00e9es et, le cas \u00e9ch\u00e9ant, un droit de rectification, de blocage ou de suppression de ces donn\u00e9es. Les demandes peuvent \u00eatre envoy\u00e9es aux adresses \u00e9lectroniques suivantes : (info@kamboo-project.ngo)<\/p>\n<p style=\"box-sizing: inherit; margin-right: 0px; margin-bottom: 0px; margin-left: 0px; color: #686868; font-family: Roboto, sans-serif; font-size: 20px;\">Dispositions finales<br style=\"box-sizing: inherit;\">(1) Les dispositions de la pr\u00e9sente clause de non-responsabilit\u00e9 font partie int\u00e9grante des sites web de Kamboo Project et ne n\u00e9cessitent pas l&rsquo;accord des utilisateurs des sites web.<br style=\"box-sizing: inherit;\">(2) Tout litige concernant les sites web de Kamboo Project sera exclusivement tranch\u00e9 par un tribunal de Zurich, Suisse. Le droit applicable est le droit suisse.<br style=\"box-sizing: inherit;\">(3) Si l&rsquo;une des dispositions de la pr\u00e9sente clause de non-responsabilit\u00e9 s&rsquo;av\u00e9rait ill\u00e9gale ou invalide d&rsquo;une autre mani\u00e8re, les autres dispositions n&rsquo;en seraient pas affect\u00e9es et conserveraient leur validit\u00e9.<\/p>\n\t\t\t\t\t\t\t\t<\/div>\n\t\t\t\t<\/div>\n\t\t\t\t\t<\/div>\n\t\t<\/div>\n\t\t\t\t\t<\/div>\n\t\t<\/section>\n\t\t\t\t<\/div>\n\t\t","protected":false},"excerpt":{"rendered":"<p>Adresse de contact Kamboo ProjectAuf der Mauer 28001 Z\u00fcrichSchweiz Personnes autoris\u00e9es \u00e0 repr\u00e9senter l&rsquo;association Pr\u00e9sident :Thomas Gilbert Vice-pr\u00e9sident :Kim Thurnherr Mentions l\u00e9gales ContenuL&rsquo;association Kamboo Project (\u00ab\u00a0nous\u00a0\u00bb) veille avec le plus grand soin \u00e0 ce que le contenu de ses pages web soit actualis\u00e9, correct et appropri\u00e9. Nous ne pouvons toutefois pas offrir une telle garantie. [&hellip;]<\/p>\n","protected":false},"author":1,"featured_media":0,"parent":0,"menu_order":0,"comment_status":"closed","ping_status":"closed","template":"","meta":{"_acf_changed":false,"footnotes":""},"class_list":["post-9251","page","type-page","status-publish","hentry"],"acf":[],"aioseo_notices":[],"_links":{"self":[{"href":"https:\/\/kamboo-project.ngo\/fr\/wp-json\/wp\/v2\/pages\/9251","targetHints":{"allow":["GET"]}}],"collection":[{"href":"https:\/\/kamboo-project.ngo\/fr\/wp-json\/wp\/v2\/pages"}],"about":[{"href":"https:\/\/kamboo-project.ngo\/fr\/wp-json\/wp\/v2\/types\/page"}],"author":[{"embeddable":true,"href":"https:\/\/kamboo-project.ngo\/fr\/wp-json\/wp\/v2\/users\/1"}],"replies":[{"embeddable":true,"href":"https:\/\/kamboo-project.ngo\/fr\/wp-json\/wp\/v2\/comments?post=9251"}],"version-history":[{"count":4,"href":"https:\/\/kamboo-project.ngo\/fr\/wp-json\/wp\/v2\/pages\/9251\/revisions"}],"predecessor-version":[{"id":11390,"href":"https:\/\/kamboo-project.ngo\/fr\/wp-json\/wp\/v2\/pages\/9251\/revisions\/11390"}],"wp:attachment":[{"href":"https:\/\/kamboo-project.ngo\/fr\/wp-json\/wp\/v2\/media?parent=9251"}],"curies":[{"name":"wp","href":"https:\/\/api.w.org\/{rel}","templated":true}]}}