{"id":9255,"date":"2017-10-28T16:57:32","date_gmt":"2017-10-28T14:57:32","guid":{"rendered":"https:\/\/kamboo-project.ngo\/staging\/medias-presse\/"},"modified":"2026-01-04T20:31:47","modified_gmt":"2026-01-04T19:31:47","slug":"medias-presse","status":"publish","type":"page","link":"https:\/\/kamboo-project.ngo\/fr\/a-propos-de-kamboo-project\/medias-presse\/","title":{"rendered":"M\u00e9dias \/ Presse"},"content":{"rendered":"\t\t<div data-elementor-type=\"wp-page\" data-elementor-id=\"9255\" class=\"elementor elementor-9255 elementor-6256\" data-elementor-post-type=\"page\">\n\t\t\t\t\t\t<section class=\"elementor-section elementor-top-section elementor-element elementor-element-de140b5 elementor-section-height-min-height elementor-section-boxed elementor-section-height-default elementor-section-items-middle\" data-id=\"de140b5\" data-element_type=\"section\" data-e-type=\"section\" data-settings=\"{&quot;background_background&quot;:&quot;classic&quot;}\">\n\t\t\t\t\t\t<div class=\"elementor-container elementor-column-gap-default\">\n\t\t\t\t\t<div class=\"elementor-column elementor-col-100 elementor-top-column elementor-element elementor-element-b4e1be9\" data-id=\"b4e1be9\" data-element_type=\"column\" data-e-type=\"column\">\n\t\t\t<div class=\"elementor-widget-wrap elementor-element-populated\">\n\t\t\t\t\t\t<div class=\"elementor-element elementor-element-2593aa2 elementor-widget elementor-widget-heading\" data-id=\"2593aa2\" data-element_type=\"widget\" data-e-type=\"widget\" data-widget_type=\"heading.default\">\n\t\t\t\t<div class=\"elementor-widget-container\">\n\t\t\t\t\t<h2 class=\"elementor-heading-title elementor-size-default\">M\u00e9dias \/ Presse <\/h2>\t\t\t\t<\/div>\n\t\t\t\t<\/div>\n\t\t\t\t\t<\/div>\n\t\t<\/div>\n\t\t\t\t\t<\/div>\n\t\t<\/section>\n\t\t\t\t<section class=\"elementor-section elementor-top-section elementor-element elementor-element-7c6946f elementor-section-boxed elementor-section-height-default elementor-section-height-default\" data-id=\"7c6946f\" data-element_type=\"section\" data-e-type=\"section\">\n\t\t\t\t\t\t<div class=\"elementor-container elementor-column-gap-default\">\n\t\t\t\t\t<div class=\"elementor-column elementor-col-100 elementor-top-column elementor-element elementor-element-4d042aa\" data-id=\"4d042aa\" data-element_type=\"column\" data-e-type=\"column\">\n\t\t\t<div class=\"elementor-widget-wrap elementor-element-populated\">\n\t\t\t\t\t\t<div class=\"elementor-element elementor-element-8aaff32 elementor-widget elementor-widget-heading\" data-id=\"8aaff32\" data-element_type=\"widget\" data-e-type=\"widget\" data-widget_type=\"heading.default\">\n\t\t\t\t<div class=\"elementor-widget-container\">\n\t\t\t\t\t<h2 class=\"elementor-heading-title elementor-size-default\">Nos publications dans les m\u00e9dias<\/h2>\t\t\t\t<\/div>\n\t\t\t\t<\/div>\n\t\t\t\t\t<\/div>\n\t\t<\/div>\n\t\t\t\t\t<\/div>\n\t\t<\/section>\n\t\t\t\t<section class=\"elementor-section elementor-top-section elementor-element elementor-element-242b51d elementor-section-boxed elementor-section-height-default elementor-section-height-default\" data-id=\"242b51d\" data-element_type=\"section\" data-e-type=\"section\">\n\t\t\t\t\t\t<div class=\"elementor-container elementor-column-gap-default\">\n\t\t\t\t\t<div class=\"elementor-column elementor-col-100 elementor-top-column elementor-element elementor-element-1e96dc5\" data-id=\"1e96dc5\" data-element_type=\"column\" data-e-type=\"column\">\n\t\t\t<div class=\"elementor-widget-wrap elementor-element-populated\">\n\t\t\t\t\t\t<div class=\"elementor-element elementor-element-a11f8e9 elementor-widget elementor-widget-text-editor\" data-id=\"a11f8e9\" data-element_type=\"widget\" data-e-type=\"widget\" data-widget_type=\"text-editor.default\">\n\t\t\t\t<div class=\"elementor-widget-container\">\n\t\t\t\t\t\t\t\t\t<ul><li><a href=\"https:\/\/old.kamboo-project.ngo\/wp-content\/uploads\/2017\/10\/2017-10-13_Davoser_Zeitung.pdf\" target=\"_blank\" rel=\"attachment wp-att-3525 noopener\">Davoser_Zeitung<\/a>\u00a0(13.10.2017)<\/li><li><div><a href=\"https:\/\/www.srf.ch\/play\/tv\/mitenand\/video\/kambodscha---ein-velo-fuer-eine-bessere-zukunft?urn=urn:srf:video:9f8f88cf-f2fe-4ece-b6b5-11b56994b558\">Documentaire de la t\u00e9l\u00e9vision suisse \u00ab SRF mitenand \u00bb sur Kamboo Project<\/a> (22.05.2022)<br \/>Cambodge \u2013 Un v\u00e9lo pour un avenir meilleur<br \/>Depuis le d\u00e9c\u00e8s de la m\u00e8re de Say Sophea, la jeune fille de 13 ans g\u00e8re le m\u00e9nage de sa famille. Elle fait le m\u00e9nage, la cuisine et s&rsquo;occupe de ses trois fr\u00e8res et s\u0153urs. Il ne lui reste que peu de temps pour l&rsquo;\u00e9cole. Depuis qu&rsquo;elle poss\u00e8de un v\u00e9lo, cela a chang\u00e9. Un reportage de Mitja Rietbrock.<\/div><\/li><li><a href=\"https:\/\/kamboo-project.ngo\/wp-content\/uploads\/2023\/06\/Davoser-Zeitung_2023-05-26.pdf\" target=\"_blank\" rel=\"attachment wp-att-3525 noopener\">Davoser Zeitung<\/a>\u00a0(26.05.2023)<\/li><li><a href=\"https:\/\/search.app\/CpbFDzn3j2X2pYZs7\" target=\"_blank\" rel=\"attachment wp-att-3525 noopener\">Phnom Penh Post<\/a> (04.07.2024)<\/li><li><a href=\"https:\/\/kamboo-project.ngo\/wp-content\/uploads\/2025\/03\/Reformiert-Ausgabe-Marz-2025.pdf\" target=\"_blank\" rel=\"noopener\">Reformiert (Inserate)<\/a> (Mars 2025)<\/li><li><a href=\"https:\/\/kamboo-project.ngo\/wp-content\/uploads\/2025\/03\/Berner-Landbote-05.03.2025.pdf\" target=\"_blank\" rel=\"noopener\">Berner Landbote <\/a>(05.03.2025)<br \/><div class=\"ArticleTitleHeader_root__vTk76\"><p id=\"tw-target-text\" class=\"tw-data-text tw-text-large tw-ta\" dir=\"ltr\" data-placeholder=\"\u00dcbersetzung\" data-ved=\"2ahUKEwj8wryVroqMAxVE0gIHHcBeHM0Q3ewLegQICBAU\" aria-label=\"\u00dcbersetzter Text: B\u00e9n\u00e9vole retrait\u00e9\u00a0: \u00c0 80\u00a0ans, il s'est rendu au Cambodge pour une organisation humanitaire. Les organisations humanitaires \u00e0 l'\u00e9tranger emploient g\u00e9n\u00e9ralement des jeunes comme b\u00e9n\u00e9voles. Martin Forderkunz, de Toffen, fait exception.\"><span class=\"Y2IQFc\" lang=\"fr\">B\u00e9n\u00e9vole retrait\u00e9\u00a0: \u00c0 80\u00a0ans, il s&rsquo;est rendu au Cambodge pour une organisation humanitaire. Les organisations humanitaires \u00e0 l&rsquo;\u00e9tranger emploient g\u00e9n\u00e9ralement des jeunes comme b\u00e9n\u00e9voles. Martin Forderkunz, de Toffen, fait exception.<\/span><\/p><p><a href=\"https:\/\/kamboo-project.ngo\/wp-content\/uploads\/2025\/03\/Berner-Zeitung-12.03.2025.pdf\" target=\"_blank\" rel=\"noopener\">Berner Zeitung <\/a>(12.03.2025)<\/p><\/div><p><a href=\"https:\/\/kamboo-project.ngo\/wp-content\/uploads\/2025\/04\/617fa09a-fa60-4147-a590-4ec392bf5ea6.mp4\" target=\"_blank\" rel=\"noopener\">Finanzmesse &rsquo;25<\/a> (April 2025)<\/p><\/li><li><a href=\"https:\/\/kamboo-project.ngo\/wp-content\/uploads\/2026\/01\/Kamboo-Project_Snowtimes-Davos.pdf\" target=\"_blank\" rel=\"noopener\">Magazin Snowtimes 2026<\/a> (Janvier 2026)<\/li><\/ul>\t\t\t\t\t\t\t\t<\/div>\n\t\t\t\t<\/div>\n\t\t\t\t\t<\/div>\n\t\t<\/div>\n\t\t\t\t\t<\/div>\n\t\t<\/section>\n\t\t\t\t<\/div>\n\t\t","protected":false},"excerpt":{"rendered":"<p>M\u00e9dias \/ Presse Nos publications dans les m\u00e9dias Davoser_Zeitung\u00a0(13.10.2017) Documentaire de la t\u00e9l\u00e9vision suisse \u00ab SRF mitenand \u00bb sur Kamboo Project (22.05.2022)Cambodge \u2013 Un v\u00e9lo pour un avenir meilleurDepuis le d\u00e9c\u00e8s de la m\u00e8re de Say Sophea, la jeune fille de 13 ans g\u00e8re le m\u00e9nage de sa famille. Elle fait le m\u00e9nage, la cuisine [&hellip;]<\/p>\n","protected":false},"author":1,"featured_media":0,"parent":9116,"menu_order":0,"comment_status":"closed","ping_status":"closed","template":"","meta":{"_acf_changed":false,"footnotes":""},"class_list":["post-9255","page","type-page","status-publish","hentry"],"acf":[],"aioseo_notices":[],"_links":{"self":[{"href":"https:\/\/kamboo-project.ngo\/fr\/wp-json\/wp\/v2\/pages\/9255","targetHints":{"allow":["GET"]}}],"collection":[{"href":"https:\/\/kamboo-project.ngo\/fr\/wp-json\/wp\/v2\/pages"}],"about":[{"href":"https:\/\/kamboo-project.ngo\/fr\/wp-json\/wp\/v2\/types\/page"}],"author":[{"embeddable":true,"href":"https:\/\/kamboo-project.ngo\/fr\/wp-json\/wp\/v2\/users\/1"}],"replies":[{"embeddable":true,"href":"https:\/\/kamboo-project.ngo\/fr\/wp-json\/wp\/v2\/comments?post=9255"}],"version-history":[{"count":31,"href":"https:\/\/kamboo-project.ngo\/fr\/wp-json\/wp\/v2\/pages\/9255\/revisions"}],"predecessor-version":[{"id":19188,"href":"https:\/\/kamboo-project.ngo\/fr\/wp-json\/wp\/v2\/pages\/9255\/revisions\/19188"}],"up":[{"embeddable":true,"href":"https:\/\/kamboo-project.ngo\/fr\/wp-json\/wp\/v2\/pages\/9116"}],"wp:attachment":[{"href":"https:\/\/kamboo-project.ngo\/fr\/wp-json\/wp\/v2\/media?parent=9255"}],"curies":[{"name":"wp","href":"https:\/\/api.w.org\/{rel}","templated":true}]}}